{"id":1065,"date":"2020-10-19T14:10:34","date_gmt":"2020-10-19T12:10:34","guid":{"rendered":"http:\/\/blidor-webshop-staging.ch.merlin.ch-meta.net\/shop\/import-placeholder-for-1510\/"},"modified":"2026-03-23T19:57:20","modified_gmt":"2026-03-23T18:57:20","slug":"savon-au-citron","status":"publish","type":"product","link":"https:\/\/blidor.ch\/fr\/webshop\/citron-zitronenseife\/","title":{"rendered":"Citron - Savon au citron (6 pces)"},"content":{"rendered":"<h2>Plus qu'un accroche-regard - le savon d\u00e9coratif au citron<\/h2>\n<p>Le savon a une d\u00e9licieuse odeur de citron, il est doux et hydrate gr\u00e2ce \u00e0 ses ingr\u00e9dients de soin. Les citrons jaunes fluorescents ne sont pas seulement trompeurs, ils sentent aussi tr\u00e8s bon. Le d\u00e9licat parfum d'agrumes est particuli\u00e8rement agr\u00e9able en \u00e9t\u00e9.  Le site <a href=\"\/fr\/savon\/\">Savon<\/a> attire \u00e0 coup s\u00fbr l'attention et permet d'attirer le regard dans la cuisine et la salle de bains. Maintenant avec un nouveau parfum.<\/p>\n<p><strong>Remarque :<\/strong> Pour CHF 39.90, vous recevez 6 savons au citron de 100 grammes chacun.<\/p>\n<h2>Autres <a href=\"\/fr\/savon\/\">savons de qualit\u00e9<\/a><\/h2>\n<p>Outre le savon au citron, nous proposons d'autres savons de qualit\u00e9. Plonge dans l'univers de nos <a href=\"\/fr\/savon\/\">Savons<\/a> et trouver le meilleur choix pour toi.<\/p>","protected":false},"excerpt":{"rendered":"<p>Un petit accroche-regard dans chaque salle de bains d'invit\u00e9s ou simplement un savon amusant pour vos enfants. Le savon pour les mains en forme de citron, au parfum stimulant et au pouvoir nettoyant imbattable du citron, rafra\u00eechit chaque salle de bains. (Nouveau parfum)<\/p>","protected":false},"featured_media":6057,"comment_status":"open","ping_status":"closed","template":"","meta":[],"product_brand":[],"product_cat":[34,37],"product_tag":[615,814,813,771],"class_list":{"0":"post-1065","1":"product","2":"type-product","3":"status-publish","4":"has-post-thumbnail","6":"product_cat-hygiene","7":"product_cat-seife","8":"product_tag-erfrischend","9":"product_tag-hygiene","10":"product_tag-seife","11":"product_tag-zitrone","13":"first","14":"instock","15":"taxable","16":"shipping-taxable","17":"purchasable","18":"product-type-simple"},"_links":{"self":[{"href":"https:\/\/blidor.ch\/fr\/wp-json\/wp\/v2\/product\/1065","targetHints":{"allow":["GET"]}}],"collection":[{"href":"https:\/\/blidor.ch\/fr\/wp-json\/wp\/v2\/product"}],"about":[{"href":"https:\/\/blidor.ch\/fr\/wp-json\/wp\/v2\/types\/product"}],"replies":[{"embeddable":true,"href":"https:\/\/blidor.ch\/fr\/wp-json\/wp\/v2\/comments?post=1065"}],"version-history":[{"count":0,"href":"https:\/\/blidor.ch\/fr\/wp-json\/wp\/v2\/product\/1065\/revisions"}],"wp:featuredmedia":[{"embeddable":true,"href":"https:\/\/blidor.ch\/fr\/wp-json\/wp\/v2\/media\/6057"}],"wp:attachment":[{"href":"https:\/\/blidor.ch\/fr\/wp-json\/wp\/v2\/media?parent=1065"}],"wp:term":[{"taxonomy":"product_brand","embeddable":true,"href":"https:\/\/blidor.ch\/fr\/wp-json\/wp\/v2\/product_brand?post=1065"},{"taxonomy":"product_cat","embeddable":true,"href":"https:\/\/blidor.ch\/fr\/wp-json\/wp\/v2\/product_cat?post=1065"},{"taxonomy":"product_tag","embeddable":true,"href":"https:\/\/blidor.ch\/fr\/wp-json\/wp\/v2\/product_tag?post=1065"}],"curies":[{"name":"wp","href":"https:\/\/api.w.org\/{rel}","templated":true}]}}