{"id":1064,"date":"2020-10-19T14:10:34","date_gmt":"2020-10-19T12:10:34","guid":{"rendered":"http:\/\/blidor-webshop-staging.ch.merlin.ch-meta.net\/shop\/import-placeholder-for-1536\/"},"modified":"2023-08-15T10:54:33","modified_gmt":"2023-08-15T08:54:33","slug":"chiffon-microfibre-blanc","status":"publish","type":"product","link":"https:\/\/blidor.ch\/fr\/webshop\/microfasertuch-weiss\/","title":{"rendered":"Chiffon en microfibres blanc"},"content":{"rendered":"<h2>Nettoyer efficacement les surfaces lisses tout en respectant l'environnement<\/h2>\n<p>Le chiffon microfibre blanc nettoie toutes les surfaces lisses sans laisser de traces, sans ajout de produits chimiques. Il convient particuli\u00e8rement aux fen\u00eatres, au verre, au chrome et au plastique. Il \u00e9limine les particules de salet\u00e9, les graisses et les huiles. Ces r\u00e9sidus peuvent \u00eatre enti\u00e8rement \u00e9limin\u00e9s en machine \u00e0 laver jusqu'\u00e0 95\u00b0C. Pour ce faire, renoncez aux adoucissants et au s\u00e8che-linge afin de pr\u00e9server la structure ultrafine du chiffon.<\/p>","protected":false},"excerpt":{"rendered":"<p class=\"bodytext\">Nettoyage sans traces ni peluches de toutes les surfaces lisses comme les fen\u00eatres, le verre, les miroirs, le chrome, le plastique, etc. Respectueux de l'environnement, utilisable sans additifs chimiques, longue dur\u00e9e de vie. Lavable jusqu'\u00e0 95\u00b0C.<\/p>\n<p class=\"bodytext\">\u00a0dimensions : environ 60 x 45 cm<\/p>\n<p class=\"bodytext\"><b><strong>Commandez nos trois chiffons en microfibre dans un set avantageux de 3 pi\u00e8ces.<\/strong><\/b><\/p>","protected":false},"featured_media":1487,"comment_status":"open","ping_status":"closed","template":"","meta":[],"product_brand":[],"product_cat":[82,28],"product_tag":[861,862,864,860,854,863,855],"class_list":{"0":"post-1064","1":"product","2":"type-product","3":"status-publish","4":"has-post-thumbnail","6":"product_cat-accessoires","7":"product_cat-reinigung","8":"product_tag-fenster","9":"product_tag-glas","10":"product_tag-glatte-flaechen","11":"product_tag-glatte-oberflaechen","12":"product_tag-microfasertuch","13":"product_tag-ohne-zusatz","14":"product_tag-streifenfrei","16":"first","17":"instock","18":"taxable","19":"shipping-taxable","20":"purchasable","21":"product-type-variable","22":"has-default-attributes"},"_links":{"self":[{"href":"https:\/\/blidor.ch\/fr\/wp-json\/wp\/v2\/product\/1064","targetHints":{"allow":["GET"]}}],"collection":[{"href":"https:\/\/blidor.ch\/fr\/wp-json\/wp\/v2\/product"}],"about":[{"href":"https:\/\/blidor.ch\/fr\/wp-json\/wp\/v2\/types\/product"}],"replies":[{"embeddable":true,"href":"https:\/\/blidor.ch\/fr\/wp-json\/wp\/v2\/comments?post=1064"}],"version-history":[{"count":0,"href":"https:\/\/blidor.ch\/fr\/wp-json\/wp\/v2\/product\/1064\/revisions"}],"wp:featuredmedia":[{"embeddable":true,"href":"https:\/\/blidor.ch\/fr\/wp-json\/wp\/v2\/media\/1487"}],"wp:attachment":[{"href":"https:\/\/blidor.ch\/fr\/wp-json\/wp\/v2\/media?parent=1064"}],"wp:term":[{"taxonomy":"product_brand","embeddable":true,"href":"https:\/\/blidor.ch\/fr\/wp-json\/wp\/v2\/product_brand?post=1064"},{"taxonomy":"product_cat","embeddable":true,"href":"https:\/\/blidor.ch\/fr\/wp-json\/wp\/v2\/product_cat?post=1064"},{"taxonomy":"product_tag","embeddable":true,"href":"https:\/\/blidor.ch\/fr\/wp-json\/wp\/v2\/product_tag?post=1064"}],"curies":[{"name":"wp","href":"https:\/\/api.w.org\/{rel}","templated":true}]}}