{"id":1063,"date":"2020-10-19T14:10:34","date_gmt":"2020-10-19T12:10:34","guid":{"rendered":"http:\/\/blidor-webshop-staging.ch.merlin.ch-meta.net\/shop\/import-placeholder-for-1520\/"},"modified":"2023-10-23T13:12:09","modified_gmt":"2023-10-23T11:12:09","slug":"bli-des-calcaire-concentre","status":"publish","type":"product","link":"https:\/\/blidor.ch\/fr\/webshop\/bli-des-konzentratentkalker\/","title":{"rendered":"BLI-DES\u00ae D\u00e9tartrant concentr\u00e9"},"content":{"rendered":"<h2>\u00e9liminer rapidement et en douceur les d\u00e9p\u00f4ts de calcaire<\/h2>\n<p>Les d\u00e9p\u00f4ts de calcaire sur les appareils r\u00e9duisent leur fonctionnalit\u00e9 ainsi que le transfert de chaleur et augmentent donc consid\u00e9rablement la consommation d'\u00e9nergie. Il est donc recommand\u00e9 de nettoyer r\u00e9guli\u00e8rement tous les appareils et toutes les surfaces en contact avec l'eau avec le <a href=\"\/fr\/bli-des-formule\/\">BLI-DES\u00ae<\/a> d\u00e9tartrant concentr\u00e9.<\/p>\n<h2>Utilisation universelle pour le m\u00e9nage et l'industrie<\/h2>\n<p>Le site\u00a0<a href=\"\/fr\/bli-des-formule\/\">BLI-DES\u00ae<\/a> Le d\u00e9tartrant concentr\u00e9 est un d\u00e9tartrant universel pour tous les domaines domestiques et industriels, qui contient exclusivement des ingr\u00e9dients naturels et identiques \u00e0 la nature. Des acides et des sels parfaitement adapt\u00e9s les uns aux autres et compatibles avec les aliments dissolvent les d\u00e9p\u00f4ts calcaires tenaces et ont un effet \u00e0 la fois nettoyant et soignant. Gr\u00e2ce \u00e0 sa formulation unique, le <a href=\"\/fr\/bli-des-formule\/\">BLI-DES\u00ae<\/a> Le d\u00e9tartrant concentr\u00e9 \u00e9limine simultan\u00e9ment le biofilm difficile \u00e0 nettoyer (r\u00e9sidus de mucus, par exemple dans le r\u00e9servoir d'eau) dans les appareils et sur les surfaces contamin\u00e9s.  La concentration 5 fois plus \u00e9lev\u00e9e permet d'obtenir une vitesse de d\u00e9tartrage \u00e9lev\u00e9e. <strong>Le d\u00e9tartrant concentr\u00e9 BLI-DES\u00ae est biod\u00e9gradable.<\/strong><\/p>\n<p>&nbsp;<\/p>","protected":false},"excerpt":{"rendered":"<p>Le d\u00e9tartrant concentr\u00e9 BLI-DES\u00ae permet d'\u00e9liminer efficacement les salissures calcaires tenaces dues \u00e0 l'eau du robinet chauff\u00e9e ou stagnante. Cela prolonge la dur\u00e9e de vie et pr\u00e9serve la fonctionnalit\u00e9 de tous vos appareils m\u00e9nagers et industriels. Le produit contient exclusivement des ingr\u00e9dients naturels et harmonis\u00e9s.<\/p>","protected":false},"featured_media":1477,"comment_status":"open","ping_status":"closed","template":"","meta":[],"product_brand":[],"product_cat":[81,26,28],"product_tag":[733,731,732,893,734],"class_list":{"0":"post-1063","1":"product","2":"type-product","3":"status-publish","4":"has-post-thumbnail","6":"product_cat-blides","7":"product_cat-haushalt","8":"product_cat-reinigung","9":"product_tag-entkalker","10":"product_tag-entkalker-fuer-geraete","11":"product_tag-konzentratentkalker","12":"product_tag-problemloeser","13":"product_tag-universeller-entkalker","15":"first","16":"instock","17":"taxable","18":"shipping-taxable","19":"purchasable","20":"product-type-variable","21":"has-default-attributes"},"_links":{"self":[{"href":"https:\/\/blidor.ch\/fr\/wp-json\/wp\/v2\/product\/1063","targetHints":{"allow":["GET"]}}],"collection":[{"href":"https:\/\/blidor.ch\/fr\/wp-json\/wp\/v2\/product"}],"about":[{"href":"https:\/\/blidor.ch\/fr\/wp-json\/wp\/v2\/types\/product"}],"replies":[{"embeddable":true,"href":"https:\/\/blidor.ch\/fr\/wp-json\/wp\/v2\/comments?post=1063"}],"version-history":[{"count":0,"href":"https:\/\/blidor.ch\/fr\/wp-json\/wp\/v2\/product\/1063\/revisions"}],"wp:featuredmedia":[{"embeddable":true,"href":"https:\/\/blidor.ch\/fr\/wp-json\/wp\/v2\/media\/1477"}],"wp:attachment":[{"href":"https:\/\/blidor.ch\/fr\/wp-json\/wp\/v2\/media?parent=1063"}],"wp:term":[{"taxonomy":"product_brand","embeddable":true,"href":"https:\/\/blidor.ch\/fr\/wp-json\/wp\/v2\/product_brand?post=1063"},{"taxonomy":"product_cat","embeddable":true,"href":"https:\/\/blidor.ch\/fr\/wp-json\/wp\/v2\/product_cat?post=1063"},{"taxonomy":"product_tag","embeddable":true,"href":"https:\/\/blidor.ch\/fr\/wp-json\/wp\/v2\/product_tag?post=1063"}],"curies":[{"name":"wp","href":"https:\/\/api.w.org\/{rel}","templated":true}]}}