{"id":1061,"date":"2020-10-19T14:10:34","date_gmt":"2020-10-19T12:10:34","guid":{"rendered":"http:\/\/blidor-webshop-staging.ch.merlin.ch-meta.net\/shop\/import-placeholder-for-1590\/"},"modified":"2024-09-25T06:21:47","modified_gmt":"2024-09-25T04:21:47","slug":"mousse-hygienique-bli-des","status":"publish","type":"product","link":"https:\/\/blidor.ch\/fr\/webshop\/bli-des-hygieneschaum\/","title":{"rendered":"BLI-DES\u00ae Mousse hygi\u00e9nique"},"content":{"rendered":"<h2>Hygi\u00e8ne des mains en douceur avec effet antimicrobien<\/h2>\n<p>Chaque jour, nos mains sont porteuses de bact\u00e9ries et de virus. Gr\u00e2ce au nettoyage hygi\u00e9nique des mains avec <a href=\"\/fr\/bli-des-formule\/\">BLI-DES\u00ae<\/a> HygieneSaum permet de r\u00e9duire consid\u00e9rablement les infections par des agents pathog\u00e8nes. Contrairement aux produits d'hygi\u00e8ne traditionnels pour les mains et la peau, la mousse hygi\u00e9nique BLI-DES\u00ae contient <strong>PAS d'alcools et PAS de compos\u00e9s d'ammonium quaternaire<\/strong>. La combinaison d'huiles essentielles et de tensioactifs doux, tr\u00e8s douce pour la peau, convient parfaitement pour un nettoyage antimicrobien r\u00e9gulier. De plus, les produits BLI-DES\u00ae ne contiennent que des ingr\u00e9dients naturels et identiques \u00e0 la nature. C'est pourquoi notre mousse hygi\u00e9nique convient aussi parfaitement aux personnes allergiques et aux enfants !<\/p>\n<h2>Effet antimicrobien pour les d\u00e9placements<\/h2>\n<p>La mousse hygi\u00e9nique BLI-DES\u00ae s'utilise SANS eau. Elle est le compagnon id\u00e9al en voyage et en vacances (train, avion, voiture), au quotidien (en faisant les courses), dans les foires, au bureau, \u00e0 la maison, etc. Gr\u00e2ce \u00e0 son emballage pratique et \u00e0 sa taille id\u00e9ale, elle trouve sa place dans tous les sacs \u00e0 main.<br \/>\n<strong>Application :<\/strong> <a href=\"\/fr\/bli-des-formule\/\">BLI-DES\u00ae<\/a> Frotter la Mousse Hygi\u00e8ne dans les mains pendant 60 secondes, jusqu'\u00e0 ce que la mousse soit uniform\u00e9ment absorb\u00e9e. Pas de rin\u00e7age n\u00e9cessaire.<\/p>\n<h2>Hygi\u00e8ne des mains avec test \"tr\u00e8s bien<\/h2>\n<p>Contrairement aux produits d'hygi\u00e8ne des mains et de la peau traditionnels, les produits BLI-DES\u00ae ne contiennent PAS d'alcools ni de compos\u00e9s d'ammonium quaternaire. De plus, les <a href=\"\/fr\/bli-des-formule\/\">BLI-DES\u00ae<\/a>-Les produits de la marque contiennent exclusivement des ingr\u00e9dients naturels ou identiques \u00e0 la nature. Le produit a \u00e9t\u00e9 test\u00e9 dermatologiquement avec la mention \"tr\u00e8s bien\".<\/p>\n<h2>Fabriqu\u00e9 en Suisse<\/h2>\n<p><a href=\"\/fr\/blidor-ag\/\">Blidor<\/a> est une entreprise familiale avec une longue tradition. Nous d\u00e9veloppons et fabriquons nos produits - comme le <a href=\"\/fr\/bli-des-formule\/\">BLI-DES\u00ae<\/a> Mousse hygi\u00e9nique - m\u00eame \u00e0 Baar. Nous veillons \u00e0 une qualit\u00e9 maximale, \u00e0 des ingr\u00e9dients naturels et si possible r\u00e9gionaux et \u00e0 un excellent service client\u00e8le.<\/p>\n<p>&nbsp;<\/p>\n<p><img decoding=\"async\" src=\"\/wp-content\/uploads\/Dermatest_D-150x150-1.gif\" alt=\"\" width=\"80\" height=\"80\" \/><img decoding=\"async\" src=\"\/wp-content\/uploads\/biod\u00e9gradable-150x150-1.gif\" alt=\"\" width=\"80\" height=\"80\" \/><img decoding=\"async\" src=\"\/wp-content\/uploads\/Ebola-150x80-1.png\" alt=\"\" width=\"150\" height=\"80\" \/><\/p>","protected":false},"excerpt":{"rendered":"<p>Mousse hygi\u00e9nique BLI-DES\u00ae - Hygiene-to-go : Une hygi\u00e8ne s\u00fbre disponible partout et \u00e0 tout moment. Utilisation sans eau et parfaitement adapt\u00e9e aux personnes allergiques et aux enfants !<\/p>","protected":false},"featured_media":17603,"comment_status":"open","ping_status":"closed","template":"","meta":[],"product_brand":[],"product_cat":[81,33,34],"product_tag":[756,757,755,893],"class_list":{"0":"post-1061","1":"product","2":"type-product","3":"status-publish","4":"has-post-thumbnail","6":"product_cat-blides","7":"product_cat-hand-und-fuss","8":"product_cat-hygiene","9":"product_tag-handhygiene","10":"product_tag-hauthygiene","11":"product_tag-hygieneschaum","12":"product_tag-problemloeser","14":"first","15":"instock","16":"taxable","17":"shipping-taxable","18":"purchasable","19":"product-type-variable","20":"has-default-attributes"},"_links":{"self":[{"href":"https:\/\/blidor.ch\/fr\/wp-json\/wp\/v2\/product\/1061","targetHints":{"allow":["GET"]}}],"collection":[{"href":"https:\/\/blidor.ch\/fr\/wp-json\/wp\/v2\/product"}],"about":[{"href":"https:\/\/blidor.ch\/fr\/wp-json\/wp\/v2\/types\/product"}],"replies":[{"embeddable":true,"href":"https:\/\/blidor.ch\/fr\/wp-json\/wp\/v2\/comments?post=1061"}],"version-history":[{"count":0,"href":"https:\/\/blidor.ch\/fr\/wp-json\/wp\/v2\/product\/1061\/revisions"}],"wp:featuredmedia":[{"embeddable":true,"href":"https:\/\/blidor.ch\/fr\/wp-json\/wp\/v2\/media\/17603"}],"wp:attachment":[{"href":"https:\/\/blidor.ch\/fr\/wp-json\/wp\/v2\/media?parent=1061"}],"wp:term":[{"taxonomy":"product_brand","embeddable":true,"href":"https:\/\/blidor.ch\/fr\/wp-json\/wp\/v2\/product_brand?post=1061"},{"taxonomy":"product_cat","embeddable":true,"href":"https:\/\/blidor.ch\/fr\/wp-json\/wp\/v2\/product_cat?post=1061"},{"taxonomy":"product_tag","embeddable":true,"href":"https:\/\/blidor.ch\/fr\/wp-json\/wp\/v2\/product_tag?post=1061"}],"curies":[{"name":"wp","href":"https:\/\/api.w.org\/{rel}","templated":true}]}}