{"id":1059,"date":"2020-10-19T14:10:34","date_gmt":"2020-10-19T12:10:34","guid":{"rendered":"http:\/\/blidor-webshop-staging.ch.merlin.ch-meta.net\/shop\/import-placeholder-for-1384\/"},"modified":"2023-10-23T13:14:15","modified_gmt":"2023-10-23T11:14:15","slug":"bli-des-desinfection-des-surfaces","status":"publish","type":"product","link":"https:\/\/blidor.ch\/fr\/webshop\/bli-des-flaechendesinfektion\/","title":{"rendered":"BLI-DES\u00ae D\u00e9sinfection des surfaces"},"content":{"rendered":"<h2>D\u00e9sinfection des surfaces de BLI-DES\u00ae - la d\u00e9sinfection peut \u00eatre aussi douce que cela<\/h2>\n<p>La d\u00e9sinfection des surfaces est n\u00e9cessaire partout o\u00f9 des personnes entrent et sortent pour garantir l'hygi\u00e8ne.<\/p>\n<p>Le d\u00e9sinfectant pour surfaces de BLI-DES\u00ae est un produit de d\u00e9sinfection des surfaces sur le march\u00e9 qui est compos\u00e9 d'ingr\u00e9dients naturels et identiques \u00e0 la nature. Le d\u00e9sinfectant pour surfaces BLI-DES\u00ae est utilis\u00e9 comme d\u00e9sinfection interm\u00e9diaire ou finale pour diverses surfaces dans le secteur alimentaire, l'industrie, les m\u00e9nages et les \u00e9tablissements publics. Le d\u00e9sinfectant pour surfaces BLI-DES\u00ae ne pr\u00e9sente aucun risque pour la l\u00e9gislation alimentaire, il est facilement biod\u00e9gradable et peut donc \u00eatre utilis\u00e9 sans crainte dans les cuisines, les salles \u00e0 manger, les plans de travail des cuisines, les chambres d'enfants, les salles de bain, etc.<\/p>\n<h2>D\u00e9sinfectant pour surfaces contre les norovirus et plus encore<\/h2>\n<p>Le d\u00e9sinfectant pour surfaces BLI-DES\u00ae est efficace contre les virus suivants : VIH, VHB, HBC, Influenca, Rota, Adeno, Norovirus, Ebola. Ceci a \u00e9t\u00e9 v\u00e9rifi\u00e9 et confirm\u00e9 par des instituts ind\u00e9pendants. En outre, il est <a href=\"\/fr\/bli-des-formule\/\">BLI-DES\u00ae<\/a> D\u00e9sinfectant de surface exempt d'alcools, de peroxyde, d'ald\u00e9hyde, de ph\u00e9nol, de parab\u00e8ne, de chlore et de compos\u00e9s d'ammonium quaternaire (QAV). Pas d'irritation des muqueuses.<\/p>\n<h2>Domaines d'application des d\u00e9sinfectants de surface<\/h2>\n<p>La d\u00e9sinfection des surfaces de BLI-DES\u00ae est g\u00e9n\u00e9ralement utilis\u00e9e dans les domaines suivants <strong>H\u00f4pital, cabinet m\u00e9dical, cabinet dentaire, secteur alimentaire, etc.<\/strong> - partout o\u00f9 l'hygi\u00e8ne est essentielle. Le spray d\u00e9sinfectant pour surfaces assure une application simple et rapide. Outre le d\u00e9sinfectant pour surfaces, nous proposons \u00e9galement d'autres produits d'hygi\u00e8ne, comme le <a href=\"\/fr\/boutique-en-ligne\/mousse-hygienique-bli-des\/\">BLI-DES\u00ae Mousse hygi\u00e9nique<\/a>, le <a href=\"\/fr\/boutique-en-ligne\/bli-des-mousse-de-savon\/\">BLI-DES\u00ae Mousse de savon<\/a> ainsi que le <a href=\"\/fr\/boutique-en-ligne\/bli-des-gynoschaum\/\">BLI-DES\u00ae Mousse gyn\u00e9cologique<\/a>.<\/p>","protected":false},"excerpt":{"rendered":"<p>Gr\u00e2ce \u00e0 ses composants naturels et identiques \u00e0 la nature, le d\u00e9sinfectant pour surfaces est tr\u00e8s efficace contre les virus les plus connus et pour toutes les surfaces et tous les objets.<\/p>","protected":false},"featured_media":10441,"comment_status":"open","ping_status":"closed","template":"","meta":[],"product_brand":[],"product_cat":[81,26,34,28],"product_tag":[312,893],"class_list":{"0":"post-1059","1":"product","2":"type-product","3":"status-publish","4":"has-post-thumbnail","6":"product_cat-blides","7":"product_cat-haushalt","8":"product_cat-hygiene","9":"product_cat-reinigung","10":"product_tag-flaechendesinfektion","11":"product_tag-problemloeser","13":"first","14":"instock","15":"featured","16":"taxable","17":"shipping-taxable","18":"purchasable","19":"product-type-variable","20":"has-default-attributes"},"_links":{"self":[{"href":"https:\/\/blidor.ch\/fr\/wp-json\/wp\/v2\/product\/1059","targetHints":{"allow":["GET"]}}],"collection":[{"href":"https:\/\/blidor.ch\/fr\/wp-json\/wp\/v2\/product"}],"about":[{"href":"https:\/\/blidor.ch\/fr\/wp-json\/wp\/v2\/types\/product"}],"replies":[{"embeddable":true,"href":"https:\/\/blidor.ch\/fr\/wp-json\/wp\/v2\/comments?post=1059"}],"version-history":[{"count":0,"href":"https:\/\/blidor.ch\/fr\/wp-json\/wp\/v2\/product\/1059\/revisions"}],"wp:featuredmedia":[{"embeddable":true,"href":"https:\/\/blidor.ch\/fr\/wp-json\/wp\/v2\/media\/10441"}],"wp:attachment":[{"href":"https:\/\/blidor.ch\/fr\/wp-json\/wp\/v2\/media?parent=1059"}],"wp:term":[{"taxonomy":"product_brand","embeddable":true,"href":"https:\/\/blidor.ch\/fr\/wp-json\/wp\/v2\/product_brand?post=1059"},{"taxonomy":"product_cat","embeddable":true,"href":"https:\/\/blidor.ch\/fr\/wp-json\/wp\/v2\/product_cat?post=1059"},{"taxonomy":"product_tag","embeddable":true,"href":"https:\/\/blidor.ch\/fr\/wp-json\/wp\/v2\/product_tag?post=1059"}],"curies":[{"name":"wp","href":"https:\/\/api.w.org\/{rel}","templated":true}]}}