{"id":1058,"date":"2020-10-19T14:10:34","date_gmt":"2020-10-19T12:10:34","guid":{"rendered":"http:\/\/blidor-webshop-staging.ch.merlin.ch-meta.net\/shop\/import-placeholder-for-1506\/"},"modified":"2023-11-22T00:00:19","modified_gmt":"2023-11-21T23:00:19","slug":"sanidor-nettoyant-salle-de-bain","status":"publish","type":"product","link":"https:\/\/blidor.ch\/fr\/webshop\/sanidor-badreiniger\/","title":{"rendered":"SANIDOR, nettoyant pour salle de bain"},"content":{"rendered":"<h2>Nettoyant salle de bain SANIDOR - l'aide rapide dans le m\u00e9nage<\/h2>\n<p>Sanidor, le puissant nettoyant pour salle de bains contre la salet\u00e9, les restes de savon, les taches de calcaire et autres dans la baignoire, la cabine de douche, sur la robinetterie, le carrelage et dans les lavabos. Vaporiser les surfaces \u00e0 nettoyer \u00e0 une distance d'environ 30 cm, laisser agir 3 \u00e0 5 minutes et rincer ensuite \u00e0 l'eau claire. Fait imm\u00e9diatement briller et <a href=\"\/fr\/nettoyant\/\">propret\u00e9 hygi\u00e9nique<\/a> dans votre <a href=\"\/fr\/nettoyant\/\">Salle de bain<\/a>. Gr\u00e2ce \u00e0 sa consistance de mousse, Sanidor est parfaitement adapt\u00e9 \u00e0 une utilisation sans probl\u00e8me, notamment dans les endroits difficiles d'acc\u00e8s et les robinetteries complexes. Une aide id\u00e9ale dans <a href=\"\/fr\/nettoyant\/\">M\u00e9nage et salle de bain<\/a>.<\/p>\n<p>Les ingr\u00e9dients sont un m\u00e9lange efficace de tensioactifs non ioniques, de tensioactifs amphot\u00e8res et de salicylates de benzyle. Ne pas utiliser Sanidor sur des surfaces sensibles aux acides comme le marbre ou le calcaire. Conserver hors de port\u00e9e des enfants.<\/p>","protected":false},"excerpt":{"rendered":"<p>SANIDOR est un nettoyant puissant mais doux pour la salle de bains, qui agit efficacement contre la salet\u00e9, les r\u00e9sidus de calcaire et de savon ainsi que contre de nombreuses taches. Il s'utilise sur la robinetterie, le carrelage, les baignoires, les cabines de douche et dans les lavabos. Son pouvoir nettoyant \u00e9lev\u00e9 assure la brillance et la propret\u00e9 hygi\u00e9nique sans effort.<\/p>","protected":false},"featured_media":1471,"comment_status":"open","ping_status":"closed","template":"","meta":[],"product_brand":[],"product_cat":[26,28],"product_tag":[722,723],"class_list":{"0":"post-1058","1":"product","2":"type-product","3":"status-publish","4":"has-post-thumbnail","6":"product_cat-haushalt","7":"product_cat-reinigung","8":"product_tag-badreiniger","9":"product_tag-kraftvoller-badreiniger","11":"first","12":"instock","13":"taxable","14":"shipping-taxable","15":"purchasable","16":"product-type-variable","17":"has-default-attributes"},"_links":{"self":[{"href":"https:\/\/blidor.ch\/fr\/wp-json\/wp\/v2\/product\/1058","targetHints":{"allow":["GET"]}}],"collection":[{"href":"https:\/\/blidor.ch\/fr\/wp-json\/wp\/v2\/product"}],"about":[{"href":"https:\/\/blidor.ch\/fr\/wp-json\/wp\/v2\/types\/product"}],"replies":[{"embeddable":true,"href":"https:\/\/blidor.ch\/fr\/wp-json\/wp\/v2\/comments?post=1058"}],"version-history":[{"count":0,"href":"https:\/\/blidor.ch\/fr\/wp-json\/wp\/v2\/product\/1058\/revisions"}],"wp:featuredmedia":[{"embeddable":true,"href":"https:\/\/blidor.ch\/fr\/wp-json\/wp\/v2\/media\/1471"}],"wp:attachment":[{"href":"https:\/\/blidor.ch\/fr\/wp-json\/wp\/v2\/media?parent=1058"}],"wp:term":[{"taxonomy":"product_brand","embeddable":true,"href":"https:\/\/blidor.ch\/fr\/wp-json\/wp\/v2\/product_brand?post=1058"},{"taxonomy":"product_cat","embeddable":true,"href":"https:\/\/blidor.ch\/fr\/wp-json\/wp\/v2\/product_cat?post=1058"},{"taxonomy":"product_tag","embeddable":true,"href":"https:\/\/blidor.ch\/fr\/wp-json\/wp\/v2\/product_tag?post=1058"}],"curies":[{"name":"wp","href":"https:\/\/api.w.org\/{rel}","templated":true}]}}