{"id":1057,"date":"2020-10-19T14:10:34","date_gmt":"2020-10-19T12:10:34","guid":{"rendered":"http:\/\/blidor-webshop-staging.ch.merlin.ch-meta.net\/shop\/import-placeholder-for-1541\/"},"modified":"2024-07-19T20:44:45","modified_gmt":"2024-07-19T18:44:45","slug":"chiffon-microfibre-bleu","status":"publish","type":"product","link":"https:\/\/blidor.ch\/fr\/webshop\/microfasertuch-blau\/","title":{"rendered":"Chiffon en microfibres bleu"},"content":{"rendered":"<h2>nettoyage respectueux de l'environnement pour toutes les surfaces lisses<\/h2>\n<p>Le chiffon en microfibres bleu est particuli\u00e8rement adapt\u00e9 au nettoyage de la robinetterie chrom\u00e9e dans la cuisine et la salle de bains. Utilisez le chiffon en microfibres \u00e0 sec ou humidifi\u00e9. Gr\u00e2ce \u00e0 sa structure sp\u00e9ciale, le chiffon ne n\u00e9cessite aucun additif chimique pour le nettoyage, mais uniquement de l'eau claire. Apr\u00e8s l'utilisation du chiffon humide, des microgouttelettes restent sur la surface, mais s'\u00e9vaporent sans laisser de traces. Il n'est donc plus n\u00e9cessaire d'essuyer et de polir. Le chiffon peut \u00eatre lav\u00e9 en machine jusqu'\u00e0 95\u00b0C. Renoncer aux adoucissants et au s\u00e8che-linge.<\/p>","protected":false},"excerpt":{"rendered":"<p class=\"bodytext\">Le chiffon sp\u00e9cial pour la salle de bain et la cuisine nettoie toutes les surfaces tr\u00e8s sales sans laisser de traces. Convient particuli\u00e8rement aux robinets chrom\u00e9s. Utilisable sans additifs chimiques. Lavable jusqu'\u00e0 95\u00b0C.<\/p>\n<p class=\"bodytext\">Taille : environ 40 x 45 cm<\/p>\n<p class=\"bodytext\"><b><strong>Commandez nos trois chiffons en microfibre dans un set avantageux de 3 pi\u00e8ces.<\/strong><\/b><\/p>","protected":false},"featured_media":1486,"comment_status":"open","ping_status":"closed","template":"","meta":[],"product_brand":[],"product_cat":[82,28],"product_tag":[857,866,858,854,867,865],"class_list":{"0":"post-1057","1":"product","2":"type-product","3":"status-publish","4":"has-post-thumbnail","6":"product_cat-accessoires","7":"product_cat-reinigung","8":"product_tag-bad","9":"product_tag-keine-zusaetze","10":"product_tag-kueche","11":"product_tag-microfasertuch","12":"product_tag-nur-wasser","13":"product_tag-verchromte-armaturen","15":"first","16":"instock","17":"taxable","18":"shipping-taxable","19":"purchasable","20":"product-type-variable","21":"has-default-attributes"},"_links":{"self":[{"href":"https:\/\/blidor.ch\/fr\/wp-json\/wp\/v2\/product\/1057","targetHints":{"allow":["GET"]}}],"collection":[{"href":"https:\/\/blidor.ch\/fr\/wp-json\/wp\/v2\/product"}],"about":[{"href":"https:\/\/blidor.ch\/fr\/wp-json\/wp\/v2\/types\/product"}],"replies":[{"embeddable":true,"href":"https:\/\/blidor.ch\/fr\/wp-json\/wp\/v2\/comments?post=1057"}],"version-history":[{"count":0,"href":"https:\/\/blidor.ch\/fr\/wp-json\/wp\/v2\/product\/1057\/revisions"}],"wp:featuredmedia":[{"embeddable":true,"href":"https:\/\/blidor.ch\/fr\/wp-json\/wp\/v2\/media\/1486"}],"wp:attachment":[{"href":"https:\/\/blidor.ch\/fr\/wp-json\/wp\/v2\/media?parent=1057"}],"wp:term":[{"taxonomy":"product_brand","embeddable":true,"href":"https:\/\/blidor.ch\/fr\/wp-json\/wp\/v2\/product_brand?post=1057"},{"taxonomy":"product_cat","embeddable":true,"href":"https:\/\/blidor.ch\/fr\/wp-json\/wp\/v2\/product_cat?post=1057"},{"taxonomy":"product_tag","embeddable":true,"href":"https:\/\/blidor.ch\/fr\/wp-json\/wp\/v2\/product_tag?post=1057"}],"curies":[{"name":"wp","href":"https:\/\/api.w.org\/{rel}","templated":true}]}}