{"id":1056,"date":"2020-10-19T14:10:34","date_gmt":"2020-10-19T12:10:34","guid":{"rendered":"http:\/\/blidor-webshop-staging.ch.merlin.ch-meta.net\/shop\/import-placeholder-for-1495\/"},"modified":"2023-10-23T13:13:12","modified_gmt":"2023-10-23T11:13:12","slug":"bli-des-calcaire-de-decoration","status":"publish","type":"product","link":"https:\/\/blidor.ch\/fr\/webshop\/bli-des-schaumentkalker\/","title":{"rendered":"BLI-DES\u00ae Chaux de mousse"},"content":{"rendered":"<h2>D\u00e9tartrant universel pour le m\u00e9nage, la cuisine et la salle de bain<\/h2>\n<p>Que ce soit dans la cuisine, la douche, la baignoire ou l'\u00e9vier, si l'eau est calcaire, des d\u00e9p\u00f4ts de calcaire se forment t\u00f4t ou tard. Ces d\u00e9p\u00f4ts se forment partout o\u00f9 l'eau du robinet est chauff\u00e9e ou reste au repos. Cela est par exemple tr\u00e8s visible sur les robinetteries de salle de bains et de cuisine, cela devient rapidement inesth\u00e9tique et peut causer des d\u00e9g\u00e2ts si les r\u00e9sidus de calcaire ne sont pas r\u00e9guli\u00e8rement \u00e9limin\u00e9s. Il est donc bon \u00e0 tous points de vue d'utiliser un d\u00e9tartrant dans la salle de bains et la cuisine.<\/p>\n<h2>Formule et fabrication propres pour une efficacit\u00e9 optimale<\/h2>\n<p><a href=\"\/fr\/blidor-ag\/\">Blidor SA<\/a> a commenc\u00e9 avec le <a href=\"\/fr\/bli-des-formule\/\">BLI-DES\u00ae<\/a> d\u00e9tartrant pour mousse un d\u00e9tartrant hautement efficace pour <a href=\"\/fr\/cat\/budget\/\">Cuisine<\/a> et <a href=\"\/fr\/cat\/budget\/\">Salle de bain<\/a> qui contient des ingr\u00e9dients naturels et identiques \u00e0 la nature. Les d\u00e9p\u00f4ts calcaires parfois tenaces qui se forment au fil du temps sont dissous par les acides et les sels parfaitement adapt\u00e9s et sans danger pour les aliments. Gr\u00e2ce \u00e0 sa formulation unique, le <a href=\"\/fr\/bli-des-formule\/\">BLI-DES\u00ae<\/a> Le d\u00e9tartrant \u00e0 mousse \u00e9limine en m\u00eame temps le biofilm difficile \u00e0 nettoyer dans les <a href=\"\/fr\/cat\/budget\/\">M\u00e9nage<\/a>La cuisine et la salle de bains sont \u00e0 partir de l\u00e0.<\/p>\n<h2>Domaine d'utilisation et application<\/h2>\n<p>Vaporisez le d\u00e9tartrant sur les surfaces en acier chrom\u00e9, les carreaux, la robinetterie ou les carrelages. <a href=\"\/fr\/bli-des-formule\/\">BLI-DES\u00ae<\/a> Le d\u00e9tartrant mousse a un temps d'action court, mais une efficacit\u00e9 \u00e9lev\u00e9e et rapide. Rincer ensuite \u00e0 l'eau. Un polissage ult\u00e9rieur n'est pas n\u00e9cessaire. Gr\u00e2ce \u00e0 sa consistance de mousse, il peut \u00e9galement \u00eatre utilis\u00e9 sur les endroits difficiles \u00e0 atteindre.<\/p>","protected":false},"excerpt":{"rendered":"<p>Le d\u00e9tartrant moussant BLI-DES\u00ae \u00e9limine en douceur et sans effort les taches de calcaire tenaces. Que ce soit dans la cuisine ou la salle de bain, ce d\u00e9tartrant fait briller \u00e0 nouveau la robinetterie et les carreaux ainsi que les lavabos. Les ingr\u00e9dients sont id\u00e9alement adapt\u00e9s les uns aux autres. Les acides et les sels inoffensifs pour les aliments soignent et nettoient en m\u00eame temps.<\/p>","protected":false},"featured_media":1475,"comment_status":"open","ping_status":"closed","template":"","meta":[],"product_brand":[],"product_cat":[81,26,28],"product_tag":[733,893,738,734],"class_list":{"0":"post-1056","1":"product","2":"type-product","3":"status-publish","4":"has-post-thumbnail","6":"product_cat-blides","7":"product_cat-haushalt","8":"product_cat-reinigung","9":"product_tag-entkalker","10":"product_tag-problemloeser","11":"product_tag-schaumentkalker","12":"product_tag-universeller-entkalker","14":"first","15":"instock","16":"taxable","17":"shipping-taxable","18":"purchasable","19":"product-type-variable","20":"has-default-attributes"},"_links":{"self":[{"href":"https:\/\/blidor.ch\/fr\/wp-json\/wp\/v2\/product\/1056","targetHints":{"allow":["GET"]}}],"collection":[{"href":"https:\/\/blidor.ch\/fr\/wp-json\/wp\/v2\/product"}],"about":[{"href":"https:\/\/blidor.ch\/fr\/wp-json\/wp\/v2\/types\/product"}],"replies":[{"embeddable":true,"href":"https:\/\/blidor.ch\/fr\/wp-json\/wp\/v2\/comments?post=1056"}],"version-history":[{"count":0,"href":"https:\/\/blidor.ch\/fr\/wp-json\/wp\/v2\/product\/1056\/revisions"}],"wp:featuredmedia":[{"embeddable":true,"href":"https:\/\/blidor.ch\/fr\/wp-json\/wp\/v2\/media\/1475"}],"wp:attachment":[{"href":"https:\/\/blidor.ch\/fr\/wp-json\/wp\/v2\/media?parent=1056"}],"wp:term":[{"taxonomy":"product_brand","embeddable":true,"href":"https:\/\/blidor.ch\/fr\/wp-json\/wp\/v2\/product_brand?post=1056"},{"taxonomy":"product_cat","embeddable":true,"href":"https:\/\/blidor.ch\/fr\/wp-json\/wp\/v2\/product_cat?post=1056"},{"taxonomy":"product_tag","embeddable":true,"href":"https:\/\/blidor.ch\/fr\/wp-json\/wp\/v2\/product_tag?post=1056"}],"curies":[{"name":"wp","href":"https:\/\/api.w.org\/{rel}","templated":true}]}}