{"id":1055,"date":"2020-10-19T14:10:34","date_gmt":"2020-10-19T12:10:34","guid":{"rendered":"http:\/\/blidor-webshop-staging.ch.merlin.ch-meta.net\/shop\/import-placeholder-for-1380\/"},"modified":"2024-10-11T08:40:12","modified_gmt":"2024-10-11T06:40:12","slug":"clasin-nettoyant-pour-vitres","status":"publish","type":"product","link":"https:\/\/blidor.ch\/fr\/webshop\/clasin-glasreiniger\/","title":{"rendered":"CLASIN, nettoyant pour vitres"},"content":{"rendered":"<h2>Une propret\u00e9 sans traces pour de nombreuses surfaces<\/h2>\n<p>Le puissant nettoyant pour vitres Clasin nettoie efficacement les fen\u00eatres et toutes les surfaces lavables. Clasin est d\u00e9graissant, ne laisse pas de traces et retarde le d\u00e9p\u00f4t de particules de poussi\u00e8re. Pour une propret\u00e9 \u00e9clatante et un brillant durable sans traces. Clasin est facilement biod\u00e9gradable.<\/p>\n<p>Application : Vaporiser \u00e0 une distance de 20-30 cm. Utiliser un chiffon propre, sec et doux. <a href=\"\/fr\/boutique-en-ligne\/chiffon-microfibre-blanc\/\">Chiffon<\/a> essuyer apr\u00e8s.<\/p>\n<h2>Fen\u00eatres sans pneus<\/h2>\n<p>Tu veux renoncer \u00e0 un nettoyant. Nous avons la solution \u00e9cologique pour toi. Notre <a href=\"\/fr\/boutique-en-ligne\/chiffon-microfibre-blanc\/\">Chiffon en microfibres blanc<\/a>Nettoie toutes les surfaces lisses sans laisser de traces, sans ajout de produits chimiques. Convient particuli\u00e8rement pour les fen\u00eatres, le verre, le chrome et le plastique. Il \u00e9limine les particules de salet\u00e9, les graisses et les huiles. Ces r\u00e9sidus peuvent \u00eatre enti\u00e8rement \u00e9limin\u00e9s en machine \u00e0 laver jusqu'\u00e0 95\u00b0C. Pour ce faire, renoncez aux adoucissants et au s\u00e8che-linge afin de pr\u00e9server la structure ultrafine du chiffon.<\/p>","protected":false},"excerpt":{"rendered":"<p>Clasin, le nettoyant universel pour vitres, qui fait briller toutes les surfaces lisses comme les fen\u00eatres, les miroirs, la cuisini\u00e8re vitroc\u00e9ramique, les couvercles, etc. sans laisser de traces. Un auxiliaire indispensable pour une propret\u00e9 parfaite.<\/p>","protected":false},"featured_media":13948,"comment_status":"open","ping_status":"closed","template":"","meta":[],"product_brand":[],"product_cat":[26,28],"product_tag":[725,726,727],"class_list":{"0":"post-1055","1":"product","2":"type-product","3":"status-publish","4":"has-post-thumbnail","6":"product_cat-haushalt","7":"product_cat-reinigung","8":"product_tag-glasreiniger","9":"product_tag-kraftvoller-glasreiniger","10":"product_tag-streifenfreier-glanz","12":"first","13":"instock","14":"taxable","15":"shipping-taxable","16":"purchasable","17":"product-type-variable","18":"has-default-attributes"},"_links":{"self":[{"href":"https:\/\/blidor.ch\/fr\/wp-json\/wp\/v2\/product\/1055","targetHints":{"allow":["GET"]}}],"collection":[{"href":"https:\/\/blidor.ch\/fr\/wp-json\/wp\/v2\/product"}],"about":[{"href":"https:\/\/blidor.ch\/fr\/wp-json\/wp\/v2\/types\/product"}],"replies":[{"embeddable":true,"href":"https:\/\/blidor.ch\/fr\/wp-json\/wp\/v2\/comments?post=1055"}],"version-history":[{"count":0,"href":"https:\/\/blidor.ch\/fr\/wp-json\/wp\/v2\/product\/1055\/revisions"}],"wp:featuredmedia":[{"embeddable":true,"href":"https:\/\/blidor.ch\/fr\/wp-json\/wp\/v2\/media\/13948"}],"wp:attachment":[{"href":"https:\/\/blidor.ch\/fr\/wp-json\/wp\/v2\/media?parent=1055"}],"wp:term":[{"taxonomy":"product_brand","embeddable":true,"href":"https:\/\/blidor.ch\/fr\/wp-json\/wp\/v2\/product_brand?post=1055"},{"taxonomy":"product_cat","embeddable":true,"href":"https:\/\/blidor.ch\/fr\/wp-json\/wp\/v2\/product_cat?post=1055"},{"taxonomy":"product_tag","embeddable":true,"href":"https:\/\/blidor.ch\/fr\/wp-json\/wp\/v2\/product_tag?post=1055"}],"curies":[{"name":"wp","href":"https:\/\/api.w.org\/{rel}","templated":true}]}}