{"id":800,"date":"2020-08-21T14:56:34","date_gmt":"2020-08-21T12:56:34","guid":{"rendered":"http:\/\/blidor-webshop-staging.ch.merlin.ch-meta.net\/?page_id=800"},"modified":"2024-05-08T15:05:34","modified_gmt":"2024-05-08T13:05:34","slug":"confection","status":"publish","type":"page","link":"https:\/\/blidor.ch\/fr\/konfektionierung\/","title":{"rendered":"Confection"},"content":{"rendered":"\t\t<div data-elementor-type=\"wp-page\" data-elementor-id=\"800\" class=\"elementor elementor-800\" data-elementor-post-type=\"page\">\n\t\t\t\t<div class=\"elementor-element elementor-element-e44433d e-flex e-con-boxed e-con e-parent\" data-id=\"e44433d\" data-element_type=\"container\" data-e-type=\"container\">\n\t\t\t\t\t<div class=\"e-con-inner\">\n\t\t<div class=\"elementor-element elementor-element-57a2bd9 e-con-full e-flex e-con e-child\" data-id=\"57a2bd9\" data-element_type=\"container\" data-e-type=\"container\" data-settings=\"{&quot;background_background&quot;:&quot;classic&quot;}\">\n\t\t\t\t<div class=\"elementor-element elementor-element-390084b elementor-widget elementor-widget-heading\" data-id=\"390084b\" data-element_type=\"widget\" data-e-type=\"widget\" data-widget_type=\"heading.default\">\n\t\t\t\t<div class=\"elementor-widget-container\">\n\t\t\t\t\t<h1 class=\"elementor-heading-title elementor-size-xxl\">Konfektionierung<\/h1>\t\t\t\t<\/div>\n\t\t\t\t<\/div>\n\t\t\t\t<div class=\"elementor-element elementor-element-fbe675e elementor-widget elementor-widget-text-editor\" data-id=\"fbe675e\" data-element_type=\"widget\" data-e-type=\"widget\" data-widget_type=\"text-editor.default\">\n\t\t\t\t<div class=\"elementor-widget-container\">\n\t\t\t\t\t\t\t\t\t<p>Ob einfache Verpackung, ein Geschenkset oder ein komplexes Vorhaben, ob kleine oder grosse Auflage, gerne helfen wir Ihnen, dieses Projekt effizient und erfolgreich umzusetzen.<\/p>\t\t\t\t\t\t\t\t<\/div>\n\t\t\t\t<\/div>\n\t\t\t\t<\/div>\n\t\t\t\t\t<\/div>\n\t\t\t\t<\/div>\n\t\t<div class=\"elementor-element elementor-element-965d995 e-con-full e-flex e-con e-parent\" data-id=\"965d995\" data-element_type=\"container\" data-e-type=\"container\" data-settings=\"{&quot;background_background&quot;:&quot;classic&quot;}\">\n\t\t<div class=\"elementor-element elementor-element-fdc8202 e-con-full e-flex e-con e-child\" data-id=\"fdc8202\" data-element_type=\"container\" data-e-type=\"container\" data-settings=\"{&quot;background_background&quot;:&quot;classic&quot;}\">\n\t\t\t\t<\/div>\n\t\t\t\t<\/div>\n\t\t<div class=\"elementor-element elementor-element-eaf3277 e-flex e-con-boxed e-con e-parent\" data-id=\"eaf3277\" data-element_type=\"container\" data-e-type=\"container\">\n\t\t\t\t\t<div class=\"e-con-inner\">\n\t\t\t\t<div class=\"elementor-element elementor-element-1582663 elementor-widget elementor-widget-spacer\" data-id=\"1582663\" data-element_type=\"widget\" data-e-type=\"widget\" data-widget_type=\"spacer.default\">\n\t\t\t\t<div class=\"elementor-widget-container\">\n\t\t\t\t\t\t\t<div class=\"elementor-spacer\">\n\t\t\t<div class=\"elementor-spacer-inner\"><\/div>\n\t\t<\/div>\n\t\t\t\t\t\t<\/div>\n\t\t\t\t<\/div>\n\t\t\t\t\t<\/div>\n\t\t\t\t<\/div>\n\t\t<div class=\"elementor-element elementor-element-c46f162 e-flex e-con-boxed e-con e-parent\" data-id=\"c46f162\" data-element_type=\"container\" data-e-type=\"container\">\n\t\t\t\t\t<div class=\"e-con-inner\">\n\t\t<div class=\"elementor-element elementor-element-1c89abb e-con-full e-flex e-con e-child\" data-id=\"1c89abb\" data-element_type=\"container\" data-e-type=\"container\">\n\t\t\t\t<div class=\"elementor-element elementor-element-fd4ca1e elementor-widget elementor-widget-image\" data-id=\"fd4ca1e\" data-element_type=\"widget\" data-e-type=\"widget\" data-widget_type=\"image.default\">\n\t\t\t\t<div class=\"elementor-widget-container\">\n\t\t\t\t\t\t\t\t\t\t\t\t\t\t\t<img fetchpriority=\"high\" decoding=\"async\" width=\"800\" height=\"533\" src=\"https:\/\/blidor.ch\/wp-content\/uploads\/station-etikettieren-1-1152x768.jpg\" class=\"attachment-large size-large wp-image-15932\" alt=\"\" srcset=\"https:\/\/blidor.ch\/wp-content\/uploads\/station-etikettieren-1-1152x768.jpg 1152w, https:\/\/blidor.ch\/wp-content\/uploads\/station-etikettieren-1-512x341.jpg 512w, https:\/\/blidor.ch\/wp-content\/uploads\/station-etikettieren-1-768x512.jpg 768w, https:\/\/blidor.ch\/wp-content\/uploads\/station-etikettieren-1-1536x1024.jpg 1536w, https:\/\/blidor.ch\/wp-content\/uploads\/station-etikettieren-1-2048x1365.jpg 2048w, https:\/\/blidor.ch\/wp-content\/uploads\/station-etikettieren-1-18x12.jpg 18w, https:\/\/blidor.ch\/wp-content\/uploads\/station-etikettieren-1-600x400.jpg 600w, https:\/\/blidor.ch\/wp-content\/uploads\/station-etikettieren-1-64x43.jpg 64w\" sizes=\"(max-width: 800px) 100vw, 800px\" \/>\t\t\t\t\t\t\t\t\t\t\t\t\t\t\t<\/div>\n\t\t\t\t<\/div>\n\t\t\t\t<\/div>\n\t\t<div class=\"elementor-element elementor-element-33e874d e-con-full e-flex e-con e-child\" data-id=\"33e874d\" data-element_type=\"container\" data-e-type=\"container\">\n\t\t\t\t<div class=\"elementor-element elementor-element-ac98cb9 elementor-widget elementor-widget-image\" data-id=\"ac98cb9\" data-element_type=\"widget\" data-e-type=\"widget\" data-widget_type=\"image.default\">\n\t\t\t\t<div class=\"elementor-widget-container\">\n\t\t\t\t\t\t\t\t\t\t\t\t\t\t\t<img decoding=\"async\" width=\"800\" height=\"533\" src=\"https:\/\/blidor.ch\/wp-content\/uploads\/station-verpacken-1-1-1152x768.jpg\" class=\"attachment-large size-large wp-image-15927\" alt=\"\" srcset=\"https:\/\/blidor.ch\/wp-content\/uploads\/station-verpacken-1-1-1152x768.jpg 1152w, https:\/\/blidor.ch\/wp-content\/uploads\/station-verpacken-1-1-512x341.jpg 512w, https:\/\/blidor.ch\/wp-content\/uploads\/station-verpacken-1-1-768x512.jpg 768w, https:\/\/blidor.ch\/wp-content\/uploads\/station-verpacken-1-1-1536x1024.jpg 1536w, https:\/\/blidor.ch\/wp-content\/uploads\/station-verpacken-1-1-2048x1365.jpg 2048w, https:\/\/blidor.ch\/wp-content\/uploads\/station-verpacken-1-1-18x12.jpg 18w, https:\/\/blidor.ch\/wp-content\/uploads\/station-verpacken-1-1-600x400.jpg 600w, https:\/\/blidor.ch\/wp-content\/uploads\/station-verpacken-1-1-64x43.jpg 64w\" sizes=\"(max-width: 800px) 100vw, 800px\" \/>\t\t\t\t\t\t\t\t\t\t\t\t\t\t\t<\/div>\n\t\t\t\t<\/div>\n\t\t\t\t<\/div>\n\t\t<div class=\"elementor-element elementor-element-d08b074 e-con-full e-flex e-con e-child\" data-id=\"d08b074\" data-element_type=\"container\" data-e-type=\"container\">\n\t\t\t\t<div class=\"elementor-element elementor-element-a15b43a elementor-widget elementor-widget-image\" data-id=\"a15b43a\" data-element_type=\"widget\" data-e-type=\"widget\" data-widget_type=\"image.default\">\n\t\t\t\t<div class=\"elementor-widget-container\">\n\t\t\t\t\t\t\t\t\t\t\t\t\t\t\t<img decoding=\"async\" width=\"800\" height=\"533\" src=\"https:\/\/blidor.ch\/wp-content\/uploads\/station-verpacken-3-1152x768.jpg\" class=\"attachment-large size-large wp-image-15925\" alt=\"\" srcset=\"https:\/\/blidor.ch\/wp-content\/uploads\/station-verpacken-3-1152x768.jpg 1152w, https:\/\/blidor.ch\/wp-content\/uploads\/station-verpacken-3-512x341.jpg 512w, https:\/\/blidor.ch\/wp-content\/uploads\/station-verpacken-3-768x512.jpg 768w, https:\/\/blidor.ch\/wp-content\/uploads\/station-verpacken-3-1536x1024.jpg 1536w, https:\/\/blidor.ch\/wp-content\/uploads\/station-verpacken-3-2048x1365.jpg 2048w, https:\/\/blidor.ch\/wp-content\/uploads\/station-verpacken-3-18x12.jpg 18w, https:\/\/blidor.ch\/wp-content\/uploads\/station-verpacken-3-600x400.jpg 600w, https:\/\/blidor.ch\/wp-content\/uploads\/station-verpacken-3-64x43.jpg 64w\" sizes=\"(max-width: 800px) 100vw, 800px\" \/>\t\t\t\t\t\t\t\t\t\t\t\t\t\t\t<\/div>\n\t\t\t\t<\/div>\n\t\t\t\t<\/div>\n\t\t\t\t\t<\/div>\n\t\t\t\t<\/div>\n\t\t<div class=\"elementor-element elementor-element-e941284 e-flex e-con-boxed e-con e-parent\" data-id=\"e941284\" data-element_type=\"container\" data-e-type=\"container\">\n\t\t\t\t\t<div class=\"e-con-inner\">\n\t\t\t\t<div class=\"elementor-element elementor-element-24759db elementor-widget elementor-widget-spacer\" data-id=\"24759db\" data-element_type=\"widget\" data-e-type=\"widget\" data-widget_type=\"spacer.default\">\n\t\t\t\t<div class=\"elementor-widget-container\">\n\t\t\t\t\t\t\t<div class=\"elementor-spacer\">\n\t\t\t<div class=\"elementor-spacer-inner\"><\/div>\n\t\t<\/div>\n\t\t\t\t\t\t<\/div>\n\t\t\t\t<\/div>\n\t\t\t\t\t<\/div>\n\t\t\t\t<\/div>\n\t\t<div class=\"elementor-element elementor-element-02ddedb e-flex e-con-boxed e-con e-parent\" data-id=\"02ddedb\" data-element_type=\"container\" data-e-type=\"container\">\n\t\t\t\t\t<div class=\"e-con-inner\">\n\t\t<div class=\"elementor-element elementor-element-492f2d2 e-con-full e-flex e-con e-child\" data-id=\"492f2d2\" data-element_type=\"container\" data-e-type=\"container\">\n\t\t\t\t<div class=\"elementor-element elementor-element-b7d04b4 big-title elementor-widget elementor-widget-heading\" data-id=\"b7d04b4\" data-element_type=\"widget\" data-e-type=\"widget\" data-widget_type=\"heading.default\">\n\t\t\t\t<div class=\"elementor-widget-container\">\n\t\t\t\t\t<h2 class=\"elementor-heading-title elementor-size-xl\">Sprechen Sie uns hierzu an. Wir freuen uns auf Sie.<\/h2>\t\t\t\t<\/div>\n\t\t\t\t<\/div>\n\t\t\t\t<div class=\"elementor-element elementor-element-6a2697d elementor-widget elementor-widget-text-editor\" data-id=\"6a2697d\" data-element_type=\"widget\" data-e-type=\"widget\" data-widget_type=\"text-editor.default\">\n\t\t\t\t<div class=\"elementor-widget-container\">\n\t\t\t\t\t\t\t\t\t<p>Senden Sie uns Ihre unverbindliche Anfrage, wir werden uns umgehend bei Ihnen melden. Wir freuen uns auf Sie!<\/p>\t\t\t\t\t\t\t\t<\/div>\n\t\t\t\t<\/div>\n\t\t\t\t<div class=\"elementor-element elementor-element-7f781d1 elementor-button-align-start elementor-widget elementor-widget-form\" data-id=\"7f781d1\" data-element_type=\"widget\" data-e-type=\"widget\" data-settings=\"{&quot;step_next_label&quot;:&quot;Next&quot;,&quot;step_previous_label&quot;:&quot;Previous&quot;,&quot;button_width&quot;:&quot;100&quot;,&quot;step_type&quot;:&quot;number_text&quot;,&quot;step_icon_shape&quot;:&quot;circle&quot;}\" data-widget_type=\"form.default\">\n\t\t\t\t<div class=\"elementor-widget-container\">\n\t\t\t\t\t\t\t<form class=\"elementor-form\" method=\"post\" name=\"Kontakt\" aria-label=\"Kontakt\">\n\t\t\t<input type=\"hidden\" name=\"post_id\" value=\"800\"\/>\n\t\t\t<input type=\"hidden\" name=\"form_id\" value=\"7f781d1\"\/>\n\t\t\t<input type=\"hidden\" name=\"referer_title\" value=\"Konfektionierung\" \/>\n\n\t\t\t\t\t\t\t<input type=\"hidden\" name=\"queried_id\" value=\"800\"\/>\n\t\t\t\n\t\t\t<div class=\"elementor-form-fields-wrapper elementor-labels-\">\n\t\t\t\t\t\t\t\t<div class=\"elementor-field-type-text elementor-field-group elementor-column elementor-field-group-name elementor-col-100\">\n\t\t\t\t\t\t\t\t\t\t\t\t<label for=\"form-field-name\" class=\"elementor-field-label elementor-screen-only\">\n\t\t\t\t\t\t\t\tUnternehmen\t\t\t\t\t\t\t<\/label>\n\t\t\t\t\t\t\t\t\t\t\t\t\t\t<input size=\"1\" type=\"text\" name=\"form_fields[name]\" id=\"form-field-name\" class=\"elementor-field elementor-size-sm  elementor-field-textual\" placeholder=\"Unternehmen\">\n\t\t\t\t\t\t\t\t\t\t\t<\/div>\n\t\t\t\t\t\t\t\t<div class=\"elementor-field-type-text elementor-field-group elementor-column elementor-field-group-vorname elementor-col-50 elementor-field-required\">\n\t\t\t\t\t\t\t\t\t\t\t\t<label for=\"form-field-vorname\" class=\"elementor-field-label elementor-screen-only\">\n\t\t\t\t\t\t\t\tVorname\t\t\t\t\t\t\t<\/label>\n\t\t\t\t\t\t\t\t\t\t\t\t\t\t<input size=\"1\" type=\"text\" name=\"form_fields[vorname]\" id=\"form-field-vorname\" class=\"elementor-field elementor-size-sm  elementor-field-textual\" placeholder=\"Vorname *\" required=\"required\">\n\t\t\t\t\t\t\t\t\t\t\t<\/div>\n\t\t\t\t\t\t\t\t<div class=\"elementor-field-type-text elementor-field-group elementor-column elementor-field-group-nachname elementor-col-50\">\n\t\t\t\t\t\t\t\t\t\t\t\t<label for=\"form-field-nachname\" class=\"elementor-field-label elementor-screen-only\">\n\t\t\t\t\t\t\t\tNachname\t\t\t\t\t\t\t<\/label>\n\t\t\t\t\t\t\t\t\t\t\t\t\t\t<input size=\"1\" type=\"text\" name=\"form_fields[nachname]\" id=\"form-field-nachname\" class=\"elementor-field elementor-size-sm  elementor-field-textual\" placeholder=\"Nachname *\">\n\t\t\t\t\t\t\t\t\t\t\t<\/div>\n\t\t\t\t\t\t\t\t<div class=\"elementor-field-type-email elementor-field-group elementor-column elementor-field-group-email elementor-col-50 elementor-field-required\">\n\t\t\t\t\t\t\t\t\t\t\t\t<label for=\"form-field-email\" class=\"elementor-field-label elementor-screen-only\">\n\t\t\t\t\t\t\t\tE-Mail\t\t\t\t\t\t\t<\/label>\n\t\t\t\t\t\t\t\t\t\t\t\t\t\t<input size=\"1\" type=\"email\" name=\"form_fields[email]\" id=\"form-field-email\" class=\"elementor-field elementor-size-sm  elementor-field-textual\" placeholder=\"E-Mail *\" required=\"required\">\n\t\t\t\t\t\t\t\t\t\t\t<\/div>\n\t\t\t\t\t\t\t\t<div class=\"elementor-field-type-text elementor-field-group elementor-column elementor-field-group-field_1 elementor-col-50 elementor-field-required\">\n\t\t\t\t\t\t\t\t\t\t\t\t<label for=\"form-field-field_1\" class=\"elementor-field-label elementor-screen-only\">\n\t\t\t\t\t\t\t\tTelefon\t\t\t\t\t\t\t<\/label>\n\t\t\t\t\t\t\t\t\t\t\t\t\t\t<input size=\"1\" type=\"text\" name=\"form_fields[field_1]\" id=\"form-field-field_1\" class=\"elementor-field elementor-size-sm  elementor-field-textual\" placeholder=\"Telefon * (Bsp. 044 714 72 72)\" required=\"required\">\n\t\t\t\t\t\t\t\t\t\t\t<\/div>\n\t\t\t\t\t\t\t\t<div class=\"elementor-field-type-textarea elementor-field-group elementor-column elementor-field-group-message elementor-col-100 elementor-field-required\">\n\t\t\t\t\t\t\t\t\t\t\t\t<label for=\"form-field-message\" class=\"elementor-field-label elementor-screen-only\">\n\t\t\t\t\t\t\t\tText\t\t\t\t\t\t\t<\/label>\n\t\t\t\t\t\t<textarea class=\"elementor-field-textual elementor-field  elementor-size-sm\" name=\"form_fields[message]\" id=\"form-field-message\" rows=\"10\" placeholder=\"Wie d\u00fcrfen wir Ihnen behilflich sein?\" required=\"required\"><\/textarea>\t\t\t\t<\/div>\n\t\t\t\t\t\t\t\t<div class=\"elementor-field-type-upload elementor-field-group elementor-column elementor-field-group-field_273d9e6 elementor-col-100\">\n\t\t\t\t\t\t\t\t\t\t\t\t<label for=\"form-field-field_273d9e6\" class=\"elementor-field-label elementor-screen-only\">\n\t\t\t\t\t\t\t\tDateianhang\t\t\t\t\t\t\t<\/label>\n\t\t\t\t\t\t\t\t<input type=\"file\" name=\"form_fields[field_273d9e6][]\" id=\"form-field-field_273d9e6\" class=\"elementor-field elementor-size-sm  elementor-upload-field\" multiple=\"multiple\" data-maxsize=\"8\" data-maxsize-message=\"This file exceeds the maximum allowed size.\">\n\n\t\t\t\t\t\t<\/div>\n\t\t\t\t\t\t\t\t<div class=\"elementor-field-type-checkbox elementor-field-group elementor-column elementor-field-group-field_ec79c6b elementor-col-100\">\n\t\t\t\t\t\t\t\t\t\t\t\t<label for=\"form-field-field_ec79c6b\" class=\"elementor-field-label elementor-screen-only\">\n\t\t\t\t\t\t\t\tWelche Arbeitsschritte interessieren Sie?\t\t\t\t\t\t\t<\/label>\n\t\t\t\t\t\t<div class=\"elementor-field-subgroup  \"><span class=\"elementor-field-option\"><input type=\"checkbox\" value=\"Lohnabf\u00fcllung\" id=\"form-field-field_ec79c6b-0\" name=\"form_fields[field_ec79c6b][]\"> <label for=\"form-field-field_ec79c6b-0\">Lohnabf\u00fcllung<\/label><\/span><span class=\"elementor-field-option\"><input type=\"checkbox\" value=\"Konfektionierung\" id=\"form-field-field_ec79c6b-1\" name=\"form_fields[field_ec79c6b][]\"> <label for=\"form-field-field_ec79c6b-1\">Konfektionierung<\/label><\/span><span class=\"elementor-field-option\"><input type=\"checkbox\" value=\"Verpackung und Versand\" id=\"form-field-field_ec79c6b-2\" name=\"form_fields[field_ec79c6b][]\"> <label for=\"form-field-field_ec79c6b-2\">Verpackung und Versand<\/label><\/span><span class=\"elementor-field-option\"><input type=\"checkbox\" value=\"Beratung\" id=\"form-field-field_ec79c6b-3\" name=\"form_fields[field_ec79c6b][]\"> <label for=\"form-field-field_ec79c6b-3\">Beratung<\/label><\/span><\/div>\t\t\t\t<\/div>\n\t\t\t\t\t\t\t\t<div class=\"elementor-field-type-recaptcha elementor-field-group elementor-column elementor-field-group-field_dc32d56 elementor-col-100\">\n\t\t\t\t\t<div class=\"elementor-field\" id=\"form-field-field_dc32d56\"><div class=\"elementor-g-recaptcha\" data-sitekey=\"6LefGsUsAAAAAHe8z7rYoWac5kEKesOUOsVeWCWu\" data-type=\"v2_checkbox\" data-theme=\"light\" data-size=\"normal\"><\/div><\/div>\t\t\t\t<\/div>\n\t\t\t\t\t\t\t\t<div class=\"elementor-field-group elementor-column elementor-field-type-submit elementor-col-100 e-form__buttons\">\n\t\t\t\t\t<button class=\"elementor-button elementor-size-xs\" type=\"submit\">\n\t\t\t\t\t\t<span class=\"elementor-button-content-wrapper\">\n\t\t\t\t\t\t\t\t\t\t\t\t\t\t\t<span class=\"elementor-button-icon\">\n\t\t\t\t\t\t\t\t\t<svg aria-hidden=\"true\" class=\"e-font-icon-svg e-fas-long-arrow-alt-right\" viewBox=\"0 0 448 512\" xmlns=\"http:\/\/www.w3.org\/2000\/svg\"><path d=\"M313.941 216H12c-6.627 0-12 5.373-12 12v56c0 6.627 5.373 12 12 12h301.941v46.059c0 21.382 25.851 32.09 40.971 16.971l86.059-86.059c9.373-9.373 9.373-24.569 0-33.941l-86.059-86.059c-15.119-15.119-40.971-4.411-40.971 16.971V216z\"><\/path><\/svg>\t\t\t\t\t\t\t\t\t\t\t\t\t\t\t\t\t<\/span>\n\t\t\t\t\t\t\t\t\t\t\t\t\t\t\t\t\t\t\t\t\t\t<span class=\"elementor-button-text\">Absenden<\/span>\n\t\t\t\t\t\t\t\t\t\t\t\t\t<\/span>\n\t\t\t\t\t<\/button>\n\t\t\t\t<\/div>\n\t\t\t<\/div>\n\t\t<\/form>\n\t\t\t\t\t\t<\/div>\n\t\t\t\t<\/div>\n\t\t\t\t<\/div>\n\t\t<div class=\"elementor-element elementor-element-bb61e2e e-con-full e-flex e-con e-child\" data-id=\"bb61e2e\" data-element_type=\"container\" data-e-type=\"container\">\n\t\t<div class=\"elementor-element elementor-element-78daf69 e-flex e-con-boxed e-con e-child\" data-id=\"78daf69\" data-element_type=\"container\" data-e-type=\"container\">\n\t\t\t\t\t<div class=\"e-con-inner\">\n\t\t\t\t<div class=\"elementor-element elementor-element-1464b4a big-title elementor-widget elementor-widget-heading\" data-id=\"1464b4a\" data-element_type=\"widget\" data-e-type=\"widget\" data-widget_type=\"heading.default\">\n\t\t\t\t<div class=\"elementor-widget-container\">\n\t\t\t\t\t<h2 class=\"elementor-heading-title elementor-size-xl\">Partner Konfektionierung.<\/h2>\t\t\t\t<\/div>\n\t\t\t\t<\/div>\n\t\t\t\t<div class=\"elementor-element elementor-element-567c27c elementor-widget elementor-widget-text-editor\" data-id=\"567c27c\" data-element_type=\"widget\" data-e-type=\"widget\" data-widget_type=\"text-editor.default\">\n\t\t\t\t<div class=\"elementor-widget-container\">\n\t\t\t\t\t\t\t\t\t<p>Auf ihre W\u00fcnsche an uns f\u00fcr die Konfektionierung gehen wir ein und besprechen gerne Sonderw\u00fcnsche und Sonderbedingungen f\u00fcr Ihren Auftrag. Ob bei der\u00a0<a href=\"\/lohnabfuellung\/\">Lohnabf\u00fcllung<\/a> oder auch Konfektionierung, unsere langj\u00e4hrige Erfahrung mit <a href=\"\/kosmetik\/\">Schweizer Kosmetik<\/a>, <a href=\"\/naturkosmetik\/\">Naturkosmetik<\/a> oder <a href=\"\/cat\/haushalt\/\">Reinigungsprodukten<\/a>, lassen wir immer einfliessen und versuchen Sie umf\u00e4nglich zu unterst\u00fctzen.\u00a0<\/p>\t\t\t\t\t\t\t\t<\/div>\n\t\t\t\t<\/div>\n\t\t\t\t<div class=\"elementor-element elementor-element-35f0adc elementor-widget elementor-widget-spacer\" data-id=\"35f0adc\" data-element_type=\"widget\" data-e-type=\"widget\" data-widget_type=\"spacer.default\">\n\t\t\t\t<div class=\"elementor-widget-container\">\n\t\t\t\t\t\t\t<div class=\"elementor-spacer\">\n\t\t\t<div class=\"elementor-spacer-inner\"><\/div>\n\t\t<\/div>\n\t\t\t\t\t\t<\/div>\n\t\t\t\t<\/div>\n\t\t\t\t\t<\/div>\n\t\t\t\t<\/div>\n\t\t<div class=\"elementor-element elementor-element-a2f5fd7 e-flex e-con-boxed e-con e-child\" data-id=\"a2f5fd7\" data-element_type=\"container\" data-e-type=\"container\">\n\t\t\t\t\t<div class=\"e-con-inner\">\n\t\t\t\t<div class=\"elementor-element elementor-element-8aa1a0f elementor-widget elementor-widget-image\" data-id=\"8aa1a0f\" data-element_type=\"widget\" data-e-type=\"widget\" data-widget_type=\"image.default\">\n\t\t\t\t<div class=\"elementor-widget-container\">\n\t\t\t\t\t\t\t\t\t\t\t\t\t\t\t<img loading=\"lazy\" decoding=\"async\" width=\"800\" height=\"600\" src=\"https:\/\/blidor.ch\/wp-content\/uploads\/partner-konfektionierung-1152x864.jpg\" class=\"attachment-large size-large wp-image-11833\" alt=\"Partner Konfektionierung\" srcset=\"https:\/\/blidor.ch\/wp-content\/uploads\/partner-konfektionierung-1152x864.jpg 1152w, https:\/\/blidor.ch\/wp-content\/uploads\/partner-konfektionierung-600x450.jpg 600w, https:\/\/blidor.ch\/wp-content\/uploads\/partner-konfektionierung-64x48.jpg 64w, https:\/\/blidor.ch\/wp-content\/uploads\/partner-konfektionierung-512x384.jpg 512w, https:\/\/blidor.ch\/wp-content\/uploads\/partner-konfektionierung-768x576.jpg 768w, https:\/\/blidor.ch\/wp-content\/uploads\/partner-konfektionierung.jpg 1200w\" sizes=\"(max-width: 800px) 100vw, 800px\" \/>\t\t\t\t\t\t\t\t\t\t\t\t\t\t\t<\/div>\n\t\t\t\t<\/div>\n\t\t\t\t\t<\/div>\n\t\t\t\t<\/div>\n\t\t\t\t<\/div>\n\t\t\t\t\t<\/div>\n\t\t\t\t<\/div>\n\t\t<div class=\"elementor-element elementor-element-c96ed2c e-flex e-con-boxed e-con e-parent\" data-id=\"c96ed2c\" data-element_type=\"container\" data-e-type=\"container\">\n\t\t\t\t\t<div class=\"e-con-inner\">\n\t\t<div class=\"elementor-element elementor-element-ba4c0a6 e-con-full e-flex e-con e-child\" data-id=\"ba4c0a6\" data-element_type=\"container\" data-e-type=\"container\">\n\t\t\t\t<div class=\"elementor-element elementor-element-17d1779 big-title elementor-widget elementor-widget-heading\" data-id=\"17d1779\" data-element_type=\"widget\" data-e-type=\"widget\" data-widget_type=\"heading.default\">\n\t\t\t\t<div class=\"elementor-widget-container\">\n\t\t\t\t\t<h2 class=\"elementor-heading-title elementor-size-xl\">Unsere Kunden.<\/h2>\t\t\t\t<\/div>\n\t\t\t\t<\/div>\n\t\t\t\t<\/div>\n\t\t<div class=\"elementor-element elementor-element-fd813f9 e-con-full e-flex e-con e-child\" data-id=\"fd813f9\" data-element_type=\"container\" data-e-type=\"container\">\n\t\t\t\t<div class=\"elementor-element elementor-element-8a45949 elementor-widget elementor-widget-image\" data-id=\"8a45949\" data-element_type=\"widget\" data-e-type=\"widget\" data-widget_type=\"image.default\">\n\t\t\t\t<div class=\"elementor-widget-container\">\n\t\t\t\t\t\t\t\t\t\t\t\t\t\t\t<img loading=\"lazy\" decoding=\"async\" width=\"600\" height=\"400\" src=\"https:\/\/blidor.ch\/wp-content\/uploads\/Albis-Logo.jpg\" class=\"attachment-large size-large wp-image-3082\" alt=\"albis Switzerland\" srcset=\"https:\/\/blidor.ch\/wp-content\/uploads\/Albis-Logo.jpg 600w, https:\/\/blidor.ch\/wp-content\/uploads\/Albis-Logo-64x43.jpg 64w, https:\/\/blidor.ch\/wp-content\/uploads\/Albis-Logo-512x341.jpg 512w\" sizes=\"(max-width: 600px) 100vw, 600px\" \/>\t\t\t\t\t\t\t\t\t\t\t\t\t\t\t<\/div>\n\t\t\t\t<\/div>\n\t\t\t\t<\/div>\n\t\t<div class=\"elementor-element elementor-element-44ab6f6 e-con-full e-flex e-con e-child\" data-id=\"44ab6f6\" data-element_type=\"container\" data-e-type=\"container\">\n\t\t\t\t<div class=\"elementor-element elementor-element-9e94044 elementor-widget elementor-widget-image\" data-id=\"9e94044\" data-element_type=\"widget\" data-e-type=\"widget\" data-widget_type=\"image.default\">\n\t\t\t\t<div class=\"elementor-widget-container\">\n\t\t\t\t\t\t\t\t\t\t\t\t\t\t\t<img loading=\"lazy\" decoding=\"async\" width=\"600\" height=\"400\" src=\"https:\/\/blidor.ch\/wp-content\/uploads\/Schwarzbart-Logo.jpg\" class=\"attachment-large size-large wp-image-3084\" alt=\"Schwarzbart\" srcset=\"https:\/\/blidor.ch\/wp-content\/uploads\/Schwarzbart-Logo.jpg 600w, https:\/\/blidor.ch\/wp-content\/uploads\/Schwarzbart-Logo-64x43.jpg 64w, https:\/\/blidor.ch\/wp-content\/uploads\/Schwarzbart-Logo-512x341.jpg 512w\" sizes=\"(max-width: 600px) 100vw, 600px\" \/>\t\t\t\t\t\t\t\t\t\t\t\t\t\t\t<\/div>\n\t\t\t\t<\/div>\n\t\t\t\t<\/div>\n\t\t<div class=\"elementor-element elementor-element-c15008a e-con-full e-flex e-con e-child\" data-id=\"c15008a\" data-element_type=\"container\" data-e-type=\"container\">\n\t\t\t\t<div class=\"elementor-element elementor-element-77d38c7 elementor-widget elementor-widget-image\" data-id=\"77d38c7\" data-element_type=\"widget\" data-e-type=\"widget\" data-widget_type=\"image.default\">\n\t\t\t\t<div class=\"elementor-widget-container\">\n\t\t\t\t\t\t\t\t\t\t\t\t\t\t\t<img loading=\"lazy\" decoding=\"async\" width=\"600\" height=\"400\" src=\"https:\/\/blidor.ch\/wp-content\/uploads\/Franke-Logo.jpg\" class=\"attachment-large size-large wp-image-3083\" alt=\"FRANKE\" srcset=\"https:\/\/blidor.ch\/wp-content\/uploads\/Franke-Logo.jpg 600w, https:\/\/blidor.ch\/wp-content\/uploads\/Franke-Logo-64x43.jpg 64w, https:\/\/blidor.ch\/wp-content\/uploads\/Franke-Logo-512x341.jpg 512w\" sizes=\"(max-width: 600px) 100vw, 600px\" \/>\t\t\t\t\t\t\t\t\t\t\t\t\t\t\t<\/div>\n\t\t\t\t<\/div>\n\t\t\t\t<\/div>\n\t\t\t\t\t<\/div>\n\t\t\t\t<\/div>\n\t\t\t\t<\/div>\n\t\t","protected":false},"excerpt":{"rendered":"<p>Ob einfache Verpackung, ein Geschenkset oder ein komplexes Vorhaben, ob kleine oder grosse Auflage, gerne helfen wir Ihnen, dieses Projekt effizient und erfolgreich umzusetzen. Sprechen Sie uns hierzu an. Wir freuen uns auf Sie. Senden Sie uns Ihre unverbindliche Anfrage, wir werden uns umgehend bei Ihnen melden. Wir freuen uns auf Sie! Partner Konfektionierung. Auf [&hellip;]<\/p>\n","protected":false},"author":0,"featured_media":11830,"parent":0,"menu_order":0,"comment_status":"closed","ping_status":"closed","template":"elementor_header_footer","meta":{"footnotes":""},"class_list":["post-800","page","type-page","status-publish","has-post-thumbnail","hentry"],"_links":{"self":[{"href":"https:\/\/blidor.ch\/fr\/wp-json\/wp\/v2\/pages\/800","targetHints":{"allow":["GET"]}}],"collection":[{"href":"https:\/\/blidor.ch\/fr\/wp-json\/wp\/v2\/pages"}],"about":[{"href":"https:\/\/blidor.ch\/fr\/wp-json\/wp\/v2\/types\/page"}],"replies":[{"embeddable":true,"href":"https:\/\/blidor.ch\/fr\/wp-json\/wp\/v2\/comments?post=800"}],"version-history":[{"count":0,"href":"https:\/\/blidor.ch\/fr\/wp-json\/wp\/v2\/pages\/800\/revisions"}],"wp:featuredmedia":[{"embeddable":true,"href":"https:\/\/blidor.ch\/fr\/wp-json\/wp\/v2\/media\/11830"}],"wp:attachment":[{"href":"https:\/\/blidor.ch\/fr\/wp-json\/wp\/v2\/media?parent=800"}],"curies":[{"name":"wp","href":"https:\/\/api.w.org\/{rel}","templated":true}]}}