{"id":16422,"date":"2023-04-19T15:46:24","date_gmt":"2023-04-19T13:46:24","guid":{"rendered":"https:\/\/blidor.ch\/?page_id=16422"},"modified":"2024-05-14T08:23:08","modified_gmt":"2024-05-14T06:23:08","slug":"activite","status":"publish","type":"page","link":"https:\/\/blidor.ch\/fr\/taetigkeit\/","title":{"rendered":"Activit\u00e9"},"content":{"rendered":"<div data-elementor-type=\"wp-page\" data-elementor-id=\"16422\" class=\"elementor elementor-16422\" data-elementor-post-type=\"page\">\n\t\t\t\t<div class=\"elementor-element elementor-element-a20e7f4 e-flex e-con-boxed e-con e-parent\" data-id=\"a20e7f4\" data-element_type=\"container\" data-e-type=\"container\">\n\t\t\t\t\t<div class=\"e-con-inner\">\n\t\t<div class=\"elementor-element elementor-element-b4c8749 e-con-full e-flex e-con e-child\" data-id=\"b4c8749\" data-element_type=\"container\" data-e-type=\"container\">\n\t\t\t\t<div class=\"elementor-element elementor-element-ce6909b elementor-align-center elementor-tablet-align-center elementor-mobile-align-center elementor-widget elementor-widget-button\" data-id=\"ce6909b\" data-element_type=\"widget\" data-e-type=\"widget\" data-widget_type=\"button.default\">\n\t\t\t\t<div class=\"elementor-widget-container\">\n\t\t\t\t\t\t\t\t\t<div class=\"elementor-button-wrapper\">\n\t\t\t\t\t<a class=\"elementor-button elementor-button-link elementor-size-sm\" href=\"\/fr\/consultation-en-ligne\/\">\n\t\t\t\t\t\t<span class=\"elementor-button-content-wrapper\">\n\t\t\t\t\t\t<span class=\"elementor-button-icon\">\n\t\t\t\t<svg aria-hidden=\"true\" class=\"e-font-icon-svg e-fas-angle-double-left\" viewbox=\"0 0 448 512\" xmlns=\"http:\/\/www.w3.org\/2000\/svg\"><path d=\"M223.7 239l136-136c9.4-9.4 24.6-9.4 33.9 0l22.6 22.6c9.4 9.4 9.4 24.6 0 33.9L319.9 256l96.4 96.4c9.4 9.4 9.4 24.6 0 33.9L393.7 409c-9.4 9.4-24.6 9.4-33.9 0l-136-136c-9.5-9.4-9.5-24.6-.1-34zm-192 34l136 136c9.4 9.4 24.6 9.4 33.9 0l22.6-22.6c9.4-9.4 9.4-24.6 0-33.9L127.9 256l96.4-96.4c9.4-9.4 9.4-24.6 0-33.9L201.7 103c-9.4-9.4-24.6-9.4-33.9 0l-136 136c-9.5 9.4-9.5 24.6-.1 34z\"><\/path><\/svg>\t\t\t<\/span>\n\t\t\t\t\t\t\t\t\t<span class=\"elementor-button-text\">Aper\u00e7u<\/span>\n\t\t\t\t\t<\/span>\n\t\t\t\t\t<\/a>\n\t\t\t\t<\/div>\n\t\t\t\t\t\t\t\t<\/div>\n\t\t\t\t<\/div>\n\t\t\t\t<\/div>\n\t\t\t\t\t<\/div>\n\t\t\t\t<\/div>\n\t\t<div class=\"elementor-element elementor-element-efbbfb3 e-flex e-con-boxed e-con e-parent\" data-id=\"efbbfb3\" data-element_type=\"container\" data-e-type=\"container\">\n\t\t\t\t\t<div class=\"e-con-inner\">\n\t\t<div class=\"elementor-element elementor-element-5e2f3c1 e-con-full e-flex e-con e-child\" data-id=\"5e2f3c1\" data-element_type=\"container\" data-e-type=\"container\">\n\t\t\t\t<div class=\"elementor-element elementor-element-8a27627 elementor-widget elementor-widget-heading\" data-id=\"8a27627\" data-element_type=\"widget\" data-e-type=\"widget\" data-widget_type=\"heading.default\">\n\t\t\t\t<div class=\"elementor-widget-container\">\n\t\t\t\t\t<h2 class=\"elementor-heading-title elementor-size-xxl\">Activit\u00e9<\/h2>\t\t\t\t<\/div>\n\t\t\t\t<\/div>\n\t\t\t\t<\/div>\n\t\t\t\t\t<\/div>\n\t\t\t\t<\/div>\n\t\t<div class=\"elementor-element elementor-element-ed585c7 e-flex e-con-boxed e-con e-parent\" data-id=\"ed585c7\" data-element_type=\"container\" data-e-type=\"container\">\n\t\t\t\t\t<div class=\"e-con-inner\">\n\t\t<div class=\"elementor-element elementor-element-9d5633f e-con-full e-flex e-con e-child\" data-id=\"9d5633f\" data-element_type=\"container\" data-e-type=\"container\">\n\t\t\t\t<div class=\"elementor-element elementor-element-6d512e3 elementor-widget elementor-widget-image\" data-id=\"6d512e3\" data-element_type=\"widget\" data-e-type=\"widget\" data-widget_type=\"image.default\">\n\t\t\t\t<div class=\"elementor-widget-container\">\n\t\t\t\t\t\t\t\t\t\t\t\t\t\t\t\t<a href=\"\/fr\/parfum-dambiance\/\">\n\t\t\t\t\t\t\t<img fetchpriority=\"high\" decoding=\"async\" width=\"800\" height=\"800\" src=\"https:\/\/blidor.ch\/wp-content\/uploads\/Sandelholz-1152x1152.jpg\" class=\"attachment-large size-large wp-image-10447\" alt=\"Bois de santal\" srcset=\"https:\/\/blidor.ch\/wp-content\/uploads\/Sandelholz-1152x1152.jpg 1152w, https:\/\/blidor.ch\/wp-content\/uploads\/Sandelholz-300x300.jpg 300w, https:\/\/blidor.ch\/wp-content\/uploads\/Sandelholz-100x100.jpg 100w, https:\/\/blidor.ch\/wp-content\/uploads\/Sandelholz-600x600.jpg 600w, https:\/\/blidor.ch\/wp-content\/uploads\/Sandelholz-64x64.jpg 64w, https:\/\/blidor.ch\/wp-content\/uploads\/Sandelholz-512x512.jpg 512w, https:\/\/blidor.ch\/wp-content\/uploads\/Sandelholz-256x256.jpg 256w, https:\/\/blidor.ch\/wp-content\/uploads\/Sandelholz-768x768.jpg 768w, https:\/\/blidor.ch\/wp-content\/uploads\/Sandelholz.jpg 1200w\" sizes=\"(max-width: 800px) 100vw, 800px\" \/>\t\t\t\t\t\t\t\t<\/a>\n\t\t\t\t\t\t\t\t\t\t\t\t\t\t\t<\/div>\n\t\t\t\t<\/div>\n\t\t\t\t<div class=\"elementor-element elementor-element-cd57b27 elementor-widget elementor-widget-heading\" data-id=\"cd57b27\" data-element_type=\"widget\" data-e-type=\"widget\" data-widget_type=\"heading.default\">\n\t\t\t\t<div class=\"elementor-widget-container\">\n\t\t\t\t\t<h2 class=\"elementor-heading-title elementor-size-xl\"><a href=\"\/fr\/parfum-dambiance\/\">Rafra\u00eechir l'air<\/a><\/h2>\t\t\t\t<\/div>\n\t\t\t\t<\/div>\n\t\t\t\t<\/div>\n\t\t<div class=\"elementor-element elementor-element-a267480 e-con-full e-flex e-con e-child\" data-id=\"a267480\" data-element_type=\"container\" data-e-type=\"container\">\n\t\t\t\t<div class=\"elementor-element elementor-element-37a244b elementor-widget elementor-widget-image\" data-id=\"37a244b\" data-element_type=\"widget\" data-e-type=\"widget\" data-widget_type=\"image.default\">\n\t\t\t\t<div class=\"elementor-widget-container\">\n\t\t\t\t\t\t\t\t\t\t\t\t\t\t\t\t<a href=\"\/fr\/lessive\/\">\n\t\t\t\t\t\t\t<img decoding=\"async\" width=\"800\" height=\"800\" src=\"https:\/\/blidor.ch\/wp-content\/uploads\/taetigkeit-waeschewaschen-1200px-1152x1152.jpg\" class=\"attachment-large size-large wp-image-16428\" alt=\"\" srcset=\"https:\/\/blidor.ch\/wp-content\/uploads\/taetigkeit-waeschewaschen-1200px-1152x1152.jpg 1152w, https:\/\/blidor.ch\/wp-content\/uploads\/taetigkeit-waeschewaschen-1200px-512x512.jpg 512w, https:\/\/blidor.ch\/wp-content\/uploads\/taetigkeit-waeschewaschen-1200px-256x256.jpg 256w, https:\/\/blidor.ch\/wp-content\/uploads\/taetigkeit-waeschewaschen-1200px-768x768.jpg 768w, https:\/\/blidor.ch\/wp-content\/uploads\/taetigkeit-waeschewaschen-1200px-12x12.jpg 12w, https:\/\/blidor.ch\/wp-content\/uploads\/taetigkeit-waeschewaschen-1200px-300x300.jpg 300w, https:\/\/blidor.ch\/wp-content\/uploads\/taetigkeit-waeschewaschen-1200px-600x600.jpg 600w, https:\/\/blidor.ch\/wp-content\/uploads\/taetigkeit-waeschewaschen-1200px-100x100.jpg 100w, https:\/\/blidor.ch\/wp-content\/uploads\/taetigkeit-waeschewaschen-1200px-64x64.jpg 64w, https:\/\/blidor.ch\/wp-content\/uploads\/taetigkeit-waeschewaschen-1200px.jpg 1200w\" sizes=\"(max-width: 800px) 100vw, 800px\" \/>\t\t\t\t\t\t\t\t<\/a>\n\t\t\t\t\t\t\t\t\t\t\t\t\t\t\t<\/div>\n\t\t\t\t<\/div>\n\t\t\t\t<div class=\"elementor-element elementor-element-239e956 elementor-widget elementor-widget-heading\" data-id=\"239e956\" data-element_type=\"widget\" data-e-type=\"widget\" data-widget_type=\"heading.default\">\n\t\t\t\t<div class=\"elementor-widget-container\">\n\t\t\t\t\t<h2 class=\"elementor-heading-title elementor-size-xl\"><a href=\"\/fr\/lessive\/\">Laver le linge<\/a><\/h2>\t\t\t\t<\/div>\n\t\t\t\t<\/div>\n\t\t\t\t<\/div>\n\t\t<div class=\"elementor-element elementor-element-e0b421e e-con-full e-flex e-con e-child\" data-id=\"e0b421e\" data-element_type=\"container\" data-e-type=\"container\">\n\t\t\t\t<div class=\"elementor-element elementor-element-dffb723 elementor-widget elementor-widget-image\" data-id=\"dffb723\" data-element_type=\"widget\" data-e-type=\"widget\" data-widget_type=\"image.default\">\n\t\t\t\t<div class=\"elementor-widget-container\">\n\t\t\t\t\t\t\t\t\t\t\t\t\t\t\t\t<a href=\"\/fr\/boutique-en-ligne\/salikid-universalreiniger\/\">\n\t\t\t\t\t\t\t<img decoding=\"async\" width=\"800\" height=\"800\" src=\"https:\/\/blidor.ch\/wp-content\/uploads\/taetigkeit-geschirrspuelen-1200px-1152x1152.jpg\" class=\"attachment-large size-large wp-image-16425\" alt=\"\" srcset=\"https:\/\/blidor.ch\/wp-content\/uploads\/taetigkeit-geschirrspuelen-1200px-1152x1152.jpg 1152w, https:\/\/blidor.ch\/wp-content\/uploads\/taetigkeit-geschirrspuelen-1200px-512x512.jpg 512w, https:\/\/blidor.ch\/wp-content\/uploads\/taetigkeit-geschirrspuelen-1200px-256x256.jpg 256w, https:\/\/blidor.ch\/wp-content\/uploads\/taetigkeit-geschirrspuelen-1200px-768x768.jpg 768w, https:\/\/blidor.ch\/wp-content\/uploads\/taetigkeit-geschirrspuelen-1200px-12x12.jpg 12w, https:\/\/blidor.ch\/wp-content\/uploads\/taetigkeit-geschirrspuelen-1200px-300x300.jpg 300w, https:\/\/blidor.ch\/wp-content\/uploads\/taetigkeit-geschirrspuelen-1200px-600x600.jpg 600w, https:\/\/blidor.ch\/wp-content\/uploads\/taetigkeit-geschirrspuelen-1200px-100x100.jpg 100w, https:\/\/blidor.ch\/wp-content\/uploads\/taetigkeit-geschirrspuelen-1200px-64x64.jpg 64w, https:\/\/blidor.ch\/wp-content\/uploads\/elementor\/thumbs\/taetigkeit-geschirrspuelen-1200px-q58whlh6xag6o84ja4q6kwh8wws7r6sw3e8z8r9c7k.jpg 1000w, https:\/\/blidor.ch\/wp-content\/uploads\/taetigkeit-geschirrspuelen-1200px.jpg 1200w\" sizes=\"(max-width: 800px) 100vw, 800px\" \/>\t\t\t\t\t\t\t\t<\/a>\n\t\t\t\t\t\t\t\t\t\t\t\t\t\t\t<\/div>\n\t\t\t\t<\/div>\n\t\t\t\t<div class=\"elementor-element elementor-element-b84d6f0 elementor-widget elementor-widget-heading\" data-id=\"b84d6f0\" data-element_type=\"widget\" data-e-type=\"widget\" data-widget_type=\"heading.default\">\n\t\t\t\t<div class=\"elementor-widget-container\">\n\t\t\t\t\t<h2 class=\"elementor-heading-title elementor-size-xl\"><a href=\"\/fr\/boutique-en-ligne\/salikid-universalreiniger\/\">Rincer<\/a><\/h2>\t\t\t\t<\/div>\n\t\t\t\t<\/div>\n\t\t\t\t<\/div>\n\t\t<div class=\"elementor-element elementor-element-8db7f7d e-con-full e-flex e-con e-child\" data-id=\"8db7f7d\" data-element_type=\"container\" data-e-type=\"container\">\n\t\t\t\t<div class=\"elementor-element elementor-element-e3e907a elementor-widget elementor-widget-image\" data-id=\"e3e907a\" data-element_type=\"widget\" data-e-type=\"widget\" data-widget_type=\"image.default\">\n\t\t\t\t<div class=\"elementor-widget-container\">\n\t\t\t\t\t\t\t\t\t\t\t\t\t\t\t\t<a href=\"\/fr\/boutique-en-ligne\/granules-parfumes-dufti\/\">\n\t\t\t\t\t\t\t<img loading=\"lazy\" decoding=\"async\" width=\"800\" height=\"800\" src=\"https:\/\/blidor.ch\/wp-content\/uploads\/taetigkeit-staubsaugen-1200px-1152x1152.jpg\" class=\"attachment-large size-large wp-image-16426\" alt=\"\" srcset=\"https:\/\/blidor.ch\/wp-content\/uploads\/taetigkeit-staubsaugen-1200px-1152x1152.jpg 1152w, https:\/\/blidor.ch\/wp-content\/uploads\/taetigkeit-staubsaugen-1200px-512x512.jpg 512w, https:\/\/blidor.ch\/wp-content\/uploads\/taetigkeit-staubsaugen-1200px-256x256.jpg 256w, https:\/\/blidor.ch\/wp-content\/uploads\/taetigkeit-staubsaugen-1200px-768x768.jpg 768w, https:\/\/blidor.ch\/wp-content\/uploads\/taetigkeit-staubsaugen-1200px-12x12.jpg 12w, https:\/\/blidor.ch\/wp-content\/uploads\/taetigkeit-staubsaugen-1200px-300x300.jpg 300w, https:\/\/blidor.ch\/wp-content\/uploads\/taetigkeit-staubsaugen-1200px-600x600.jpg 600w, https:\/\/blidor.ch\/wp-content\/uploads\/taetigkeit-staubsaugen-1200px-100x100.jpg 100w, https:\/\/blidor.ch\/wp-content\/uploads\/taetigkeit-staubsaugen-1200px-64x64.jpg 64w, https:\/\/blidor.ch\/wp-content\/uploads\/taetigkeit-staubsaugen-1200px.jpg 1200w\" sizes=\"(max-width: 800px) 100vw, 800px\" \/>\t\t\t\t\t\t\t\t<\/a>\n\t\t\t\t\t\t\t\t\t\t\t\t\t\t\t<\/div>\n\t\t\t\t<\/div>\n\t\t\t\t<div class=\"elementor-element elementor-element-0bbda0c elementor-widget elementor-widget-heading\" data-id=\"0bbda0c\" data-element_type=\"widget\" data-e-type=\"widget\" data-widget_type=\"heading.default\">\n\t\t\t\t<div class=\"elementor-widget-container\">\n\t\t\t\t\t<h2 class=\"elementor-heading-title elementor-size-xl\"><a href=\"\/fr\/boutique-en-ligne\/granules-parfumes-dufti\/\">Passer l'aspirateur<\/a><\/h2>\t\t\t\t<\/div>\n\t\t\t\t<\/div>\n\t\t\t\t<\/div>\n\t\t\t\t\t<\/div>\n\t\t\t\t<\/div>\n\t\t<div class=\"elementor-element elementor-element-a981968 e-flex e-con-boxed e-con e-parent\" data-id=\"a981968\" data-element_type=\"container\" data-e-type=\"container\">\n\t\t\t\t\t<div class=\"e-con-inner\">\n\t\t<div class=\"elementor-element elementor-element-c7b1e8c e-con-full e-flex e-con e-child\" data-id=\"c7b1e8c\" data-element_type=\"container\" data-e-type=\"container\">\n\t\t\t\t<div class=\"elementor-element elementor-element-40e2265 elementor-widget elementor-widget-image\" data-id=\"40e2265\" data-element_type=\"widget\" data-e-type=\"widget\" data-widget_type=\"image.default\">\n\t\t\t\t<div class=\"elementor-widget-container\">\n\t\t\t\t\t\t\t\t\t\t\t\t\t\t\t\t<a href=\"\/fr\/boutique-en-ligne\/bli-des-calcaire-de-decoration\/\">\n\t\t\t\t\t\t\t<img loading=\"lazy\" decoding=\"async\" width=\"800\" height=\"800\" src=\"https:\/\/blidor.ch\/wp-content\/uploads\/taetigkeit-oberflaechenreinigen-1200px-1152x1152.jpg\" class=\"attachment-large size-large wp-image-16429\" alt=\"\" srcset=\"https:\/\/blidor.ch\/wp-content\/uploads\/taetigkeit-oberflaechenreinigen-1200px-1152x1152.jpg 1152w, https:\/\/blidor.ch\/wp-content\/uploads\/taetigkeit-oberflaechenreinigen-1200px-512x512.jpg 512w, https:\/\/blidor.ch\/wp-content\/uploads\/taetigkeit-oberflaechenreinigen-1200px-256x256.jpg 256w, https:\/\/blidor.ch\/wp-content\/uploads\/taetigkeit-oberflaechenreinigen-1200px-768x768.jpg 768w, https:\/\/blidor.ch\/wp-content\/uploads\/taetigkeit-oberflaechenreinigen-1200px-12x12.jpg 12w, https:\/\/blidor.ch\/wp-content\/uploads\/taetigkeit-oberflaechenreinigen-1200px-300x300.jpg 300w, https:\/\/blidor.ch\/wp-content\/uploads\/taetigkeit-oberflaechenreinigen-1200px-600x600.jpg 600w, https:\/\/blidor.ch\/wp-content\/uploads\/taetigkeit-oberflaechenreinigen-1200px-100x100.jpg 100w, https:\/\/blidor.ch\/wp-content\/uploads\/taetigkeit-oberflaechenreinigen-1200px-64x64.jpg 64w, https:\/\/blidor.ch\/wp-content\/uploads\/taetigkeit-oberflaechenreinigen-1200px.jpg 1200w\" sizes=\"(max-width: 800px) 100vw, 800px\" \/>\t\t\t\t\t\t\t\t<\/a>\n\t\t\t\t\t\t\t\t\t\t\t\t\t\t\t<\/div>\n\t\t\t\t<\/div>\n\t\t\t\t<div class=\"elementor-element elementor-element-d8ee62b elementor-widget elementor-widget-heading\" data-id=\"d8ee62b\" data-element_type=\"widget\" data-e-type=\"widget\" data-widget_type=\"heading.default\">\n\t\t\t\t<div class=\"elementor-widget-container\">\n\t\t\t\t\t<h2 class=\"elementor-heading-title elementor-size-xl\"><a href=\"\/fr\/boutique-en-ligne\/bli-des-calcaire-de-decoration\/\">Nettoyer les surfaces<\/a><\/h2>\t\t\t\t<\/div>\n\t\t\t\t<\/div>\n\t\t\t\t<\/div>\n\t\t<div class=\"elementor-element elementor-element-d0e6309 e-con-full e-flex e-con e-child\" data-id=\"d0e6309\" data-element_type=\"container\" data-e-type=\"container\">\n\t\t\t\t<div class=\"elementor-element elementor-element-3069407 elementor-widget elementor-widget-image\" data-id=\"3069407\" data-element_type=\"widget\" data-e-type=\"widget\" data-widget_type=\"image.default\">\n\t\t\t\t<div class=\"elementor-widget-container\">\n\t\t\t\t\t\t\t\t\t\t\t\t\t\t\t\t<a href=\"\/fr\/boutique-en-ligne\/bli-des-desinfection-des-surfaces\/\">\n\t\t\t\t\t\t\t<img loading=\"lazy\" decoding=\"async\" width=\"800\" height=\"800\" src=\"https:\/\/blidor.ch\/wp-content\/uploads\/taetigkeit-oberflaechendesinfizieren-1200px-1152x1152.jpg\" class=\"attachment-large size-large wp-image-16431\" alt=\"\" srcset=\"https:\/\/blidor.ch\/wp-content\/uploads\/taetigkeit-oberflaechendesinfizieren-1200px-1152x1152.jpg 1152w, https:\/\/blidor.ch\/wp-content\/uploads\/taetigkeit-oberflaechendesinfizieren-1200px-512x512.jpg 512w, https:\/\/blidor.ch\/wp-content\/uploads\/taetigkeit-oberflaechendesinfizieren-1200px-256x256.jpg 256w, https:\/\/blidor.ch\/wp-content\/uploads\/taetigkeit-oberflaechendesinfizieren-1200px-768x768.jpg 768w, https:\/\/blidor.ch\/wp-content\/uploads\/taetigkeit-oberflaechendesinfizieren-1200px-12x12.jpg 12w, https:\/\/blidor.ch\/wp-content\/uploads\/taetigkeit-oberflaechendesinfizieren-1200px-300x300.jpg 300w, https:\/\/blidor.ch\/wp-content\/uploads\/taetigkeit-oberflaechendesinfizieren-1200px-600x600.jpg 600w, https:\/\/blidor.ch\/wp-content\/uploads\/taetigkeit-oberflaechendesinfizieren-1200px-100x100.jpg 100w, https:\/\/blidor.ch\/wp-content\/uploads\/taetigkeit-oberflaechendesinfizieren-1200px-64x64.jpg 64w, https:\/\/blidor.ch\/wp-content\/uploads\/taetigkeit-oberflaechendesinfizieren-1200px.jpg 1200w\" sizes=\"(max-width: 800px) 100vw, 800px\" \/>\t\t\t\t\t\t\t\t<\/a>\n\t\t\t\t\t\t\t\t\t\t\t\t\t\t\t<\/div>\n\t\t\t\t<\/div>\n\t\t\t\t<div class=\"elementor-element elementor-element-f5ebec2 elementor-widget elementor-widget-heading\" data-id=\"f5ebec2\" data-element_type=\"widget\" data-e-type=\"widget\" data-widget_type=\"heading.default\">\n\t\t\t\t<div class=\"elementor-widget-container\">\n\t\t\t\t\t<h2 class=\"elementor-heading-title elementor-size-xl\"><a href=\"\/fr\/boutique-en-ligne\/bli-des-desinfection-des-surfaces\/\">D\u00e9sinfecter les surfaces<\/a><\/h2>\t\t\t\t<\/div>\n\t\t\t\t<\/div>\n\t\t\t\t<\/div>\n\t\t<div class=\"elementor-element elementor-element-e1f3a04 e-con-full e-flex e-con e-child\" data-id=\"e1f3a04\" data-element_type=\"container\" data-e-type=\"container\">\n\t\t\t\t<div class=\"elementor-element elementor-element-c26c65a elementor-widget elementor-widget-image\" data-id=\"c26c65a\" data-element_type=\"widget\" data-e-type=\"widget\" data-widget_type=\"image.default\">\n\t\t\t\t<div class=\"elementor-widget-container\">\n\t\t\t\t\t\t\t\t\t\t\t\t\t\t\t\t<a href=\"\/fr\/boutique-en-ligne\/bli-des-calcaire-concentre\/\">\n\t\t\t\t\t\t\t<img loading=\"lazy\" decoding=\"async\" width=\"800\" height=\"800\" src=\"https:\/\/blidor.ch\/wp-content\/uploads\/taetigkeit-maschineentkalken-1200px-1152x1152.jpg\" class=\"attachment-large size-large wp-image-16430\" alt=\"\" srcset=\"https:\/\/blidor.ch\/wp-content\/uploads\/taetigkeit-maschineentkalken-1200px-1152x1152.jpg 1152w, https:\/\/blidor.ch\/wp-content\/uploads\/taetigkeit-maschineentkalken-1200px-512x512.jpg 512w, https:\/\/blidor.ch\/wp-content\/uploads\/taetigkeit-maschineentkalken-1200px-256x256.jpg 256w, https:\/\/blidor.ch\/wp-content\/uploads\/taetigkeit-maschineentkalken-1200px-768x768.jpg 768w, https:\/\/blidor.ch\/wp-content\/uploads\/taetigkeit-maschineentkalken-1200px-12x12.jpg 12w, https:\/\/blidor.ch\/wp-content\/uploads\/taetigkeit-maschineentkalken-1200px-300x300.jpg 300w, https:\/\/blidor.ch\/wp-content\/uploads\/taetigkeit-maschineentkalken-1200px-600x600.jpg 600w, https:\/\/blidor.ch\/wp-content\/uploads\/taetigkeit-maschineentkalken-1200px-100x100.jpg 100w, https:\/\/blidor.ch\/wp-content\/uploads\/taetigkeit-maschineentkalken-1200px-64x64.jpg 64w, https:\/\/blidor.ch\/wp-content\/uploads\/taetigkeit-maschineentkalken-1200px.jpg 1200w\" sizes=\"(max-width: 800px) 100vw, 800px\" \/>\t\t\t\t\t\t\t\t<\/a>\n\t\t\t\t\t\t\t\t\t\t\t\t\t\t\t<\/div>\n\t\t\t\t<\/div>\n\t\t\t\t<div class=\"elementor-element elementor-element-91a9536 elementor-widget elementor-widget-heading\" data-id=\"91a9536\" data-element_type=\"widget\" data-e-type=\"widget\" data-widget_type=\"heading.default\">\n\t\t\t\t<div class=\"elementor-widget-container\">\n\t\t\t\t\t<h2 class=\"elementor-heading-title elementor-size-xl\"><a href=\"\/fr\/boutique-en-ligne\/bli-des-calcaire-concentre\/\">D\u00e9tartrer les machines<\/a><\/h2>\t\t\t\t<\/div>\n\t\t\t\t<\/div>\n\t\t\t\t<\/div>\n\t\t<div class=\"elementor-element elementor-element-6c65d27 e-con-full e-flex e-con e-child\" data-id=\"6c65d27\" data-element_type=\"container\" data-e-type=\"container\">\n\t\t\t\t<div class=\"elementor-element elementor-element-e744763 elementor-widget elementor-widget-image\" data-id=\"e744763\" data-element_type=\"widget\" data-e-type=\"widget\" data-widget_type=\"image.default\">\n\t\t\t\t<div class=\"elementor-widget-container\">\n\t\t\t\t\t\t\t\t\t\t\t\t\t\t\t\t<a href=\"\/fr\/boutique-en-ligne\/clasin-nettoyant-pour-vitres\/\">\n\t\t\t\t\t\t\t<img loading=\"lazy\" decoding=\"async\" width=\"800\" height=\"800\" src=\"https:\/\/blidor.ch\/wp-content\/uploads\/taetigkeit-fensterreinigen-1200px-1152x1152.jpg\" class=\"attachment-large size-large wp-image-16427\" alt=\"\" srcset=\"https:\/\/blidor.ch\/wp-content\/uploads\/taetigkeit-fensterreinigen-1200px-1152x1152.jpg 1152w, https:\/\/blidor.ch\/wp-content\/uploads\/taetigkeit-fensterreinigen-1200px-512x512.jpg 512w, https:\/\/blidor.ch\/wp-content\/uploads\/taetigkeit-fensterreinigen-1200px-256x256.jpg 256w, https:\/\/blidor.ch\/wp-content\/uploads\/taetigkeit-fensterreinigen-1200px-768x768.jpg 768w, https:\/\/blidor.ch\/wp-content\/uploads\/taetigkeit-fensterreinigen-1200px-12x12.jpg 12w, https:\/\/blidor.ch\/wp-content\/uploads\/taetigkeit-fensterreinigen-1200px-300x300.jpg 300w, https:\/\/blidor.ch\/wp-content\/uploads\/taetigkeit-fensterreinigen-1200px-600x600.jpg 600w, https:\/\/blidor.ch\/wp-content\/uploads\/taetigkeit-fensterreinigen-1200px-100x100.jpg 100w, https:\/\/blidor.ch\/wp-content\/uploads\/taetigkeit-fensterreinigen-1200px-64x64.jpg 64w, https:\/\/blidor.ch\/wp-content\/uploads\/taetigkeit-fensterreinigen-1200px.jpg 1200w\" sizes=\"(max-width: 800px) 100vw, 800px\" \/>\t\t\t\t\t\t\t\t<\/a>\n\t\t\t\t\t\t\t\t\t\t\t\t\t\t\t<\/div>\n\t\t\t\t<\/div>\n\t\t\t\t<div class=\"elementor-element elementor-element-26d9d35 elementor-widget elementor-widget-heading\" data-id=\"26d9d35\" data-element_type=\"widget\" data-e-type=\"widget\" data-widget_type=\"heading.default\">\n\t\t\t\t<div class=\"elementor-widget-container\">\n\t\t\t\t\t<h2 class=\"elementor-heading-title elementor-size-xl\"><a href=\"\/fr\/boutique-en-ligne\/clasin-nettoyant-pour-vitres\/\">Nettoyer les fen\u00eatres<\/a><\/h2>\t\t\t\t<\/div>\n\t\t\t\t<\/div>\n\t\t\t\t<\/div>\n\t\t\t\t\t<\/div>\n\t\t\t\t<\/div>\n\t\t<div class=\"elementor-element elementor-element-a3afeec e-flex e-con-boxed e-con e-parent\" data-id=\"a3afeec\" data-element_type=\"container\" data-e-type=\"container\">\n\t\t\t\t\t<div class=\"e-con-inner\">\n\t\t<div class=\"elementor-element elementor-element-8db1981 e-con-full e-flex e-con e-child\" data-id=\"8db1981\" data-element_type=\"container\" data-e-type=\"container\">\n\t\t\t\t<div class=\"elementor-element elementor-element-5d3260e elementor-align-center elementor-tablet-align-center elementor-mobile-align-center elementor-widget elementor-widget-button\" data-id=\"5d3260e\" data-element_type=\"widget\" data-e-type=\"widget\" data-widget_type=\"button.default\">\n\t\t\t\t<div class=\"elementor-widget-container\">\n\t\t\t\t\t\t\t\t\t<div class=\"elementor-button-wrapper\">\n\t\t\t\t\t<a class=\"elementor-button elementor-button-link elementor-size-sm\" href=\"\/fr\/consultation-en-ligne\/\">\n\t\t\t\t\t\t<span class=\"elementor-button-content-wrapper\">\n\t\t\t\t\t\t<span class=\"elementor-button-icon\">\n\t\t\t\t<svg aria-hidden=\"true\" class=\"e-font-icon-svg e-fas-angle-double-left\" viewbox=\"0 0 448 512\" xmlns=\"http:\/\/www.w3.org\/2000\/svg\"><path d=\"M223.7 239l136-136c9.4-9.4 24.6-9.4 33.9 0l22.6 22.6c9.4 9.4 9.4 24.6 0 33.9L319.9 256l96.4 96.4c9.4 9.4 9.4 24.6 0 33.9L393.7 409c-9.4 9.4-24.6 9.4-33.9 0l-136-136c-9.5-9.4-9.5-24.6-.1-34zm-192 34l136 136c9.4 9.4 24.6 9.4 33.9 0l22.6-22.6c9.4-9.4 9.4-24.6 0-33.9L127.9 256l96.4-96.4c9.4-9.4 9.4-24.6 0-33.9L201.7 103c-9.4-9.4-24.6-9.4-33.9 0l-136 136c-9.5 9.4-9.5 24.6-.1 34z\"><\/path><\/svg>\t\t\t<\/span>\n\t\t\t\t\t\t\t\t\t<span class=\"elementor-button-text\">Aper\u00e7u<\/span>\n\t\t\t\t\t<\/span>\n\t\t\t\t\t<\/a>\n\t\t\t\t<\/div>\n\t\t\t\t\t\t\t\t<\/div>\n\t\t\t\t<\/div>\n\t\t\t\t<\/div>\n\t\t\t\t\t<\/div>\n\t\t\t\t<\/div>\n\t\t\t\t<section class=\"elementor-section elementor-top-section elementor-element elementor-element-e54837d elementor-section-boxed elementor-section-height-default elementor-section-height-default\" data-id=\"e54837d\" data-element_type=\"section\" data-e-type=\"section\">\n\t\t\t\t\t\t<div class=\"elementor-container elementor-column-gap-default\">\n\t\t\t\t\t<div class=\"elementor-column elementor-col-100 elementor-top-column elementor-element elementor-element-6adfd39\" data-id=\"6adfd39\" data-element_type=\"column\" data-e-type=\"column\">\n\t\t\t<div class=\"elementor-widget-wrap elementor-element-populated\">\n\t\t\t\t\t\t<div class=\"elementor-element elementor-element-bc5cd67 elementor-widget elementor-widget-spacer\" data-id=\"bc5cd67\" data-element_type=\"widget\" data-e-type=\"widget\" data-widget_type=\"spacer.default\">\n\t\t\t\t<div class=\"elementor-widget-container\">\n\t\t\t\t\t\t\t<div class=\"elementor-spacer\">\n\t\t\t<div class=\"elementor-spacer-inner\"><\/div>\n\t\t<\/div>\n\t\t\t\t\t\t<\/div>\n\t\t\t\t<\/div>\n\t\t\t\t\t<\/div>\n\t\t<\/div>\n\t\t\t\t\t<\/div>\n\t\t<\/section>\n\t\t\t\t<\/div>","protected":false},"excerpt":{"rendered":"<p>Aper\u00e7u Rafra\u00eechir l'air Laver le linge Rincer l'aspirateur Nettoyer les surfaces D\u00e9sinfecter les machines Nettoyer les fen\u00eatres Aper\u00e7u<\/p>","protected":false},"author":4,"featured_media":0,"parent":0,"menu_order":0,"comment_status":"closed","ping_status":"closed","template":"","meta":{"footnotes":""},"class_list":["post-16422","page","type-page","status-publish","hentry"],"_links":{"self":[{"href":"https:\/\/blidor.ch\/fr\/wp-json\/wp\/v2\/pages\/16422","targetHints":{"allow":["GET"]}}],"collection":[{"href":"https:\/\/blidor.ch\/fr\/wp-json\/wp\/v2\/pages"}],"about":[{"href":"https:\/\/blidor.ch\/fr\/wp-json\/wp\/v2\/types\/page"}],"author":[{"embeddable":true,"href":"https:\/\/blidor.ch\/fr\/wp-json\/wp\/v2\/users\/4"}],"replies":[{"embeddable":true,"href":"https:\/\/blidor.ch\/fr\/wp-json\/wp\/v2\/comments?post=16422"}],"version-history":[{"count":0,"href":"https:\/\/blidor.ch\/fr\/wp-json\/wp\/v2\/pages\/16422\/revisions"}],"wp:attachment":[{"href":"https:\/\/blidor.ch\/fr\/wp-json\/wp\/v2\/media?parent=16422"}],"curies":[{"name":"wp","href":"https:\/\/api.w.org\/{rel}","templated":true}]}}