{"id":15770,"date":"2023-03-24T11:16:27","date_gmt":"2023-03-24T10:16:27","guid":{"rendered":"https:\/\/blidor.ch\/?page_id=15770"},"modified":"2023-11-08T10:31:45","modified_gmt":"2023-11-08T09:31:45","slug":"melisse","status":"publish","type":"page","link":"https:\/\/blidor.ch\/fr\/melisse\/","title":{"rendered":"M\u00e9lisse"},"content":{"rendered":"<div data-elementor-type=\"wp-page\" data-elementor-id=\"15770\" class=\"elementor elementor-15770\" data-elementor-post-type=\"page\">\n\t\t\t\t<div class=\"elementor-element elementor-element-59be45b e-flex e-con-boxed e-con e-parent\" data-id=\"59be45b\" data-element_type=\"container\" data-e-type=\"container\">\n\t\t\t\t\t<div class=\"e-con-inner\">\n\t\t<div class=\"elementor-element elementor-element-afafcfd e-con-full e-flex e-con e-child\" data-id=\"afafcfd\" data-element_type=\"container\" data-e-type=\"container\">\n\t\t\t\t<div class=\"elementor-element elementor-element-3baf0d9 elementor-widget elementor-widget-spacer\" data-id=\"3baf0d9\" data-element_type=\"widget\" data-e-type=\"widget\" data-widget_type=\"spacer.default\">\n\t\t\t\t<div class=\"elementor-widget-container\">\n\t\t\t\t\t\t\t<div class=\"elementor-spacer\">\n\t\t\t<div class=\"elementor-spacer-inner\"><\/div>\n\t\t<\/div>\n\t\t\t\t\t\t<\/div>\n\t\t\t\t<\/div>\n\t\t\t\t<\/div>\n\t\t\t\t\t<\/div>\n\t\t\t\t<\/div>\n\t\t<div class=\"elementor-element elementor-element-7c140dd e-flex e-con-boxed e-con e-parent\" data-id=\"7c140dd\" data-element_type=\"container\" data-e-type=\"container\">\n\t\t\t\t\t<div class=\"e-con-inner\">\n\t\t<div class=\"elementor-element elementor-element-c6d8f90 e-con-full e-flex e-con e-child\" data-id=\"c6d8f90\" data-element_type=\"container\" data-e-type=\"container\">\n\t\t\t\t<div class=\"elementor-element elementor-element-c5f948f elementor-align-left elementor-tablet-align-center elementor-mobile-align-center elementor-widget elementor-widget-button\" data-id=\"c5f948f\" data-element_type=\"widget\" data-e-type=\"widget\" data-widget_type=\"button.default\">\n\t\t\t\t<div class=\"elementor-widget-container\">\n\t\t\t\t\t\t\t\t\t<div class=\"elementor-button-wrapper\">\n\t\t\t\t\t<a class=\"elementor-button elementor-button-link elementor-size-sm\" href=\"\/fr\/ingredients\/\">\n\t\t\t\t\t\t<span class=\"elementor-button-content-wrapper\">\n\t\t\t\t\t\t<span class=\"elementor-button-icon\">\n\t\t\t\t<svg aria-hidden=\"true\" class=\"e-font-icon-svg e-fas-angle-double-left\" viewbox=\"0 0 448 512\" xmlns=\"http:\/\/www.w3.org\/2000\/svg\"><path d=\"M223.7 239l136-136c9.4-9.4 24.6-9.4 33.9 0l22.6 22.6c9.4 9.4 9.4 24.6 0 33.9L319.9 256l96.4 96.4c9.4 9.4 9.4 24.6 0 33.9L393.7 409c-9.4 9.4-24.6 9.4-33.9 0l-136-136c-9.5-9.4-9.5-24.6-.1-34zm-192 34l136 136c9.4 9.4 24.6 9.4 33.9 0l22.6-22.6c9.4-9.4 9.4-24.6 0-33.9L127.9 256l96.4-96.4c9.4-9.4 9.4-24.6 0-33.9L201.7 103c-9.4-9.4-24.6-9.4-33.9 0l-136 136c-9.5 9.4-9.5 24.6-.1 34z\"><\/path><\/svg>\t\t\t<\/span>\n\t\t\t\t\t\t\t\t\t<span class=\"elementor-button-text\">Ingr\u00e9dients<\/span>\n\t\t\t\t\t<\/span>\n\t\t\t\t\t<\/a>\n\t\t\t\t<\/div>\n\t\t\t\t\t\t\t\t<\/div>\n\t\t\t\t<\/div>\n\t\t\t\t<\/div>\n\t\t\t\t\t<\/div>\n\t\t\t\t<\/div>\n\t\t<div class=\"elementor-element elementor-element-92527d5 e-flex e-con-boxed e-con e-parent\" data-id=\"92527d5\" data-element_type=\"container\" data-e-type=\"container\">\n\t\t\t\t\t<div class=\"e-con-inner\">\n\t\t<div class=\"elementor-element elementor-element-514d267 e-con-full e-flex e-con e-child\" data-id=\"514d267\" data-element_type=\"container\" data-e-type=\"container\">\n\t\t\t\t<div class=\"elementor-element elementor-element-0968f79 elementor-widget elementor-widget-image\" data-id=\"0968f79\" data-element_type=\"widget\" data-e-type=\"widget\" data-widget_type=\"image.default\">\n\t\t\t\t<div class=\"elementor-widget-container\">\n\t\t\t\t\t\t\t\t\t\t\t\t\t\t\t<img fetchpriority=\"high\" decoding=\"async\" width=\"800\" height=\"800\" src=\"https:\/\/blidor.ch\/wp-content\/uploads\/zitronenmelisse-1200px-1152x1152.jpg\" class=\"attachment-large size-large wp-image-15440\" alt=\"\" srcset=\"https:\/\/blidor.ch\/wp-content\/uploads\/zitronenmelisse-1200px-1152x1152.jpg 1152w, https:\/\/blidor.ch\/wp-content\/uploads\/zitronenmelisse-1200px-512x512.jpg 512w, https:\/\/blidor.ch\/wp-content\/uploads\/zitronenmelisse-1200px-256x256.jpg 256w, https:\/\/blidor.ch\/wp-content\/uploads\/zitronenmelisse-1200px-768x768.jpg 768w, https:\/\/blidor.ch\/wp-content\/uploads\/zitronenmelisse-1200px-12x12.jpg 12w, https:\/\/blidor.ch\/wp-content\/uploads\/zitronenmelisse-1200px-300x300.jpg 300w, https:\/\/blidor.ch\/wp-content\/uploads\/zitronenmelisse-1200px-600x600.jpg 600w, https:\/\/blidor.ch\/wp-content\/uploads\/zitronenmelisse-1200px-100x100.jpg 100w, https:\/\/blidor.ch\/wp-content\/uploads\/zitronenmelisse-1200px-64x64.jpg 64w, https:\/\/blidor.ch\/wp-content\/uploads\/zitronenmelisse-1200px.jpg 1200w\" sizes=\"(max-width: 800px) 100vw, 800px\" \/>\t\t\t\t\t\t\t\t\t\t\t\t\t\t\t<\/div>\n\t\t\t\t<\/div>\n\t\t\t\t<\/div>\n\t\t<div class=\"elementor-element elementor-element-ec88c96 e-con-full e-flex e-con e-child\" data-id=\"ec88c96\" data-element_type=\"container\" data-e-type=\"container\">\n\t\t\t\t<div class=\"elementor-element elementor-element-6396610 elementor-widget elementor-widget-heading\" data-id=\"6396610\" data-element_type=\"widget\" data-e-type=\"widget\" data-widget_type=\"heading.default\">\n\t\t\t\t<div class=\"elementor-widget-container\">\n\t\t\t\t\t<h2 class=\"elementor-heading-title elementor-size-xxl\">M\u00e9lisse<\/h2>\t\t\t\t<\/div>\n\t\t\t\t<\/div>\n\t\t\t\t<div class=\"elementor-element elementor-element-f1c206f elementor-widget elementor-widget-text-editor\" data-id=\"f1c206f\" data-element_type=\"widget\" data-e-type=\"widget\" data-widget_type=\"text-editor.default\">\n\t\t\t\t<div class=\"elementor-widget-container\">\n\t\t\t\t\t\t\t\t\t<p>Nom scientifique : <strong>Melissa Officinalis<\/strong><\/p><p>Origine : <strong>\u00e0 base de plantes<br \/><\/strong>famille : <strong>Lamiac\u00e9es, Lamiac\u00e9es<br \/><\/strong>Cat\u00e9gorie : <strong>Plante m\u00e9dicinale<\/strong><\/p>\t\t\t\t\t\t\t\t<\/div>\n\t\t\t\t<\/div>\n\t\t\t\t<\/div>\n\t\t\t\t\t<\/div>\n\t\t\t\t<\/div>\n\t\t<div class=\"elementor-element elementor-element-72b9d3c e-flex e-con-boxed e-con e-parent\" data-id=\"72b9d3c\" data-element_type=\"container\" data-e-type=\"container\">\n\t\t\t\t\t<div class=\"e-con-inner\">\n\t\t<div class=\"elementor-element elementor-element-459d5d8 e-con-full e-flex e-con e-child\" data-id=\"459d5d8\" data-element_type=\"container\" data-e-type=\"container\">\n\t\t\t\t<div class=\"elementor-element elementor-element-f40fb98 elementor-widget elementor-widget-heading\" data-id=\"f40fb98\" data-element_type=\"widget\" data-e-type=\"widget\" data-widget_type=\"heading.default\">\n\t\t\t\t<div class=\"elementor-widget-container\">\n\t\t\t\t\t<h2 class=\"elementor-heading-title elementor-size-xl\">Origine<\/h2>\t\t\t\t<\/div>\n\t\t\t\t<\/div>\n\t\t\t\t<div class=\"elementor-element elementor-element-020c916 elementor-widget elementor-widget-text-editor\" data-id=\"020c916\" data-element_type=\"widget\" data-e-type=\"widget\" data-widget_type=\"text-editor.default\">\n\t\t\t\t<div class=\"elementor-widget-container\">\n\t\t\t\t\t\t\t\t\t<p>L'origine de Melissa Officinalis, \u00e9galement connue sous le nom de m\u00e9lisse citronn\u00e9e, n'est pas connue avec pr\u00e9cision, mais on suppose qu'elle est originaire de la r\u00e9gion m\u00e9diterran\u00e9enne orientale. La plante \u00e9tait d\u00e9j\u00e0 connue dans l'Antiquit\u00e9 et \u00e9tait cultiv\u00e9e et utilis\u00e9e par les Grecs et les Romains.<\/p><p>Au cours de l'histoire, la plante s'est r\u00e9pandue dans de nombreuses r\u00e9gions du monde et est aujourd'hui cultiv\u00e9e dans de nombreux pays. Elle pr\u00e9f\u00e8re les sols humides et bien drain\u00e9s et se d\u00e9veloppe mieux dans les climats doux.<\/p>\t\t\t\t\t\t\t\t<\/div>\n\t\t\t\t<\/div>\n\t\t\t\t<div class=\"elementor-element elementor-element-f081f80 elementor-widget elementor-widget-spacer\" data-id=\"f081f80\" data-element_type=\"widget\" data-e-type=\"widget\" data-widget_type=\"spacer.default\">\n\t\t\t\t<div class=\"elementor-widget-container\">\n\t\t\t\t\t\t\t<div class=\"elementor-spacer\">\n\t\t\t<div class=\"elementor-spacer-inner\"><\/div>\n\t\t<\/div>\n\t\t\t\t\t\t<\/div>\n\t\t\t\t<\/div>\n\t\t\t\t<div class=\"elementor-element elementor-element-52e56d4 elementor-widget elementor-widget-heading\" data-id=\"52e56d4\" data-element_type=\"widget\" data-e-type=\"widget\" data-widget_type=\"heading.default\">\n\t\t\t\t<div class=\"elementor-widget-container\">\n\t\t\t\t\t<h2 class=\"elementor-heading-title elementor-size-xl\">Ingr\u00e9dients selon INCI<\/h2>\t\t\t\t<\/div>\n\t\t\t\t<\/div>\n\t\t\t\t<div class=\"elementor-element elementor-element-7cb4e5b elementor-widget elementor-widget-text-editor\" data-id=\"7cb4e5b\" data-element_type=\"widget\" data-e-type=\"widget\" data-widget_type=\"text-editor.default\">\n\t\t\t\t<div class=\"elementor-widget-container\">\n\t\t\t\t\t\t\t\t\t<p><strong>MELISSA OFFICINALIS LEAF EXTRACT<\/strong> - Extrait de feuilles<br \/><strong>HUILE DE FEUILLE DE MELISSA OFFICINALIS<\/strong> - Huile essentielle de feuilles<\/p>\t\t\t\t\t\t\t\t<\/div>\n\t\t\t\t<\/div>\n\t\t\t\t<\/div>\n\t\t<div class=\"elementor-element elementor-element-81f9ad5 e-con-full e-flex e-con e-child\" data-id=\"81f9ad5\" data-element_type=\"container\" data-e-type=\"container\">\n\t\t\t\t<div class=\"elementor-element elementor-element-39ab098 elementor-widget elementor-widget-heading\" data-id=\"39ab098\" data-element_type=\"widget\" data-e-type=\"widget\" data-widget_type=\"heading.default\">\n\t\t\t\t<div class=\"elementor-widget-container\">\n\t\t\t\t\t<h2 class=\"elementor-heading-title elementor-size-xl\">Effet<\/h2>\t\t\t\t<\/div>\n\t\t\t\t<\/div>\n\t\t\t\t<div class=\"elementor-element elementor-element-d552e8d elementor-widget elementor-widget-text-editor\" data-id=\"d552e8d\" data-element_type=\"widget\" data-e-type=\"widget\" data-widget_type=\"text-editor.default\">\n\t\t\t\t<div class=\"elementor-widget-container\">\n\t\t\t\t\t\t\t\t\t<p>La m\u00e9lisse citronnelle contient des compos\u00e9s tels que l'acide rosmarinique et des polyph\u00e9nols qui peuvent avoir un effet calmant et relaxant. C'est pourquoi elle est souvent utilis\u00e9e en cas d'anxi\u00e9t\u00e9, de stress et de troubles du sommeil.<\/p><p>La plante contient \u00e9galement des compos\u00e9s tels que l'eug\u00e9nol et le g\u00e9raniol, qui ont des propri\u00e9t\u00e9s antivirales et sont donc souvent utilis\u00e9s dans le traitement des infections herp\u00e9tiques. La m\u00e9lisse citronnelle peut \u00e9galement aider \u00e0 soulager les troubles digestifs en apaisant l'estomac et en favorisant la production d'acide gastrique et de bile.<\/p><p>En outre, la m\u00e9lisse citronnelle contient des antioxydants tels que la lut\u00e9oline et l'acide rosmarinique, qui peuvent lutter contre les radicaux libres et donc prot\u00e9ger des dommages caus\u00e9s par le stress oxydatif. La plante contient \u00e9galement des compos\u00e9s tels que l'acide rosmarinique et l'acide ursolique, qui ont des propri\u00e9t\u00e9s anti-inflammatoires et peuvent donc \u00eatre utilis\u00e9s dans le traitement des inflammations.<\/p>\t\t\t\t\t\t\t\t<\/div>\n\t\t\t\t<\/div>\n\t\t\t\t<div class=\"elementor-element elementor-element-4534e35 elementor-widget elementor-widget-spacer\" data-id=\"4534e35\" data-element_type=\"widget\" data-e-type=\"widget\" data-widget_type=\"spacer.default\">\n\t\t\t\t<div class=\"elementor-widget-container\">\n\t\t\t\t\t\t\t<div class=\"elementor-spacer\">\n\t\t\t<div class=\"elementor-spacer-inner\"><\/div>\n\t\t<\/div>\n\t\t\t\t\t\t<\/div>\n\t\t\t\t<\/div>\n\t\t\t\t<div class=\"elementor-element elementor-element-3f41d15 elementor-widget elementor-widget-heading\" data-id=\"3f41d15\" data-element_type=\"widget\" data-e-type=\"widget\" data-widget_type=\"heading.default\">\n\t\t\t\t<div class=\"elementor-widget-container\">\n\t\t\t\t\t<h2 class=\"elementor-heading-title elementor-size-xl\">Utilisation<\/h2>\t\t\t\t<\/div>\n\t\t\t\t<\/div>\n\t\t\t\t<div class=\"elementor-element elementor-element-bdac1d8 elementor-widget elementor-widget-text-editor\" data-id=\"bdac1d8\" data-element_type=\"widget\" data-e-type=\"widget\" data-widget_type=\"text-editor.default\">\n\t\t\t\t<div class=\"elementor-widget-container\">\n\t\t\t\t\t\t\t\t\t<p>La m\u00e9lisse citronnelle a une longue tradition dans la m\u00e9decine populaire pour le traitement de troubles tels que l'anxi\u00e9t\u00e9, l'insomnie et les probl\u00e8mes digestifs. Elle contient des compos\u00e9s qui peuvent avoir des effets calmants et anti-inflammatoires.<\/p><p>L'huile essentielle de m\u00e9lisse a un parfum rafra\u00eechissant d'agrumes qui peut avoir un effet calmant et relaxant. Elle est utilis\u00e9e en aromath\u00e9rapie pour traiter le stress, l'anxi\u00e9t\u00e9 et les troubles du sommeil.<\/p><p>La m\u00e9lisse citronnelle est souvent utilis\u00e9e comme ingr\u00e9dient dans les th\u00e9s, les cocktails, les desserts et autres plats pour ajouter un go\u00fbt et une odeur d'agrumes.<\/p><p>Gr\u00e2ce \u00e0 ses propri\u00e9t\u00e9s apaisantes et anti-inflammatoires, la m\u00e9lisse citronnelle est \u00e9galement utilis\u00e9e dans les produits de soins de la peau tels que les cr\u00e8mes, les lotions et les savons.<\/p>\t\t\t\t\t\t\t\t<\/div>\n\t\t\t\t<\/div>\n\t\t\t\t<\/div>\n\t\t\t\t\t<\/div>\n\t\t\t\t<\/div>\n\t\t<div class=\"elementor-element elementor-element-b5622c6 e-flex e-con-boxed e-con e-parent\" data-id=\"b5622c6\" data-element_type=\"container\" data-e-type=\"container\">\n\t\t\t\t\t<div class=\"e-con-inner\">\n\t\t<div class=\"elementor-element elementor-element-ee90a9c e-con-full e-flex e-con e-child\" data-id=\"ee90a9c\" data-element_type=\"container\" data-e-type=\"container\">\n\t\t\t\t<div class=\"elementor-element elementor-element-1d52988 elementor-widget elementor-widget-heading\" data-id=\"1d52988\" data-element_type=\"widget\" data-e-type=\"widget\" data-widget_type=\"heading.default\">\n\t\t\t\t<div class=\"elementor-widget-container\">\n\t\t\t\t\t<h2 class=\"elementor-heading-title elementor-size-xl\">Contenu dans :<\/h2>\t\t\t\t<\/div>\n\t\t\t\t<\/div>\n\t\t\t\t<div class=\"elementor-element elementor-element-9c451ed elementor-widget elementor-widget-spacer\" data-id=\"9c451ed\" data-element_type=\"widget\" data-e-type=\"widget\" data-widget_type=\"spacer.default\">\n\t\t\t\t<div class=\"elementor-widget-container\">\n\t\t\t\t\t\t\t<div class=\"elementor-spacer\">\n\t\t\t<div class=\"elementor-spacer-inner\"><\/div>\n\t\t<\/div>\n\t\t\t\t\t\t<\/div>\n\t\t\t\t<\/div>\n\t\t\t\t<div class=\"elementor-element elementor-element-8e6f7c1 elementor-product-loop-item--align-center elementor-grid-tablet-2 elementor-grid-mobile-1 elementor-grid-4 elementor-products-grid elementor-wc-products elementor-widget elementor-widget-woocommerce-products\" data-id=\"8e6f7c1\" data-element_type=\"widget\" data-e-type=\"widget\" data-widget_type=\"woocommerce-products.default\">\n\t\t\t\t<div class=\"elementor-widget-container\">\n\t\t\t\t\t<div class=\"woocommerce columns-4\"><ul class=\"products elementor-grid columns-4\">\n<li class=\"product type-product post-1132 status-publish first instock product_cat-koerper product_cat-kosmetik product_cat-oelbad product_tag-melisse product_tag-melissenbad product_tag-oelbad product_tag-rueckfettend has-post-thumbnail taxable shipping-taxable purchasable product-type-variable has-default-attributes\">\n\t<a href=\"https:\/\/blidor.ch\/fr\/webshop\/oelbad-melisse\/\" class=\"woocommerce-LoopProduct-link woocommerce-loop-product__link\"><img decoding=\"async\" width=\"300\" height=\"300\" src=\"https:\/\/blidor.ch\/wp-content\/uploads\/5110-Oelbad-Melisse-500ml-300x300.jpg\" class=\"attachment-woocommerce_thumbnail size-woocommerce_thumbnail\" alt=\"Bain d&#039;huile \u00e0 la m\u00e9lisse\" srcset=\"https:\/\/blidor.ch\/wp-content\/uploads\/5110-Oelbad-Melisse-500ml-300x300.jpg 300w, https:\/\/blidor.ch\/wp-content\/uploads\/5110-Oelbad-Melisse-500ml-100x100.jpg 100w, https:\/\/blidor.ch\/wp-content\/uploads\/5110-Oelbad-Melisse-500ml-600x600.jpg 600w, https:\/\/blidor.ch\/wp-content\/uploads\/5110-Oelbad-Melisse-500ml-64x64.jpg 64w, https:\/\/blidor.ch\/wp-content\/uploads\/5110-Oelbad-Melisse-500ml-512x512.jpg 512w, https:\/\/blidor.ch\/wp-content\/uploads\/5110-Oelbad-Melisse-500ml-1152x1152.jpg 1152w, https:\/\/blidor.ch\/wp-content\/uploads\/5110-Oelbad-Melisse-500ml-256x256.jpg 256w, https:\/\/blidor.ch\/wp-content\/uploads\/5110-Oelbad-Melisse-500ml-768x768.jpg 768w, https:\/\/blidor.ch\/wp-content\/uploads\/5110-Oelbad-Melisse-500ml.jpg 1200w\" sizes=\"(max-width: 300px) 100vw, 300px\" \/><h2 class=\"woocommerce-loop-product__title\">Bain d'huile \u00e0 la m\u00e9lisse<\/h2>\n\t<span class=\"price\"><span class=\"woocommerce-Price-amount amount\"><bdi><span class=\"woocommerce-Price-currencySymbol\">&#67;&#72;&#70;<\/span>&nbsp;44.90<\/bdi><\/span> <small class=\"woocommerce-price-suffix\">TVA incluse<\/small><\/span>\n<\/a><div class=\"woocommerce-loop-product__buttons\"><a href=\"https:\/\/blidor.ch\/fr\/webshop\/oelbad-melisse\/\" aria-describedby=\"woocommerce_loop_add_to_cart_link_describedby_1132\" data-quantity=\"1\" class=\"button product_type_variable add_to_cart_button\" data-product_id=\"1132\" data-product_sku=\"\" aria-label=\"Choisir les options pour &quot;\u00d6lbad Melisse&quot;\" rel=\"nofollow\" data-no-translation=\"\" data-trp-gettext=\"\" data-no-translation-aria-label=\"\">S\u00e9lectionnez les options<\/a><\/div>\t<span id=\"woocommerce_loop_add_to_cart_link_describedby_1132\" class=\"screen-reader-text\">\n\t\tCe produit a plusieurs variantes. Les options peuvent \u00eatre choisies sur la page de produit\t<\/span>\n<span class=\"gtm4wp_productdata\" style=\"display:none; visibility:hidden;\" data-gtm4wp_product_data=\"{&quot;internal_id&quot;:1132,&quot;item_id&quot;:1132,&quot;item_name&quot;:&quot;\\u00d6lbad Melisse&quot;,&quot;sku&quot;:1132,&quot;price&quot;:44.89999999999999857891452847979962825775146484375,&quot;stocklevel&quot;:null,&quot;stockstatus&quot;:&quot;instock&quot;,&quot;google_business_vertical&quot;:&quot;retail&quot;,&quot;item_category&quot;:&quot;\\u00d6lbad&quot;,&quot;id&quot;:1132,&quot;productlink&quot;:&quot;https:\\\/\\\/blidor.ch\\\/fr\\\/webshop\\\/oelbad-melisse\\\/&quot;,&quot;item_list_name&quot;:&quot;Liste g\\u00e9n\\u00e9rale des produits&quot;,&quot;index&quot;:1,&quot;product_type&quot;:&quot;variable&quot;,&quot;item_brand&quot;:&quot;&quot;}\"><\/span><\/li>\n<li class=\"product type-product post-1138 status-publish instock product_cat-koerper product_cat-kosmetik product_cat-schaumbad product_tag-kosmetik-lindenbluete product_tag-lindenblueten has-post-thumbnail taxable shipping-taxable purchasable product-type-simple\">\n\t<a href=\"https:\/\/blidor.ch\/fr\/webshop\/schaumbad-lindenblueten\/\" class=\"woocommerce-LoopProduct-link woocommerce-loop-product__link\"><img decoding=\"async\" width=\"300\" height=\"300\" src=\"https:\/\/blidor.ch\/wp-content\/uploads\/Schaumbad-Lindenblueten-300x300.jpg\" class=\"attachment-woocommerce_thumbnail size-woocommerce_thumbnail\" alt=\"Bain moussant Tilleul\" srcset=\"https:\/\/blidor.ch\/wp-content\/uploads\/Schaumbad-Lindenblueten-300x300.jpg 300w, https:\/\/blidor.ch\/wp-content\/uploads\/Schaumbad-Lindenblueten-100x100.jpg 100w, https:\/\/blidor.ch\/wp-content\/uploads\/Schaumbad-Lindenblueten-600x600.jpg 600w, https:\/\/blidor.ch\/wp-content\/uploads\/Schaumbad-Lindenblueten-64x64.jpg 64w, https:\/\/blidor.ch\/wp-content\/uploads\/Schaumbad-Lindenblueten-512x512.jpg 512w, https:\/\/blidor.ch\/wp-content\/uploads\/Schaumbad-Lindenblueten-1152x1152.jpg 1152w, https:\/\/blidor.ch\/wp-content\/uploads\/Schaumbad-Lindenblueten-256x256.jpg 256w, https:\/\/blidor.ch\/wp-content\/uploads\/Schaumbad-Lindenblueten-768x768.jpg 768w, https:\/\/blidor.ch\/wp-content\/uploads\/Schaumbad-Lindenblueten.jpg 1200w\" sizes=\"(max-width: 300px) 100vw, 300px\" \/><h2 class=\"woocommerce-loop-product__title\">Bain moussant Tilleul<\/h2>\n\t<span class=\"price\"><span class=\"woocommerce-Price-amount amount\"><bdi><span class=\"woocommerce-Price-currencySymbol\">&#67;&#72;&#70;<\/span>&nbsp;39.90<\/bdi><\/span> <small class=\"woocommerce-price-suffix\">TVA incluse<\/small><\/span>\n<\/a><div class=\"woocommerce-loop-product__buttons\"><a href=\"\/fr\/wp-json\/wp\/v2\/pages\/15770?add-to-cart=1138\" aria-describedby=\"woocommerce_loop_add_to_cart_link_describedby_1138\" data-quantity=\"1\" class=\"button product_type_simple add_to_cart_button ajax_add_to_cart\" data-product_id=\"1138\" data-product_sku=\"5090\" aria-label=\"Ajouter au panier : &quot;Schaumbad Lindenbl\u00fcten&quot;\" rel=\"nofollow\" data-success_message=\"\u00ab\u00a0Schaumbad Lindenbl\u00fcten\u00a0\u00bb a \u00e9t\u00e9 ajout\u00e9 \u00e0 votre panier\" role=\"button\" data-no-translation=\"\" data-trp-gettext=\"\" data-no-translation-aria-label=\"\" data-no-translation-data-success_message=\"\">Ajouter au panier<\/a><\/div>\t<span id=\"woocommerce_loop_add_to_cart_link_describedby_1138\" class=\"screen-reader-text\">\n\t\t\t<\/span>\n<span class=\"gtm4wp_productdata\" style=\"display:none; visibility:hidden;\" data-gtm4wp_product_data=\"{&quot;internal_id&quot;:1138,&quot;item_id&quot;:&quot;5090&quot;,&quot;item_name&quot;:&quot;Schaumbad Lindenbl\\u00fcten&quot;,&quot;sku&quot;:&quot;5090&quot;,&quot;price&quot;:39.89999999999999857891452847979962825775146484375,&quot;stocklevel&quot;:null,&quot;stockstatus&quot;:&quot;instock&quot;,&quot;google_business_vertical&quot;:&quot;retail&quot;,&quot;item_category&quot;:&quot;Schaumbad&quot;,&quot;id&quot;:&quot;5090&quot;,&quot;productlink&quot;:&quot;https:\\\/\\\/blidor.ch\\\/fr\\\/webshop\\\/schaumbad-lindenblueten\\\/&quot;,&quot;item_list_name&quot;:&quot;Liste g\\u00e9n\\u00e9rale des produits&quot;,&quot;index&quot;:2,&quot;product_type&quot;:&quot;simple&quot;,&quot;item_brand&quot;:&quot;&quot;}\"><\/span><\/li>\n<\/ul>\n<\/div>\t\t\t\t<\/div>\n\t\t\t\t<\/div>\n\t\t\t\t<div class=\"elementor-element elementor-element-8e35553 elementor-widget elementor-widget-spacer\" data-id=\"8e35553\" data-element_type=\"widget\" data-e-type=\"widget\" data-widget_type=\"spacer.default\">\n\t\t\t\t<div class=\"elementor-widget-container\">\n\t\t\t\t\t\t\t<div class=\"elementor-spacer\">\n\t\t\t<div class=\"elementor-spacer-inner\"><\/div>\n\t\t<\/div>\n\t\t\t\t\t\t<\/div>\n\t\t\t\t<\/div>\n\t\t\t\t<\/div>\n\t\t\t\t\t<\/div>\n\t\t\t\t<\/div>\n\t\t\t\t<\/div>","protected":false},"excerpt":{"rendered":"<p>Inhaltsstoffe Wissenschaftlicher Name: Melissa Officinalis Ursprung: pflanzlichFamilie: Lamiaceae, Lippenbl\u00fctlerKategorie: Heilpflanze Herkunft Der Ursprung von Melissa Officinalis, auch bekannt als Zitronenmelisse, ist nicht genau bekannt, jedoch wird vermutet, dass sie aus der \u00f6stlichen Mittelmeerregion stammt. Die Pflanze war bereits in der Antike bekannt und wurde von den Griechen und R\u00f6mern kultiviert und genutzt. Im Laufe der [&hellip;]<\/p>\n","protected":false},"author":4,"featured_media":15440,"parent":0,"menu_order":0,"comment_status":"closed","ping_status":"closed","template":"","meta":{"footnotes":""},"class_list":["post-15770","page","type-page","status-publish","has-post-thumbnail","hentry"],"_links":{"self":[{"href":"https:\/\/blidor.ch\/fr\/wp-json\/wp\/v2\/pages\/15770","targetHints":{"allow":["GET"]}}],"collection":[{"href":"https:\/\/blidor.ch\/fr\/wp-json\/wp\/v2\/pages"}],"about":[{"href":"https:\/\/blidor.ch\/fr\/wp-json\/wp\/v2\/types\/page"}],"author":[{"embeddable":true,"href":"https:\/\/blidor.ch\/fr\/wp-json\/wp\/v2\/users\/4"}],"replies":[{"embeddable":true,"href":"https:\/\/blidor.ch\/fr\/wp-json\/wp\/v2\/comments?post=15770"}],"version-history":[{"count":0,"href":"https:\/\/blidor.ch\/fr\/wp-json\/wp\/v2\/pages\/15770\/revisions"}],"wp:featuredmedia":[{"embeddable":true,"href":"https:\/\/blidor.ch\/fr\/wp-json\/wp\/v2\/media\/15440"}],"wp:attachment":[{"href":"https:\/\/blidor.ch\/fr\/wp-json\/wp\/v2\/media?parent=15770"}],"curies":[{"name":"wp","href":"https:\/\/api.w.org\/{rel}","templated":true}]}}