{"id":15765,"date":"2023-03-24T10:59:20","date_gmt":"2023-03-24T09:59:20","guid":{"rendered":"https:\/\/blidor.ch\/?page_id=15765"},"modified":"2023-11-08T09:33:22","modified_gmt":"2023-11-08T08:33:22","slug":"lavande","status":"publish","type":"page","link":"https:\/\/blidor.ch\/fr\/lavendel\/","title":{"rendered":"Lavande"},"content":{"rendered":"\t\t<div data-elementor-type=\"wp-page\" data-elementor-id=\"15765\" class=\"elementor elementor-15765\" data-elementor-post-type=\"page\">\n\t\t\t\t<div class=\"elementor-element elementor-element-6cf5d73 e-flex e-con-boxed e-con e-parent\" data-id=\"6cf5d73\" data-element_type=\"container\" data-e-type=\"container\">\n\t\t\t\t\t<div class=\"e-con-inner\">\n\t\t<div class=\"elementor-element elementor-element-4d233db e-con-full e-flex e-con e-child\" data-id=\"4d233db\" data-element_type=\"container\" data-e-type=\"container\">\n\t\t\t\t<div class=\"elementor-element elementor-element-2827fe1 elementor-widget elementor-widget-spacer\" data-id=\"2827fe1\" data-element_type=\"widget\" data-e-type=\"widget\" data-widget_type=\"spacer.default\">\n\t\t\t\t<div class=\"elementor-widget-container\">\n\t\t\t\t\t\t\t<div class=\"elementor-spacer\">\n\t\t\t<div class=\"elementor-spacer-inner\"><\/div>\n\t\t<\/div>\n\t\t\t\t\t\t<\/div>\n\t\t\t\t<\/div>\n\t\t\t\t<\/div>\n\t\t\t\t\t<\/div>\n\t\t\t\t<\/div>\n\t\t<div class=\"elementor-element elementor-element-00d23cc e-flex e-con-boxed e-con e-parent\" data-id=\"00d23cc\" data-element_type=\"container\" data-e-type=\"container\">\n\t\t\t\t\t<div class=\"e-con-inner\">\n\t\t<div class=\"elementor-element elementor-element-26dd301 e-con-full e-flex e-con e-child\" data-id=\"26dd301\" data-element_type=\"container\" data-e-type=\"container\">\n\t\t\t\t<div class=\"elementor-element elementor-element-5d4c24f elementor-align-left elementor-tablet-align-center elementor-mobile-align-center elementor-widget elementor-widget-button\" data-id=\"5d4c24f\" data-element_type=\"widget\" data-e-type=\"widget\" data-widget_type=\"button.default\">\n\t\t\t\t<div class=\"elementor-widget-container\">\n\t\t\t\t\t\t\t\t\t<div class=\"elementor-button-wrapper\">\n\t\t\t\t\t<a class=\"elementor-button elementor-button-link elementor-size-sm\" href=\"\/inhaltsstoffe\/\">\n\t\t\t\t\t\t<span class=\"elementor-button-content-wrapper\">\n\t\t\t\t\t\t<span class=\"elementor-button-icon\">\n\t\t\t\t<svg aria-hidden=\"true\" class=\"e-font-icon-svg e-fas-angle-double-left\" viewBox=\"0 0 448 512\" xmlns=\"http:\/\/www.w3.org\/2000\/svg\"><path d=\"M223.7 239l136-136c9.4-9.4 24.6-9.4 33.9 0l22.6 22.6c9.4 9.4 9.4 24.6 0 33.9L319.9 256l96.4 96.4c9.4 9.4 9.4 24.6 0 33.9L393.7 409c-9.4 9.4-24.6 9.4-33.9 0l-136-136c-9.5-9.4-9.5-24.6-.1-34zm-192 34l136 136c9.4 9.4 24.6 9.4 33.9 0l22.6-22.6c9.4-9.4 9.4-24.6 0-33.9L127.9 256l96.4-96.4c9.4-9.4 9.4-24.6 0-33.9L201.7 103c-9.4-9.4-24.6-9.4-33.9 0l-136 136c-9.5 9.4-9.5 24.6-.1 34z\"><\/path><\/svg>\t\t\t<\/span>\n\t\t\t\t\t\t\t\t\t<span class=\"elementor-button-text\">Inhaltsstoffe<\/span>\n\t\t\t\t\t<\/span>\n\t\t\t\t\t<\/a>\n\t\t\t\t<\/div>\n\t\t\t\t\t\t\t\t<\/div>\n\t\t\t\t<\/div>\n\t\t\t\t<\/div>\n\t\t\t\t\t<\/div>\n\t\t\t\t<\/div>\n\t\t<div class=\"elementor-element elementor-element-fb84d4c e-flex e-con-boxed e-con e-parent\" data-id=\"fb84d4c\" data-element_type=\"container\" data-e-type=\"container\">\n\t\t\t\t\t<div class=\"e-con-inner\">\n\t\t<div class=\"elementor-element elementor-element-017dbe7 e-con-full e-flex e-con e-child\" data-id=\"017dbe7\" data-element_type=\"container\" data-e-type=\"container\">\n\t\t\t\t<div class=\"elementor-element elementor-element-994998c elementor-widget elementor-widget-image\" data-id=\"994998c\" data-element_type=\"widget\" data-e-type=\"widget\" data-widget_type=\"image.default\">\n\t\t\t\t<div class=\"elementor-widget-container\">\n\t\t\t\t\t\t\t\t\t\t\t\t\t\t\t<img fetchpriority=\"high\" decoding=\"async\" width=\"800\" height=\"800\" src=\"https:\/\/blidor.ch\/wp-content\/uploads\/lavendel-1200px-1152x1152.jpg\" class=\"attachment-large size-large wp-image-15458\" alt=\"\" srcset=\"https:\/\/blidor.ch\/wp-content\/uploads\/lavendel-1200px-1152x1152.jpg 1152w, https:\/\/blidor.ch\/wp-content\/uploads\/lavendel-1200px-512x512.jpg 512w, https:\/\/blidor.ch\/wp-content\/uploads\/lavendel-1200px-256x256.jpg 256w, https:\/\/blidor.ch\/wp-content\/uploads\/lavendel-1200px-768x768.jpg 768w, https:\/\/blidor.ch\/wp-content\/uploads\/lavendel-1200px-12x12.jpg 12w, https:\/\/blidor.ch\/wp-content\/uploads\/lavendel-1200px-300x300.jpg 300w, https:\/\/blidor.ch\/wp-content\/uploads\/lavendel-1200px-600x600.jpg 600w, https:\/\/blidor.ch\/wp-content\/uploads\/lavendel-1200px-100x100.jpg 100w, https:\/\/blidor.ch\/wp-content\/uploads\/lavendel-1200px-64x64.jpg 64w, https:\/\/blidor.ch\/wp-content\/uploads\/lavendel-1200px.jpg 1200w\" sizes=\"(max-width: 800px) 100vw, 800px\" \/>\t\t\t\t\t\t\t\t\t\t\t\t\t\t\t<\/div>\n\t\t\t\t<\/div>\n\t\t\t\t<\/div>\n\t\t<div class=\"elementor-element elementor-element-15abbf1 e-con-full e-flex e-con e-child\" data-id=\"15abbf1\" data-element_type=\"container\" data-e-type=\"container\">\n\t\t\t\t<div class=\"elementor-element elementor-element-e67966d elementor-widget elementor-widget-heading\" data-id=\"e67966d\" data-element_type=\"widget\" data-e-type=\"widget\" data-widget_type=\"heading.default\">\n\t\t\t\t<div class=\"elementor-widget-container\">\n\t\t\t\t\t<h2 class=\"elementor-heading-title elementor-size-xxl\">Lavendel<\/h2>\t\t\t\t<\/div>\n\t\t\t\t<\/div>\n\t\t\t\t<div class=\"elementor-element elementor-element-39d5599 elementor-widget elementor-widget-text-editor\" data-id=\"39d5599\" data-element_type=\"widget\" data-e-type=\"widget\" data-widget_type=\"text-editor.default\">\n\t\t\t\t<div class=\"elementor-widget-container\">\n\t\t\t\t\t\t\t\t\t<p>Wissenschaftlicher Name: <strong>Lavandula<\/strong><\/p><p>Ursprung: <strong>pflanzlich<br \/><\/strong>Familie: <strong>Lamiaceae, Lippenbl\u00fctler<br \/><\/strong>Kategorie: <strong>Heilpflanze<\/strong><\/p>\t\t\t\t\t\t\t\t<\/div>\n\t\t\t\t<\/div>\n\t\t\t\t<\/div>\n\t\t\t\t\t<\/div>\n\t\t\t\t<\/div>\n\t\t<div class=\"elementor-element elementor-element-5d3f630 e-flex e-con-boxed e-con e-parent\" data-id=\"5d3f630\" data-element_type=\"container\" data-e-type=\"container\">\n\t\t\t\t\t<div class=\"e-con-inner\">\n\t\t<div class=\"elementor-element elementor-element-4a0a925 e-con-full e-flex e-con e-child\" data-id=\"4a0a925\" data-element_type=\"container\" data-e-type=\"container\">\n\t\t\t\t<div class=\"elementor-element elementor-element-d0c6b58 elementor-widget elementor-widget-heading\" data-id=\"d0c6b58\" data-element_type=\"widget\" data-e-type=\"widget\" data-widget_type=\"heading.default\">\n\t\t\t\t<div class=\"elementor-widget-container\">\n\t\t\t\t\t<h2 class=\"elementor-heading-title elementor-size-xl\">Herkunft<\/h2>\t\t\t\t<\/div>\n\t\t\t\t<\/div>\n\t\t\t\t<div class=\"elementor-element elementor-element-7ea5c9c elementor-widget elementor-widget-text-editor\" data-id=\"7ea5c9c\" data-element_type=\"widget\" data-e-type=\"widget\" data-widget_type=\"text-editor.default\">\n\t\t\t\t<div class=\"elementor-widget-container\">\n\t\t\t\t\t\t\t\t\t<p>Lavendel geh\u00f6rt zur Familie der Lippenbl\u00fctler (Lamiaceae) und stammt urspr\u00fcnglich aus dem Mittelmeerraum und Teilen Asiens. Seit Jahrhunderten wird die Pflanze aufgrund ihrer medizinischen und aromatischen Eigenschaften in vielen Kulturen gesch\u00e4tzt.<\/p><p>Da Lavendel seit vielen Jahren kultiviert und verbreitet wird, ist die genaue Herkunft nicht bekannt. Wild w\u00e4chst die Pflanze jedoch in den K\u00fcstenregionen des Mittelmeerraums, darunter Teile von Frankreich, Spanien, Italien und Griechenland.<\/p><p>Im antiken Rom und Griechenland wurde Lavendel als duftende Pflanze gesch\u00e4tzt und im Mittelalter in Europa weit verbreitet. Heute wird Lavendel auf der ganzen Welt angebaut und kultiviert, von Europa bis Australien, Nordamerika und Asien.<\/p>\t\t\t\t\t\t\t\t<\/div>\n\t\t\t\t<\/div>\n\t\t\t\t<div class=\"elementor-element elementor-element-ac8e640 elementor-widget elementor-widget-spacer\" data-id=\"ac8e640\" data-element_type=\"widget\" data-e-type=\"widget\" data-widget_type=\"spacer.default\">\n\t\t\t\t<div class=\"elementor-widget-container\">\n\t\t\t\t\t\t\t<div class=\"elementor-spacer\">\n\t\t\t<div class=\"elementor-spacer-inner\"><\/div>\n\t\t<\/div>\n\t\t\t\t\t\t<\/div>\n\t\t\t\t<\/div>\n\t\t\t\t<div class=\"elementor-element elementor-element-808498a elementor-widget elementor-widget-heading\" data-id=\"808498a\" data-element_type=\"widget\" data-e-type=\"widget\" data-widget_type=\"heading.default\">\n\t\t\t\t<div class=\"elementor-widget-container\">\n\t\t\t\t\t<h2 class=\"elementor-heading-title elementor-size-xl\">Inhaltsstoffe nach INCI<\/h2>\t\t\t\t<\/div>\n\t\t\t\t<\/div>\n\t\t\t\t<div class=\"elementor-element elementor-element-c39dcbd elementor-widget elementor-widget-text-editor\" data-id=\"c39dcbd\" data-element_type=\"widget\" data-e-type=\"widget\" data-widget_type=\"text-editor.default\">\n\t\t\t\t<div class=\"elementor-widget-container\">\n\t\t\t\t\t\t\t\t\t<p><strong>LAVANDULA ANGUSTIFOLIA OIL<\/strong> &#8211; \u00c4therisches \u00d6l der Pflanze<br \/><strong>LAVANDULA ANGUSTIFOLIA FLOWER OIL<\/strong> &#8211; \u00c4therisches \u00d6l der Bl\u00fcte<br \/><strong>LAVANDULA ANGUSTIFOLIA EXTRACT<\/strong> &#8211; Extrakt der Pflanze<\/p>\t\t\t\t\t\t\t\t<\/div>\n\t\t\t\t<\/div>\n\t\t\t\t<\/div>\n\t\t<div class=\"elementor-element elementor-element-de15c73 e-con-full e-flex e-con e-child\" data-id=\"de15c73\" data-element_type=\"container\" data-e-type=\"container\">\n\t\t\t\t<div class=\"elementor-element elementor-element-e07eabf elementor-widget elementor-widget-heading\" data-id=\"e07eabf\" data-element_type=\"widget\" data-e-type=\"widget\" data-widget_type=\"heading.default\">\n\t\t\t\t<div class=\"elementor-widget-container\">\n\t\t\t\t\t<h2 class=\"elementor-heading-title elementor-size-xl\">Wirkung<\/h2>\t\t\t\t<\/div>\n\t\t\t\t<\/div>\n\t\t\t\t<div class=\"elementor-element elementor-element-e506c9b elementor-widget elementor-widget-text-editor\" data-id=\"e506c9b\" data-element_type=\"widget\" data-e-type=\"widget\" data-widget_type=\"text-editor.default\">\n\t\t\t\t<div class=\"elementor-widget-container\">\n\t\t\t\t\t\t\t\t\t<div class=\"group w-full text-gray-800 dark:text-gray-100 border-b border-black\/10 dark:border-gray-900\/50 bg-gray-50 dark:bg-[#444654]\"><div class=\"text-base gap-4 md:gap-6 md:max-w-2xl lg:max-w-xl xl:max-w-3xl p-4 md:py-6 flex lg:px-0 m-auto\"><div class=\"relative flex w-[calc(100%-50px)] flex-col gap-1 md:gap-3 lg:w-[calc(100%-115px)]\"><div class=\"flex flex-grow flex-col gap-3\"><div class=\"min-h-[20px] flex flex-col items-start gap-4 whitespace-pre-wrap\"><div class=\"markdown prose w-full break-words dark:prose-invert light\"><p>Lavendel besitzt beruhigende Wirkungen auf K\u00f6rper und Geist. Es kann helfen, Stress und Angstzust\u00e4nde zu reduzieren, den Schlaf zu verbessern und die Stimmung zu heben. Lavendel hat auch entz\u00fcndungshemmende Eigenschaften, die dazu beitragen k\u00f6nnen, Entz\u00fcndungen im K\u00f6rper zu verringern. Dadurch kann er bei der Behandlung von Hauterkrankungen wie Akne, Ekzemen und Schuppenflechte helfen. Zudem kann er Schmerzen im K\u00f6rper lindern und wird oft bei Kopfschmerzen, Migr\u00e4ne und Muskelverspannungen eingesetzt. Dar\u00fcber hinaus verf\u00fcgt Lavendel \u00fcber antimikrobielle Eigenschaften, die das Wachstum von Bakterien und Pilzen im K\u00f6rper hemmen k\u00f6nnen. Daher kann er bei der Behandlung von Hautinfektionen und anderen Infektionen unterst\u00fctzend wirken.<\/p><\/div><\/div><\/div><\/div><\/div><\/div>\t\t\t\t\t\t\t\t<\/div>\n\t\t\t\t<\/div>\n\t\t\t\t<div class=\"elementor-element elementor-element-3923987 elementor-widget elementor-widget-spacer\" data-id=\"3923987\" data-element_type=\"widget\" data-e-type=\"widget\" data-widget_type=\"spacer.default\">\n\t\t\t\t<div class=\"elementor-widget-container\">\n\t\t\t\t\t\t\t<div class=\"elementor-spacer\">\n\t\t\t<div class=\"elementor-spacer-inner\"><\/div>\n\t\t<\/div>\n\t\t\t\t\t\t<\/div>\n\t\t\t\t<\/div>\n\t\t\t\t<div class=\"elementor-element elementor-element-80be7ab elementor-widget elementor-widget-heading\" data-id=\"80be7ab\" data-element_type=\"widget\" data-e-type=\"widget\" data-widget_type=\"heading.default\">\n\t\t\t\t<div class=\"elementor-widget-container\">\n\t\t\t\t\t<h2 class=\"elementor-heading-title elementor-size-xl\">Verwendung<\/h2>\t\t\t\t<\/div>\n\t\t\t\t<\/div>\n\t\t\t\t<div class=\"elementor-element elementor-element-0636c77 elementor-widget elementor-widget-text-editor\" data-id=\"0636c77\" data-element_type=\"widget\" data-e-type=\"widget\" data-widget_type=\"text-editor.default\">\n\t\t\t\t<div class=\"elementor-widget-container\">\n\t\t\t\t\t\t\t\t\t<p>Lavendel\u00f6l wird oft in der Aromatherapie eingesetzt, um Stress und Angstzust\u00e4nde zu lindern, die Schlafqualit\u00e4t zu verbessern und die Stimmung zu heben. Es wird auch in Hautpflegeprodukten verwendet, da es entz\u00fcndungshemmende Eigenschaften hat und dazu beitragen kann, die Haut zu beruhigen und zu heilen. Es wird oft bei der Behandlung von Akne, Ekzemen, Schuppenflechte und anderen Hauterkrankungen eingesetzt.<\/p><p>Lavendelbl\u00fcten werden in der K\u00fcche als Gew\u00fcrz verwendet und k\u00f6nnen in verschiedenen Gerichten wie Desserts, Tees und Marinaden verwendet werden. Der Duft von Lavendel ist f\u00fcr Insekten wie M\u00fccken, Fliegen und Motten unangenehm und wird oft als nat\u00fcrliche Methode zur Insektenabwehr eingesetzt. Ausserdem wird Lavendel oft als dekoratives Element in G\u00e4rten, Blumenstr\u00e4ussen und als Potpourri verwendet, da er eine beruhigende und entspannende Wirkung hat.<\/p>\t\t\t\t\t\t\t\t<\/div>\n\t\t\t\t<\/div>\n\t\t\t\t<\/div>\n\t\t\t\t\t<\/div>\n\t\t\t\t<\/div>\n\t\t<div class=\"elementor-element elementor-element-df30fab e-flex e-con-boxed e-con e-parent\" data-id=\"df30fab\" data-element_type=\"container\" data-e-type=\"container\">\n\t\t\t\t\t<div class=\"e-con-inner\">\n\t\t<div class=\"elementor-element elementor-element-667dad7 e-con-full e-flex e-con e-child\" data-id=\"667dad7\" data-element_type=\"container\" data-e-type=\"container\">\n\t\t\t\t<div class=\"elementor-element elementor-element-9f231a4 elementor-widget elementor-widget-heading\" data-id=\"9f231a4\" data-element_type=\"widget\" data-e-type=\"widget\" data-widget_type=\"heading.default\">\n\t\t\t\t<div class=\"elementor-widget-container\">\n\t\t\t\t\t<h2 class=\"elementor-heading-title elementor-size-xl\">Enthalten in:<\/h2>\t\t\t\t<\/div>\n\t\t\t\t<\/div>\n\t\t\t\t<div class=\"elementor-element elementor-element-4c322b6 elementor-widget elementor-widget-spacer\" data-id=\"4c322b6\" data-element_type=\"widget\" data-e-type=\"widget\" data-widget_type=\"spacer.default\">\n\t\t\t\t<div class=\"elementor-widget-container\">\n\t\t\t\t\t\t\t<div class=\"elementor-spacer\">\n\t\t\t<div class=\"elementor-spacer-inner\"><\/div>\n\t\t<\/div>\n\t\t\t\t\t\t<\/div>\n\t\t\t\t<\/div>\n\t\t\t\t<div class=\"elementor-element elementor-element-4bc39cf elementor-product-loop-item--align-center elementor-grid-tablet-2 elementor-grid-mobile-1 elementor-grid-4 elementor-products-grid elementor-wc-products elementor-show-pagination-border-yes elementor-widget elementor-widget-woocommerce-products\" data-id=\"4bc39cf\" data-element_type=\"widget\" data-e-type=\"widget\" data-widget_type=\"woocommerce-products.default\">\n\t\t\t\t<div class=\"elementor-widget-container\">\n\t\t\t\t\t<div class=\"woocommerce columns-4 \"><div class=\"woocommerce-notices-wrapper\"><\/div><ul class=\"products elementor-grid columns-4\">\n<li class=\"product type-product post-1072 status-publish first instock product_cat-haushalt product_cat-waesche product_tag-frisch-duftende-waesche product_tag-lavendel product_tag-waescheparfum has-post-thumbnail taxable shipping-taxable purchasable product-type-simple\">\n\t<a href=\"https:\/\/blidor.ch\/fr\/webshop\/waescheparfum-lavande\/\" class=\"woocommerce-LoopProduct-link woocommerce-loop-product__link\"><img decoding=\"async\" width=\"300\" height=\"300\" src=\"https:\/\/blidor.ch\/wp-content\/uploads\/006-Lavende-Waescheparfum-100ml-300x300.jpg\" class=\"attachment-woocommerce_thumbnail size-woocommerce_thumbnail\" alt=\"Lavande W\u00e4scheparf\u00fcm von Blidor\" srcset=\"https:\/\/blidor.ch\/wp-content\/uploads\/006-Lavende-Waescheparfum-100ml-300x300.jpg 300w, https:\/\/blidor.ch\/wp-content\/uploads\/006-Lavende-Waescheparfum-100ml-100x100.jpg 100w, https:\/\/blidor.ch\/wp-content\/uploads\/006-Lavende-Waescheparfum-100ml-600x600.jpg 600w, https:\/\/blidor.ch\/wp-content\/uploads\/006-Lavende-Waescheparfum-100ml-64x64.jpg 64w, https:\/\/blidor.ch\/wp-content\/uploads\/006-Lavende-Waescheparfum-100ml-512x512.jpg 512w, https:\/\/blidor.ch\/wp-content\/uploads\/006-Lavende-Waescheparfum-100ml-1152x1152.jpg 1152w, https:\/\/blidor.ch\/wp-content\/uploads\/006-Lavende-Waescheparfum-100ml-256x256.jpg 256w, https:\/\/blidor.ch\/wp-content\/uploads\/006-Lavende-Waescheparfum-100ml-768x768.jpg 768w, https:\/\/blidor.ch\/wp-content\/uploads\/006-Lavende-Waescheparfum-100ml.jpg 1200w\" sizes=\"(max-width: 300px) 100vw, 300px\" \/><h2 class=\"woocommerce-loop-product__title\">W\u00e4scheparfum Lavande<\/h2><div class=\"star-rating\" role=\"img\" aria-label=\"Rated 5.00 de 5\"><span style=\"width:100%\">Rated <strong class=\"rating\">5.00<\/strong> de 5<\/span><\/div>\n\t<span class=\"price\"><span class=\"woocommerce-Price-amount amount\"><bdi><span class=\"woocommerce-Price-currencySymbol\">&#67;&#72;&#70;<\/span>&nbsp;33.90<\/bdi><\/span> <small class=\"woocommerce-price-suffix\">inkl. MwSt.<\/small><\/span>\n<\/a><div class=\"woocommerce-loop-product__buttons\"><a href=\"\/fr\/wp-json\/wp\/v2\/pages\/15765?add-to-cart=1072\" aria-describedby=\"woocommerce_loop_add_to_cart_link_describedby_1072\" data-quantity=\"1\" class=\"button product_type_simple add_to_cart_button ajax_add_to_cart\" data-product_id=\"1072\" data-product_sku=\"006\" aria-label=\"Ajouter au panier : &quot;W\u00e4scheparfum Lavande&quot;\" rel=\"nofollow\" data-success_message=\"\u00ab\u00a0W\u00e4scheparfum Lavande\u00a0\u00bb a \u00e9t\u00e9 ajout\u00e9 \u00e0 votre panier\" role=\"button\">Ajouter au panier<\/a><\/div>\t<span id=\"woocommerce_loop_add_to_cart_link_describedby_1072\" class=\"screen-reader-text\">\n\t\t\t<\/span>\n<span class=\"gtm4wp_productdata\" style=\"display:none; visibility:hidden;\" data-gtm4wp_product_data=\"{&quot;internal_id&quot;:1072,&quot;item_id&quot;:&quot;006&quot;,&quot;item_name&quot;:&quot;W\\u00e4scheparfum Lavande&quot;,&quot;sku&quot;:&quot;006&quot;,&quot;price&quot;:33.89999999999999857891452847979962825775146484375,&quot;stocklevel&quot;:null,&quot;stockstatus&quot;:&quot;instock&quot;,&quot;google_business_vertical&quot;:&quot;retail&quot;,&quot;item_category&quot;:&quot;W\\u00e4sche&quot;,&quot;id&quot;:&quot;006&quot;,&quot;productlink&quot;:&quot;https:\\\/\\\/blidor.ch\\\/fr\\\/webshop\\\/waescheparfum-lavande\\\/&quot;,&quot;item_list_name&quot;:&quot;Liste g\\u00e9n\\u00e9rale des produits&quot;,&quot;index&quot;:1,&quot;product_type&quot;:&quot;simple&quot;,&quot;item_brand&quot;:&quot;&quot;}\"><\/span><\/li>\n<li class=\"product type-product post-1125 status-publish instock product_cat-koerper product_cat-kosmetik product_tag-belebend product_tag-hautoel product_tag-kosmetik-pfefferminze product_tag-pfefferminze product_tag-wohltuend has-post-thumbnail taxable shipping-taxable purchasable product-type-simple\">\n\t<a href=\"https:\/\/blidor.ch\/fr\/webshop\/33-kraeuteroel-50-ml\/\" class=\"woocommerce-LoopProduct-link woocommerce-loop-product__link\"><img decoding=\"async\" width=\"300\" height=\"300\" src=\"https:\/\/blidor.ch\/wp-content\/uploads\/33-kraeuteroel-50ml-1-300x300.jpg\" class=\"attachment-woocommerce_thumbnail size-woocommerce_thumbnail\" alt=\"33 Kr\u00e4uter\u00f6l (50 ml)\" srcset=\"https:\/\/blidor.ch\/wp-content\/uploads\/33-kraeuteroel-50ml-1-300x300.jpg 300w, https:\/\/blidor.ch\/wp-content\/uploads\/33-kraeuteroel-50ml-1-512x512.jpg 512w, https:\/\/blidor.ch\/wp-content\/uploads\/33-kraeuteroel-50ml-1-1152x1152.jpg 1152w, https:\/\/blidor.ch\/wp-content\/uploads\/33-kraeuteroel-50ml-1-256x256.jpg 256w, https:\/\/blidor.ch\/wp-content\/uploads\/33-kraeuteroel-50ml-1-768x768.jpg 768w, https:\/\/blidor.ch\/wp-content\/uploads\/33-kraeuteroel-50ml-1-1536x1536.jpg 1536w, https:\/\/blidor.ch\/wp-content\/uploads\/33-kraeuteroel-50ml-1-12x12.jpg 12w, https:\/\/blidor.ch\/wp-content\/uploads\/33-kraeuteroel-50ml-1-600x600.jpg 600w, https:\/\/blidor.ch\/wp-content\/uploads\/33-kraeuteroel-50ml-1-100x100.jpg 100w, https:\/\/blidor.ch\/wp-content\/uploads\/33-kraeuteroel-50ml-1-64x64.jpg 64w, https:\/\/blidor.ch\/wp-content\/uploads\/33-kraeuteroel-50ml-1.jpg 2000w\" sizes=\"(max-width: 300px) 100vw, 300px\" \/><h2 class=\"woocommerce-loop-product__title\">33 Kr\u00e4uter\u00f6l (50 ml)<\/h2>\n\t<span class=\"price\"><span class=\"woocommerce-Price-amount amount\"><bdi><span class=\"woocommerce-Price-currencySymbol\">&#67;&#72;&#70;<\/span>&nbsp;33.90<\/bdi><\/span> <small class=\"woocommerce-price-suffix\">inkl. MwSt.<\/small><\/span>\n<\/a><div class=\"woocommerce-loop-product__buttons\"><a href=\"\/fr\/wp-json\/wp\/v2\/pages\/15765?add-to-cart=1125\" aria-describedby=\"woocommerce_loop_add_to_cart_link_describedby_1125\" data-quantity=\"1\" class=\"button product_type_simple add_to_cart_button ajax_add_to_cart\" data-product_id=\"1125\" data-product_sku=\"5378\" aria-label=\"Ajouter au panier : &quot;33 Kr\u00e4uter\u00f6l (50 ml)&quot;\" rel=\"nofollow\" data-success_message=\"\u00ab\u00a033 Kr\u00e4uter\u00f6l (50 ml)\u00a0\u00bb a \u00e9t\u00e9 ajout\u00e9 \u00e0 votre panier\" role=\"button\">Ajouter au panier<\/a><\/div>\t<span id=\"woocommerce_loop_add_to_cart_link_describedby_1125\" class=\"screen-reader-text\">\n\t\t\t<\/span>\n<span class=\"gtm4wp_productdata\" style=\"display:none; visibility:hidden;\" data-gtm4wp_product_data=\"{&quot;internal_id&quot;:1125,&quot;item_id&quot;:&quot;5378&quot;,&quot;item_name&quot;:&quot;33 Kr\\u00e4uter\\u00f6l (50 ml)&quot;,&quot;sku&quot;:&quot;5378&quot;,&quot;price&quot;:33.89999999999999857891452847979962825775146484375,&quot;stocklevel&quot;:null,&quot;stockstatus&quot;:&quot;instock&quot;,&quot;google_business_vertical&quot;:&quot;retail&quot;,&quot;item_category&quot;:&quot;K\\u00f6rper&quot;,&quot;id&quot;:&quot;5378&quot;,&quot;productlink&quot;:&quot;https:\\\/\\\/blidor.ch\\\/fr\\\/webshop\\\/33-kraeuteroel-50-ml\\\/&quot;,&quot;item_list_name&quot;:&quot;Liste g\\u00e9n\\u00e9rale des produits&quot;,&quot;index&quot;:2,&quot;product_type&quot;:&quot;simple&quot;,&quot;item_brand&quot;:&quot;&quot;}\"><\/span><\/li>\n<\/ul>\n<\/div>\t\t\t\t<\/div>\n\t\t\t\t<\/div>\n\t\t\t\t<div class=\"elementor-element elementor-element-4af7700 elementor-widget elementor-widget-spacer\" data-id=\"4af7700\" data-element_type=\"widget\" data-e-type=\"widget\" data-widget_type=\"spacer.default\">\n\t\t\t\t<div class=\"elementor-widget-container\">\n\t\t\t\t\t\t\t<div class=\"elementor-spacer\">\n\t\t\t<div class=\"elementor-spacer-inner\"><\/div>\n\t\t<\/div>\n\t\t\t\t\t\t<\/div>\n\t\t\t\t<\/div>\n\t\t\t\t<\/div>\n\t\t\t\t\t<\/div>\n\t\t\t\t<\/div>\n\t\t\t\t<\/div>\n\t\t","protected":false},"excerpt":{"rendered":"<p>Inhaltsstoffe Wissenschaftlicher Name: Lavandula Ursprung: pflanzlichFamilie: Lamiaceae, Lippenbl\u00fctlerKategorie: Heilpflanze Herkunft Lavendel geh\u00f6rt zur Familie der Lippenbl\u00fctler (Lamiaceae) und stammt urspr\u00fcnglich aus dem Mittelmeerraum und Teilen Asiens. Seit Jahrhunderten wird die Pflanze aufgrund ihrer medizinischen und aromatischen Eigenschaften in vielen Kulturen gesch\u00e4tzt. Da Lavendel seit vielen Jahren kultiviert und verbreitet wird, ist die genaue Herkunft nicht [&hellip;]<\/p>\n","protected":false},"author":4,"featured_media":15458,"parent":0,"menu_order":0,"comment_status":"closed","ping_status":"closed","template":"","meta":{"footnotes":""},"class_list":["post-15765","page","type-page","status-publish","has-post-thumbnail","hentry"],"_links":{"self":[{"href":"https:\/\/blidor.ch\/fr\/wp-json\/wp\/v2\/pages\/15765","targetHints":{"allow":["GET"]}}],"collection":[{"href":"https:\/\/blidor.ch\/fr\/wp-json\/wp\/v2\/pages"}],"about":[{"href":"https:\/\/blidor.ch\/fr\/wp-json\/wp\/v2\/types\/page"}],"author":[{"embeddable":true,"href":"https:\/\/blidor.ch\/fr\/wp-json\/wp\/v2\/users\/4"}],"replies":[{"embeddable":true,"href":"https:\/\/blidor.ch\/fr\/wp-json\/wp\/v2\/comments?post=15765"}],"version-history":[{"count":0,"href":"https:\/\/blidor.ch\/fr\/wp-json\/wp\/v2\/pages\/15765\/revisions"}],"wp:featuredmedia":[{"embeddable":true,"href":"https:\/\/blidor.ch\/fr\/wp-json\/wp\/v2\/media\/15458"}],"wp:attachment":[{"href":"https:\/\/blidor.ch\/fr\/wp-json\/wp\/v2\/media?parent=15765"}],"curies":[{"name":"wp","href":"https:\/\/api.w.org\/{rel}","templated":true}]}}