{"id":15754,"date":"2023-03-24T10:39:04","date_gmt":"2023-03-24T09:39:04","guid":{"rendered":"https:\/\/blidor.ch\/?page_id=15754"},"modified":"2023-11-08T09:33:19","modified_gmt":"2023-11-08T08:33:19","slug":"bleuet","status":"publish","type":"page","link":"https:\/\/blidor.ch\/fr\/kornblume\/","title":{"rendered":"Bleuet"},"content":{"rendered":"<div data-elementor-type=\"wp-page\" data-elementor-id=\"15754\" class=\"elementor elementor-15754\" data-elementor-post-type=\"page\">\n\t\t\t\t<div class=\"elementor-element elementor-element-6d70ae5 e-flex e-con-boxed e-con e-parent\" data-id=\"6d70ae5\" data-element_type=\"container\" data-e-type=\"container\">\n\t\t\t\t\t<div class=\"e-con-inner\">\n\t\t<div class=\"elementor-element elementor-element-3283a81 e-con-full e-flex e-con e-child\" data-id=\"3283a81\" data-element_type=\"container\" data-e-type=\"container\">\n\t\t\t\t<div class=\"elementor-element elementor-element-b285abd elementor-widget elementor-widget-spacer\" data-id=\"b285abd\" data-element_type=\"widget\" data-e-type=\"widget\" data-widget_type=\"spacer.default\">\n\t\t\t\t<div class=\"elementor-widget-container\">\n\t\t\t\t\t\t\t<div class=\"elementor-spacer\">\n\t\t\t<div class=\"elementor-spacer-inner\"><\/div>\n\t\t<\/div>\n\t\t\t\t\t\t<\/div>\n\t\t\t\t<\/div>\n\t\t\t\t<\/div>\n\t\t\t\t\t<\/div>\n\t\t\t\t<\/div>\n\t\t<div class=\"elementor-element elementor-element-71f187e e-flex e-con-boxed e-con e-parent\" data-id=\"71f187e\" data-element_type=\"container\" data-e-type=\"container\">\n\t\t\t\t\t<div class=\"e-con-inner\">\n\t\t<div class=\"elementor-element elementor-element-a93d5cd e-con-full e-flex e-con e-child\" data-id=\"a93d5cd\" data-element_type=\"container\" data-e-type=\"container\">\n\t\t\t\t<div class=\"elementor-element elementor-element-6777177 elementor-align-left elementor-tablet-align-center elementor-mobile-align-center elementor-widget elementor-widget-button\" data-id=\"6777177\" data-element_type=\"widget\" data-e-type=\"widget\" data-widget_type=\"button.default\">\n\t\t\t\t<div class=\"elementor-widget-container\">\n\t\t\t\t\t\t\t\t\t<div class=\"elementor-button-wrapper\">\n\t\t\t\t\t<a class=\"elementor-button elementor-button-link elementor-size-sm\" href=\"\/fr\/ingredients\/\">\n\t\t\t\t\t\t<span class=\"elementor-button-content-wrapper\">\n\t\t\t\t\t\t<span class=\"elementor-button-icon\">\n\t\t\t\t<svg aria-hidden=\"true\" class=\"e-font-icon-svg e-fas-angle-double-left\" viewbox=\"0 0 448 512\" xmlns=\"http:\/\/www.w3.org\/2000\/svg\"><path d=\"M223.7 239l136-136c9.4-9.4 24.6-9.4 33.9 0l22.6 22.6c9.4 9.4 9.4 24.6 0 33.9L319.9 256l96.4 96.4c9.4 9.4 9.4 24.6 0 33.9L393.7 409c-9.4 9.4-24.6 9.4-33.9 0l-136-136c-9.5-9.4-9.5-24.6-.1-34zm-192 34l136 136c9.4 9.4 24.6 9.4 33.9 0l22.6-22.6c9.4-9.4 9.4-24.6 0-33.9L127.9 256l96.4-96.4c9.4-9.4 9.4-24.6 0-33.9L201.7 103c-9.4-9.4-24.6-9.4-33.9 0l-136 136c-9.5 9.4-9.5 24.6-.1 34z\"><\/path><\/svg>\t\t\t<\/span>\n\t\t\t\t\t\t\t\t\t<span class=\"elementor-button-text\">Ingr\u00e9dients<\/span>\n\t\t\t\t\t<\/span>\n\t\t\t\t\t<\/a>\n\t\t\t\t<\/div>\n\t\t\t\t\t\t\t\t<\/div>\n\t\t\t\t<\/div>\n\t\t\t\t<\/div>\n\t\t\t\t\t<\/div>\n\t\t\t\t<\/div>\n\t\t<div class=\"elementor-element elementor-element-89aaa36 e-flex e-con-boxed e-con e-parent\" data-id=\"89aaa36\" data-element_type=\"container\" data-e-type=\"container\">\n\t\t\t\t\t<div class=\"e-con-inner\">\n\t\t<div class=\"elementor-element elementor-element-36ce26f e-con-full e-flex e-con e-child\" data-id=\"36ce26f\" data-element_type=\"container\" data-e-type=\"container\">\n\t\t\t\t<div class=\"elementor-element elementor-element-89ef726 elementor-widget elementor-widget-image\" data-id=\"89ef726\" data-element_type=\"widget\" data-e-type=\"widget\" data-widget_type=\"image.default\">\n\t\t\t\t<div class=\"elementor-widget-container\">\n\t\t\t\t\t\t\t\t\t\t\t\t\t\t\t<img fetchpriority=\"high\" decoding=\"async\" width=\"800\" height=\"800\" src=\"https:\/\/blidor.ch\/wp-content\/uploads\/kornblume-1200px-1152x1152.jpg\" class=\"attachment-large size-large wp-image-15459\" alt=\"\" srcset=\"https:\/\/blidor.ch\/wp-content\/uploads\/kornblume-1200px-1152x1152.jpg 1152w, https:\/\/blidor.ch\/wp-content\/uploads\/kornblume-1200px-512x512.jpg 512w, https:\/\/blidor.ch\/wp-content\/uploads\/kornblume-1200px-256x256.jpg 256w, https:\/\/blidor.ch\/wp-content\/uploads\/kornblume-1200px-768x768.jpg 768w, https:\/\/blidor.ch\/wp-content\/uploads\/kornblume-1200px-12x12.jpg 12w, https:\/\/blidor.ch\/wp-content\/uploads\/kornblume-1200px-300x300.jpg 300w, https:\/\/blidor.ch\/wp-content\/uploads\/kornblume-1200px-600x600.jpg 600w, https:\/\/blidor.ch\/wp-content\/uploads\/kornblume-1200px-100x100.jpg 100w, https:\/\/blidor.ch\/wp-content\/uploads\/kornblume-1200px-64x64.jpg 64w, https:\/\/blidor.ch\/wp-content\/uploads\/kornblume-1200px.jpg 1200w\" sizes=\"(max-width: 800px) 100vw, 800px\" \/>\t\t\t\t\t\t\t\t\t\t\t\t\t\t\t<\/div>\n\t\t\t\t<\/div>\n\t\t\t\t<\/div>\n\t\t<div class=\"elementor-element elementor-element-d84e02c e-con-full e-flex e-con e-child\" data-id=\"d84e02c\" data-element_type=\"container\" data-e-type=\"container\">\n\t\t\t\t<div class=\"elementor-element elementor-element-20c9a8e elementor-widget elementor-widget-heading\" data-id=\"20c9a8e\" data-element_type=\"widget\" data-e-type=\"widget\" data-widget_type=\"heading.default\">\n\t\t\t\t<div class=\"elementor-widget-container\">\n\t\t\t\t\t<h2 class=\"elementor-heading-title elementor-size-xxl\">Bleuet<\/h2>\t\t\t\t<\/div>\n\t\t\t\t<\/div>\n\t\t\t\t<div class=\"elementor-element elementor-element-1d5c83c elementor-widget elementor-widget-text-editor\" data-id=\"1d5c83c\" data-element_type=\"widget\" data-e-type=\"widget\" data-widget_type=\"text-editor.default\">\n\t\t\t\t<div class=\"elementor-widget-container\">\n\t\t\t\t\t\t\t\t\t<p>Nom scientifique : <strong>Centaurea cyanus<\/strong><\/p><p>Origine : <strong>\u00e0 base de plantes<br \/><\/strong>famille : <strong>Ast\u00e9rac\u00e9es, compos\u00e9es<br \/><\/strong>Cat\u00e9gorie : <strong>Plante m\u00e9dicinale<\/strong><\/p>\t\t\t\t\t\t\t\t<\/div>\n\t\t\t\t<\/div>\n\t\t\t\t<\/div>\n\t\t\t\t\t<\/div>\n\t\t\t\t<\/div>\n\t\t<div class=\"elementor-element elementor-element-e3cbb9b e-flex e-con-boxed e-con e-parent\" data-id=\"e3cbb9b\" data-element_type=\"container\" data-e-type=\"container\">\n\t\t\t\t\t<div class=\"e-con-inner\">\n\t\t<div class=\"elementor-element elementor-element-96316ad e-con-full e-flex e-con e-child\" data-id=\"96316ad\" data-element_type=\"container\" data-e-type=\"container\">\n\t\t\t\t<div class=\"elementor-element elementor-element-65d20a2 elementor-widget elementor-widget-heading\" data-id=\"65d20a2\" data-element_type=\"widget\" data-e-type=\"widget\" data-widget_type=\"heading.default\">\n\t\t\t\t<div class=\"elementor-widget-container\">\n\t\t\t\t\t<h2 class=\"elementor-heading-title elementor-size-xl\">Origine et utilisation<\/h2>\t\t\t\t<\/div>\n\t\t\t\t<\/div>\n\t\t\t\t<div class=\"elementor-element elementor-element-c181d26 elementor-widget elementor-widget-text-editor\" data-id=\"c181d26\" data-element_type=\"widget\" data-e-type=\"widget\" data-widget_type=\"text-editor.default\">\n\t\t\t\t<div class=\"elementor-widget-container\">\n\t\t\t\t\t\t\t\t\t<p>Le bleuet (Centaurea cyanus) est probablement originaire d'Europe et d'Asie, mais son origine exacte n'est pas connue. Il a probablement \u00e9t\u00e9 cultiv\u00e9 d\u00e8s l'Antiquit\u00e9 et introduit plus tard dans de nombreuses r\u00e9gions du monde.<\/p><p>Le bleuet est souvent associ\u00e9 aux champs de c\u00e9r\u00e9ales, car il \u00e9tait autrefois souvent pr\u00e9sent comme mauvaise herbe dans les champs de c\u00e9r\u00e9ales et constituait donc un \u00e9l\u00e9ment caract\u00e9ristique des paysages c\u00e9r\u00e9aliers d'Europe. Le nom \"bleuet\" vient probablement de cette association avec les champs de bl\u00e9.<\/p><p>Le bleuet a diff\u00e9rentes utilisations. En m\u00e9decine populaire, il est souvent utilis\u00e9 pour traiter les inflammations oculaires. Pour ce faire, les fleurs sont infus\u00e9es en th\u00e9 ou en teinture et utilis\u00e9es comme collyre. Le bleuet est \u00e9galement appr\u00e9ci\u00e9 comme plante ornementale dans les jardins, notamment en raison de sa couleur bleue et de sa longue p\u00e9riode de floraison. En outre, il est utilis\u00e9 comme colorant alimentaire pour donner une teinte bleue aux aliments et aux boissons. Pour ce faire, les fleurs sont s\u00e9ch\u00e9es et broy\u00e9es.<\/p>\t\t\t\t\t\t\t\t<\/div>\n\t\t\t\t<\/div>\n\t\t\t\t<div class=\"elementor-element elementor-element-7e9a0fb elementor-widget elementor-widget-spacer\" data-id=\"7e9a0fb\" data-element_type=\"widget\" data-e-type=\"widget\" data-widget_type=\"spacer.default\">\n\t\t\t\t<div class=\"elementor-widget-container\">\n\t\t\t\t\t\t\t<div class=\"elementor-spacer\">\n\t\t\t<div class=\"elementor-spacer-inner\"><\/div>\n\t\t<\/div>\n\t\t\t\t\t\t<\/div>\n\t\t\t\t<\/div>\n\t\t\t\t<div class=\"elementor-element elementor-element-493cdde elementor-widget elementor-widget-heading\" data-id=\"493cdde\" data-element_type=\"widget\" data-e-type=\"widget\" data-widget_type=\"heading.default\">\n\t\t\t\t<div class=\"elementor-widget-container\">\n\t\t\t\t\t<h2 class=\"elementor-heading-title elementor-size-xl\">Ingr\u00e9dients selon INCI<\/h2>\t\t\t\t<\/div>\n\t\t\t\t<\/div>\n\t\t\t\t<div class=\"elementor-element elementor-element-183e2e5 elementor-widget elementor-widget-text-editor\" data-id=\"183e2e5\" data-element_type=\"widget\" data-e-type=\"widget\" data-widget_type=\"text-editor.default\">\n\t\t\t\t<div class=\"elementor-widget-container\">\n\t\t\t\t\t\t\t\t\t<p><strong>EXTRAIT DE FLEUR DE CENTAUREA CYANUS<\/strong> - Extrait de fleurs<br \/><strong>CENTAUREA CYANUS FLOWER WATER<\/strong> - Distillat de vapeur d'eau de fleurs<\/p>\t\t\t\t\t\t\t\t<\/div>\n\t\t\t\t<\/div>\n\t\t\t\t<\/div>\n\t\t<div class=\"elementor-element elementor-element-990f6b9 e-con-full e-flex e-con e-child\" data-id=\"990f6b9\" data-element_type=\"container\" data-e-type=\"container\">\n\t\t\t\t<div class=\"elementor-element elementor-element-0c5c231 elementor-widget elementor-widget-heading\" data-id=\"0c5c231\" data-element_type=\"widget\" data-e-type=\"widget\" data-widget_type=\"heading.default\">\n\t\t\t\t<div class=\"elementor-widget-container\">\n\t\t\t\t\t<h2 class=\"elementor-heading-title elementor-size-xl\">Effet<\/h2>\t\t\t\t<\/div>\n\t\t\t\t<\/div>\n\t\t\t\t<div class=\"elementor-element elementor-element-d9a8589 elementor-widget elementor-widget-text-editor\" data-id=\"d9a8589\" data-element_type=\"widget\" data-e-type=\"widget\" data-widget_type=\"text-editor.default\">\n\t\t\t\t<div class=\"elementor-widget-container\">\n\t\t\t\t\t\t\t\t\t<p>Le bleuet est traditionnellement utilis\u00e9 depuis longtemps pour soulager les inflammations oculaires. Les fleurs contiennent des flavono\u00efdes et des anthocyanes qui ont des propri\u00e9t\u00e9s anti-inflammatoires et antioxydantes et peuvent apaiser les muqueuses. L'utilisation d'une infusion ou d'une teinture de fleurs de bleuet comme collyre permet de soulager les douleurs, les rougeurs et les gonflements des yeux.<\/p><p>Par ailleurs, le bleuet est \u00e9galement utilis\u00e9 comme produit de soin naturel pour la peau. Les flavono\u00efdes et les tanins qu'il contient peuvent contribuer \u00e0 r\u00e9duire les inflammations et les rougeurs et \u00e0 apaiser la peau. Une infusion de fleurs de bleuet peut \u00eatre utilis\u00e9e comme tonique ou lotion pour le visage, ou ajout\u00e9e au bain pour soigner et rafra\u00eechir la peau.<\/p><p>Les propri\u00e9t\u00e9s anti-inflammatoires du bleuet peuvent \u00e9galement aider \u00e0 traiter les inflammations et les douleurs dans le corps. Elles sont parfois utilis\u00e9es comme rem\u00e8de \u00e0 base de plantes pour des maladies telles que les rhumatismes et l'arthrite.<\/p>\t\t\t\t\t\t\t\t<\/div>\n\t\t\t\t<\/div>\n\t\t\t\t<div class=\"elementor-element elementor-element-7b4d755 elementor-widget elementor-widget-spacer\" data-id=\"7b4d755\" data-element_type=\"widget\" data-e-type=\"widget\" data-widget_type=\"spacer.default\">\n\t\t\t\t<div class=\"elementor-widget-container\">\n\t\t\t\t\t\t\t<div class=\"elementor-spacer\">\n\t\t\t<div class=\"elementor-spacer-inner\"><\/div>\n\t\t<\/div>\n\t\t\t\t\t\t<\/div>\n\t\t\t\t<\/div>\n\t\t\t\t<div class=\"elementor-element elementor-element-eba6c69 elementor-widget elementor-widget-heading\" data-id=\"eba6c69\" data-element_type=\"widget\" data-e-type=\"widget\" data-widget_type=\"heading.default\">\n\t\t\t\t<div class=\"elementor-widget-container\">\n\t\t\t\t\t<h2 class=\"elementor-heading-title elementor-size-xl\">Soin capillaire au bleuet<\/h2>\t\t\t\t<\/div>\n\t\t\t\t<\/div>\n\t\t\t\t<div class=\"elementor-element elementor-element-5c49f2d elementor-widget elementor-widget-text-editor\" data-id=\"5c49f2d\" data-element_type=\"widget\" data-e-type=\"widget\" data-widget_type=\"text-editor.default\">\n\t\t\t\t<div class=\"elementor-widget-container\">\n\t\t\t\t\t\t\t\t\t<p>L'extrait de bleuet convient comme soin naturel pour les cheveux et est souvent utilis\u00e9 dans les shampooings et les apr\u00e8s-shampooings. Les substances actives qu'il contient peuvent aider \u00e0 lisser, \u00e0 d\u00e9m\u00ealer et \u00e0 discipliner les cheveux. Ils peuvent en outre apporter un soulagement en cas de probl\u00e8mes tels que les pellicules et un cuir chevelu sec et irritant.<\/p><p>Les fleurs de bleuet sont \u00e9galement utilis\u00e9es comme colorant capillaire naturel pour couvrir les cheveux gris ou donner aux cheveux une teinte bleue naturelle. Pour ce faire, les fleurs sont infus\u00e9es dans une d\u00e9coction et appliqu\u00e9es en rin\u00e7age.<\/p><p>Une infusion de fleurs de bleuet peut \u00e9galement \u00eatre utilis\u00e9e comme lotion capillaire pour soigner et rafra\u00eechir les cheveux. Elle peut contribuer \u00e0 renforcer les cheveux, \u00e0 les rendre plus brillants et \u00e0 les revitaliser.<\/p>\t\t\t\t\t\t\t\t<\/div>\n\t\t\t\t<\/div>\n\t\t\t\t<\/div>\n\t\t\t\t\t<\/div>\n\t\t\t\t<\/div>\n\t\t<div class=\"elementor-element elementor-element-6d9e505 e-flex e-con-boxed e-con e-parent\" data-id=\"6d9e505\" data-element_type=\"container\" data-e-type=\"container\">\n\t\t\t\t\t<div class=\"e-con-inner\">\n\t\t<div class=\"elementor-element elementor-element-9d55535 e-con-full e-flex e-con e-child\" data-id=\"9d55535\" data-element_type=\"container\" data-e-type=\"container\">\n\t\t\t\t<div class=\"elementor-element elementor-element-ac90ccb elementor-widget elementor-widget-heading\" data-id=\"ac90ccb\" data-element_type=\"widget\" data-e-type=\"widget\" data-widget_type=\"heading.default\">\n\t\t\t\t<div class=\"elementor-widget-container\">\n\t\t\t\t\t<h2 class=\"elementor-heading-title elementor-size-xl\">Contenu dans :<\/h2>\t\t\t\t<\/div>\n\t\t\t\t<\/div>\n\t\t\t\t<div class=\"elementor-element elementor-element-0a7d4a7 elementor-widget elementor-widget-spacer\" data-id=\"0a7d4a7\" data-element_type=\"widget\" data-e-type=\"widget\" data-widget_type=\"spacer.default\">\n\t\t\t\t<div class=\"elementor-widget-container\">\n\t\t\t\t\t\t\t<div class=\"elementor-spacer\">\n\t\t\t<div class=\"elementor-spacer-inner\"><\/div>\n\t\t<\/div>\n\t\t\t\t\t\t<\/div>\n\t\t\t\t<\/div>\n\t\t\t\t<div class=\"elementor-element elementor-element-fd8128b elementor-product-loop-item--align-center elementor-grid-tablet-2 elementor-grid-mobile-1 elementor-grid-4 elementor-products-grid elementor-wc-products elementor-widget elementor-widget-woocommerce-products\" data-id=\"fd8128b\" data-element_type=\"widget\" data-e-type=\"widget\" data-widget_type=\"woocommerce-products.default\">\n\t\t\t\t<div class=\"elementor-widget-container\">\n\t\t\t\t\t<div class=\"woocommerce columns-4\"><ul class=\"products elementor-grid columns-4\">\n<li class=\"product type-product post-1129 status-publish first instock product_cat-haar product_cat-kosmetik product_tag-kornblume-gelb product_tag-shampoo-ohne-mikroplastik has-post-thumbnail taxable shipping-taxable purchasable product-type-simple\">\n\t<a href=\"https:\/\/blidor.ch\/fr\/webshop\/shampoo-kornblume\/\" class=\"woocommerce-LoopProduct-link woocommerce-loop-product__link\"><img decoding=\"async\" width=\"300\" height=\"300\" src=\"https:\/\/blidor.ch\/wp-content\/uploads\/Kornblume-gelb-300x300.jpg\" class=\"attachment-woocommerce_thumbnail size-woocommerce_thumbnail\" alt=\"Bleuet jaune\" srcset=\"https:\/\/blidor.ch\/wp-content\/uploads\/Kornblume-gelb-300x300.jpg 300w, https:\/\/blidor.ch\/wp-content\/uploads\/Kornblume-gelb-100x100.jpg 100w, https:\/\/blidor.ch\/wp-content\/uploads\/Kornblume-gelb-600x600.jpg 600w, https:\/\/blidor.ch\/wp-content\/uploads\/Kornblume-gelb-64x64.jpg 64w, https:\/\/blidor.ch\/wp-content\/uploads\/Kornblume-gelb-512x512.jpg 512w, https:\/\/blidor.ch\/wp-content\/uploads\/Kornblume-gelb-1152x1152.jpg 1152w, https:\/\/blidor.ch\/wp-content\/uploads\/Kornblume-gelb-256x256.jpg 256w, https:\/\/blidor.ch\/wp-content\/uploads\/Kornblume-gelb-768x768.jpg 768w, https:\/\/blidor.ch\/wp-content\/uploads\/Kornblume-gelb.jpg 1200w\" sizes=\"(max-width: 300px) 100vw, 300px\" \/><h2 class=\"woocommerce-loop-product__title\">Shampooing au bleuet<\/h2>\n\t<span class=\"price\"><span class=\"woocommerce-Price-amount amount\"><bdi><span class=\"woocommerce-Price-currencySymbol\">&#67;&#72;&#70;<\/span>&nbsp;29.90<\/bdi><\/span> <small class=\"woocommerce-price-suffix\">TVA incluse<\/small><\/span>\n<\/a><div class=\"woocommerce-loop-product__buttons\"><a href=\"\/fr\/wp-json\/wp\/v2\/pages\/15754?add-to-cart=1129\" aria-describedby=\"woocommerce_loop_add_to_cart_link_describedby_1129\" data-quantity=\"1\" class=\"button product_type_simple add_to_cart_button ajax_add_to_cart\" data-product_id=\"1129\" data-product_sku=\"5210\" aria-label=\"Ajouter au panier : &quot;Shampoo Kornblume&quot;\" rel=\"nofollow\" data-success_message=\"\u00ab\u00a0Shampoo Kornblume\u00a0\u00bb a \u00e9t\u00e9 ajout\u00e9 \u00e0 votre panier\" role=\"button\" data-no-translation=\"\" data-trp-gettext=\"\" data-no-translation-aria-label=\"\" data-no-translation-data-success_message=\"\">Ajouter au panier<\/a><\/div>\t<span id=\"woocommerce_loop_add_to_cart_link_describedby_1129\" class=\"screen-reader-text\">\n\t\t\t<\/span>\n<span class=\"gtm4wp_productdata\" style=\"display:none; visibility:hidden;\" data-gtm4wp_product_data=\"{&quot;internal_id&quot;:1129,&quot;item_id&quot;:&quot;5210&quot;,&quot;item_name&quot;:&quot;Shampoo Kornblume&quot;,&quot;sku&quot;:&quot;5210&quot;,&quot;price&quot;:29.89999999999999857891452847979962825775146484375,&quot;stocklevel&quot;:null,&quot;stockstatus&quot;:&quot;instock&quot;,&quot;google_business_vertical&quot;:&quot;retail&quot;,&quot;item_category&quot;:&quot;Haar&quot;,&quot;id&quot;:&quot;5210&quot;,&quot;productlink&quot;:&quot;https:\\\/\\\/blidor.ch\\\/fr\\\/webshop\\\/shampoo-kornblume\\\/&quot;,&quot;item_list_name&quot;:&quot;Liste g\\u00e9n\\u00e9rale des produits&quot;,&quot;index&quot;:1,&quot;product_type&quot;:&quot;simple&quot;,&quot;item_brand&quot;:&quot;&quot;}\"><\/span><\/li>\n<\/ul>\n<\/div>\t\t\t\t<\/div>\n\t\t\t\t<\/div>\n\t\t\t\t<div class=\"elementor-element elementor-element-cd418c7 elementor-widget elementor-widget-spacer\" data-id=\"cd418c7\" data-element_type=\"widget\" data-e-type=\"widget\" data-widget_type=\"spacer.default\">\n\t\t\t\t<div class=\"elementor-widget-container\">\n\t\t\t\t\t\t\t<div class=\"elementor-spacer\">\n\t\t\t<div class=\"elementor-spacer-inner\"><\/div>\n\t\t<\/div>\n\t\t\t\t\t\t<\/div>\n\t\t\t\t<\/div>\n\t\t\t\t<\/div>\n\t\t\t\t\t<\/div>\n\t\t\t\t<\/div>\n\t\t\t\t<\/div>","protected":false},"excerpt":{"rendered":"<p>Inhaltsstoffe Wissenschaftlicher Name: Centaurea cyanus Ursprung: pflanzlichFamilie: Asteraceae, Korbbl\u00fctlerKategorie: Heilpflanze Herkunft und Verwendung Die Kornblume (Centaurea cyanus) stammt vermutlich aus Europa und Asien, ihre genaue Herkunft ist jedoch nicht bekannt. Wahrscheinlich wurde sie bereits in der Antike kultiviert und sp\u00e4ter in viele Regionen der Welt eingef\u00fchrt. Die Kornblume wird oft mit Getreidefeldern assoziiert, da sie [&hellip;]<\/p>\n","protected":false},"author":4,"featured_media":15459,"parent":0,"menu_order":0,"comment_status":"closed","ping_status":"closed","template":"","meta":{"footnotes":""},"class_list":["post-15754","page","type-page","status-publish","has-post-thumbnail","hentry"],"_links":{"self":[{"href":"https:\/\/blidor.ch\/fr\/wp-json\/wp\/v2\/pages\/15754","targetHints":{"allow":["GET"]}}],"collection":[{"href":"https:\/\/blidor.ch\/fr\/wp-json\/wp\/v2\/pages"}],"about":[{"href":"https:\/\/blidor.ch\/fr\/wp-json\/wp\/v2\/types\/page"}],"author":[{"embeddable":true,"href":"https:\/\/blidor.ch\/fr\/wp-json\/wp\/v2\/users\/4"}],"replies":[{"embeddable":true,"href":"https:\/\/blidor.ch\/fr\/wp-json\/wp\/v2\/comments?post=15754"}],"version-history":[{"count":0,"href":"https:\/\/blidor.ch\/fr\/wp-json\/wp\/v2\/pages\/15754\/revisions"}],"wp:featuredmedia":[{"embeddable":true,"href":"https:\/\/blidor.ch\/fr\/wp-json\/wp\/v2\/media\/15459"}],"wp:attachment":[{"href":"https:\/\/blidor.ch\/fr\/wp-json\/wp\/v2\/media?parent=15754"}],"curies":[{"name":"wp","href":"https:\/\/api.w.org\/{rel}","templated":true}]}}