{"id":15644,"date":"2023-03-22T16:50:14","date_gmt":"2023-03-22T15:50:14","guid":{"rendered":"https:\/\/blidor.ch\/?page_id=15644"},"modified":"2023-11-08T09:33:26","modified_gmt":"2023-11-08T08:33:26","slug":"bleu-tilleul","status":"publish","type":"page","link":"https:\/\/blidor.ch\/fr\/lindenbluete\/","title":{"rendered":"Tilleul"},"content":{"rendered":"\t\t<div data-elementor-type=\"wp-page\" data-elementor-id=\"15644\" class=\"elementor elementor-15644\" data-elementor-post-type=\"page\">\n\t\t\t\t<div class=\"elementor-element elementor-element-f6faecc e-flex e-con-boxed e-con e-parent\" data-id=\"f6faecc\" data-element_type=\"container\" data-e-type=\"container\">\n\t\t\t\t\t<div class=\"e-con-inner\">\n\t\t<div class=\"elementor-element elementor-element-a07c129 e-con-full e-flex e-con e-child\" data-id=\"a07c129\" data-element_type=\"container\" data-e-type=\"container\">\n\t\t\t\t<div class=\"elementor-element elementor-element-4ec0c43 elementor-widget elementor-widget-spacer\" data-id=\"4ec0c43\" data-element_type=\"widget\" data-e-type=\"widget\" data-widget_type=\"spacer.default\">\n\t\t\t\t<div class=\"elementor-widget-container\">\n\t\t\t\t\t\t\t<div class=\"elementor-spacer\">\n\t\t\t<div class=\"elementor-spacer-inner\"><\/div>\n\t\t<\/div>\n\t\t\t\t\t\t<\/div>\n\t\t\t\t<\/div>\n\t\t\t\t<\/div>\n\t\t\t\t\t<\/div>\n\t\t\t\t<\/div>\n\t\t<div class=\"elementor-element elementor-element-20260f9 e-flex e-con-boxed e-con e-parent\" data-id=\"20260f9\" data-element_type=\"container\" data-e-type=\"container\">\n\t\t\t\t\t<div class=\"e-con-inner\">\n\t\t<div class=\"elementor-element elementor-element-9dfcf7e e-con-full e-flex e-con e-child\" data-id=\"9dfcf7e\" data-element_type=\"container\" data-e-type=\"container\">\n\t\t\t\t<div class=\"elementor-element elementor-element-1f5e314 elementor-align-left elementor-tablet-align-center elementor-mobile-align-center elementor-widget elementor-widget-button\" data-id=\"1f5e314\" data-element_type=\"widget\" data-e-type=\"widget\" data-widget_type=\"button.default\">\n\t\t\t\t<div class=\"elementor-widget-container\">\n\t\t\t\t\t\t\t\t\t<div class=\"elementor-button-wrapper\">\n\t\t\t\t\t<a class=\"elementor-button elementor-button-link elementor-size-sm\" href=\"\/inhaltsstoffe\/\">\n\t\t\t\t\t\t<span class=\"elementor-button-content-wrapper\">\n\t\t\t\t\t\t<span class=\"elementor-button-icon\">\n\t\t\t\t<svg aria-hidden=\"true\" class=\"e-font-icon-svg e-fas-angle-double-left\" viewBox=\"0 0 448 512\" xmlns=\"http:\/\/www.w3.org\/2000\/svg\"><path d=\"M223.7 239l136-136c9.4-9.4 24.6-9.4 33.9 0l22.6 22.6c9.4 9.4 9.4 24.6 0 33.9L319.9 256l96.4 96.4c9.4 9.4 9.4 24.6 0 33.9L393.7 409c-9.4 9.4-24.6 9.4-33.9 0l-136-136c-9.5-9.4-9.5-24.6-.1-34zm-192 34l136 136c9.4 9.4 24.6 9.4 33.9 0l22.6-22.6c9.4-9.4 9.4-24.6 0-33.9L127.9 256l96.4-96.4c9.4-9.4 9.4-24.6 0-33.9L201.7 103c-9.4-9.4-24.6-9.4-33.9 0l-136 136c-9.5 9.4-9.5 24.6-.1 34z\"><\/path><\/svg>\t\t\t<\/span>\n\t\t\t\t\t\t\t\t\t<span class=\"elementor-button-text\">Inhaltsstoffe<\/span>\n\t\t\t\t\t<\/span>\n\t\t\t\t\t<\/a>\n\t\t\t\t<\/div>\n\t\t\t\t\t\t\t\t<\/div>\n\t\t\t\t<\/div>\n\t\t\t\t<\/div>\n\t\t\t\t\t<\/div>\n\t\t\t\t<\/div>\n\t\t<div class=\"elementor-element elementor-element-f705b6a e-flex e-con-boxed e-con e-parent\" data-id=\"f705b6a\" data-element_type=\"container\" data-e-type=\"container\">\n\t\t\t\t\t<div class=\"e-con-inner\">\n\t\t<div class=\"elementor-element elementor-element-0594a29 e-con-full e-flex e-con e-child\" data-id=\"0594a29\" data-element_type=\"container\" data-e-type=\"container\">\n\t\t\t\t<div class=\"elementor-element elementor-element-194281d elementor-widget elementor-widget-image\" data-id=\"194281d\" data-element_type=\"widget\" data-e-type=\"widget\" data-widget_type=\"image.default\">\n\t\t\t\t<div class=\"elementor-widget-container\">\n\t\t\t\t\t\t\t\t\t\t\t\t\t\t\t<img fetchpriority=\"high\" decoding=\"async\" width=\"800\" height=\"800\" src=\"https:\/\/blidor.ch\/wp-content\/uploads\/lindenbluete-1200px-1152x1152.jpg\" class=\"attachment-large size-large wp-image-15435\" alt=\"\" srcset=\"https:\/\/blidor.ch\/wp-content\/uploads\/lindenbluete-1200px-1152x1152.jpg 1152w, https:\/\/blidor.ch\/wp-content\/uploads\/lindenbluete-1200px-512x512.jpg 512w, https:\/\/blidor.ch\/wp-content\/uploads\/lindenbluete-1200px-256x256.jpg 256w, https:\/\/blidor.ch\/wp-content\/uploads\/lindenbluete-1200px-768x768.jpg 768w, https:\/\/blidor.ch\/wp-content\/uploads\/lindenbluete-1200px-12x12.jpg 12w, https:\/\/blidor.ch\/wp-content\/uploads\/lindenbluete-1200px-300x300.jpg 300w, https:\/\/blidor.ch\/wp-content\/uploads\/lindenbluete-1200px-600x600.jpg 600w, https:\/\/blidor.ch\/wp-content\/uploads\/lindenbluete-1200px-100x100.jpg 100w, https:\/\/blidor.ch\/wp-content\/uploads\/lindenbluete-1200px-64x64.jpg 64w, https:\/\/blidor.ch\/wp-content\/uploads\/lindenbluete-1200px.jpg 1200w\" sizes=\"(max-width: 800px) 100vw, 800px\" \/>\t\t\t\t\t\t\t\t\t\t\t\t\t\t\t<\/div>\n\t\t\t\t<\/div>\n\t\t\t\t<\/div>\n\t\t<div class=\"elementor-element elementor-element-c42089b e-con-full e-flex e-con e-child\" data-id=\"c42089b\" data-element_type=\"container\" data-e-type=\"container\">\n\t\t\t\t<div class=\"elementor-element elementor-element-e2fbc67 elementor-widget elementor-widget-heading\" data-id=\"e2fbc67\" data-element_type=\"widget\" data-e-type=\"widget\" data-widget_type=\"heading.default\">\n\t\t\t\t<div class=\"elementor-widget-container\">\n\t\t\t\t\t<h2 class=\"elementor-heading-title elementor-size-xxl\">Lindenbl\u00fcte<\/h2>\t\t\t\t<\/div>\n\t\t\t\t<\/div>\n\t\t\t\t<div class=\"elementor-element elementor-element-75cf86a elementor-widget elementor-widget-text-editor\" data-id=\"75cf86a\" data-element_type=\"widget\" data-e-type=\"widget\" data-widget_type=\"text-editor.default\">\n\t\t\t\t<div class=\"elementor-widget-container\">\n\t\t\t\t\t\t\t\t\t<p>Wissenschaftlicher Name: <strong>Tilia Cordata <\/strong><\/p><p>Ursprung: <strong>pflanzlich<br \/><\/strong>Familie: <strong>Tiliaceae, Lindengew\u00e4chse<br \/><\/strong>Kategorie: <strong>Baum<\/strong><\/p>\t\t\t\t\t\t\t\t<\/div>\n\t\t\t\t<\/div>\n\t\t\t\t<\/div>\n\t\t\t\t\t<\/div>\n\t\t\t\t<\/div>\n\t\t<div class=\"elementor-element elementor-element-cda556b e-flex e-con-boxed e-con e-parent\" data-id=\"cda556b\" data-element_type=\"container\" data-e-type=\"container\">\n\t\t\t\t\t<div class=\"e-con-inner\">\n\t\t<div class=\"elementor-element elementor-element-9674245 e-con-full e-flex e-con e-child\" data-id=\"9674245\" data-element_type=\"container\" data-e-type=\"container\">\n\t\t\t\t<div class=\"elementor-element elementor-element-d881a70 elementor-widget elementor-widget-heading\" data-id=\"d881a70\" data-element_type=\"widget\" data-e-type=\"widget\" data-widget_type=\"heading.default\">\n\t\t\t\t<div class=\"elementor-widget-container\">\n\t\t\t\t\t<h2 class=\"elementor-heading-title elementor-size-xl\">Verwendung<\/h2>\t\t\t\t<\/div>\n\t\t\t\t<\/div>\n\t\t\t\t<div class=\"elementor-element elementor-element-cdba450 elementor-widget elementor-widget-text-editor\" data-id=\"cdba450\" data-element_type=\"widget\" data-e-type=\"widget\" data-widget_type=\"text-editor.default\">\n\t\t\t\t<div class=\"elementor-widget-container\">\n\t\t\t\t\t\t\t\t\t<div class=\"group w-full text-gray-800 dark:text-gray-100 border-b border-black\/10 dark:border-gray-900\/50 bg-gray-50 dark:bg-[#444654]\"><div class=\"text-base gap-4 md:gap-6 md:max-w-2xl lg:max-w-xl xl:max-w-3xl p-4 md:py-6 flex lg:px-0 m-auto\"><div class=\"relative flex w-[calc(100%-50px)] flex-col gap-1 md:gap-3 lg:w-[calc(100%-115px)]\"><div class=\"flex flex-grow flex-col gap-3\"><div class=\"min-h-[20px] flex flex-col items-start gap-4 whitespace-pre-wrap\"><div class=\"markdown prose w-full break-words dark:prose-invert light\"><p>Die Winterlinde, auch bekannt als Tilia cordata, ist ein beliebter Baum in Parks und entlang von Strassen. Die getrockneten Bl\u00fctenst\u00e4nde der Winterlinde, auch Tiliae flos genannt, werden als Heildroge verwendet. Teezubereitungen aus der Droge werden oft bei Erk\u00e4ltungen und Hustenreiz eingesetzt, da sie eine hustenreizlindernde Wirkung haben, die auf ihren hohen Gehalt an Schleimstoffen, haupts\u00e4chlich Arabinogalactane, zur\u00fcckzuf\u00fchren ist. Obwohl die Winterlinde auch als schweisstreibendes Mittel bei fieberhaften Infekten verwendet wird, konnte bis heute kein bestimmter Inhaltsstoff als Erkl\u00e4rung gefunden werden. Es wird angenommen, dass der Schwitzeffekt in diesem Fall auf die Einnahme des heissen Teewassers zur\u00fcckzuf\u00fchren ist.<\/p><\/div><\/div><\/div><\/div><\/div><\/div>\t\t\t\t\t\t\t\t<\/div>\n\t\t\t\t<\/div>\n\t\t\t\t<div class=\"elementor-element elementor-element-5fa0129 elementor-widget elementor-widget-spacer\" data-id=\"5fa0129\" data-element_type=\"widget\" data-e-type=\"widget\" data-widget_type=\"spacer.default\">\n\t\t\t\t<div class=\"elementor-widget-container\">\n\t\t\t\t\t\t\t<div class=\"elementor-spacer\">\n\t\t\t<div class=\"elementor-spacer-inner\"><\/div>\n\t\t<\/div>\n\t\t\t\t\t\t<\/div>\n\t\t\t\t<\/div>\n\t\t\t\t<div class=\"elementor-element elementor-element-43b125a elementor-widget elementor-widget-heading\" data-id=\"43b125a\" data-element_type=\"widget\" data-e-type=\"widget\" data-widget_type=\"heading.default\">\n\t\t\t\t<div class=\"elementor-widget-container\">\n\t\t\t\t\t<h2 class=\"elementor-heading-title elementor-size-xl\">Inhaltsstoffe nach INCI<\/h2>\t\t\t\t<\/div>\n\t\t\t\t<\/div>\n\t\t\t\t<div class=\"elementor-element elementor-element-9bc2570 elementor-widget elementor-widget-text-editor\" data-id=\"9bc2570\" data-element_type=\"widget\" data-e-type=\"widget\" data-widget_type=\"text-editor.default\">\n\t\t\t\t<div class=\"elementor-widget-container\">\n\t\t\t\t\t\t\t\t\t<p><strong>TILIA CORDATA FLOWER EXTRACT<\/strong> &#8211; Extrakt aus Bl\u00fcten<br \/><strong>TILIA CORDATA EXTRACT<\/strong> &#8211; Extrakt aus Pflanze<\/p>\t\t\t\t\t\t\t\t<\/div>\n\t\t\t\t<\/div>\n\t\t\t\t<\/div>\n\t\t<div class=\"elementor-element elementor-element-05756db e-con-full e-flex e-con e-child\" data-id=\"05756db\" data-element_type=\"container\" data-e-type=\"container\">\n\t\t\t\t<div class=\"elementor-element elementor-element-cf19bea elementor-widget elementor-widget-heading\" data-id=\"cf19bea\" data-element_type=\"widget\" data-e-type=\"widget\" data-widget_type=\"heading.default\">\n\t\t\t\t<div class=\"elementor-widget-container\">\n\t\t\t\t\t<h2 class=\"elementor-heading-title elementor-size-xl\">Wirkung<\/h2>\t\t\t\t<\/div>\n\t\t\t\t<\/div>\n\t\t\t\t<div class=\"elementor-element elementor-element-9574beb elementor-widget elementor-widget-text-editor\" data-id=\"9574beb\" data-element_type=\"widget\" data-e-type=\"widget\" data-widget_type=\"text-editor.default\">\n\t\t\t\t<div class=\"elementor-widget-container\">\n\t\t\t\t\t\t\t\t\t<p>Lindenbl\u00fcten gelten als bew\u00e4hrtes Mittel zur Linderung von Erk\u00e4ltungskrankheiten und ihren Symptomen. Insbesondere die schweisstreibende Wirkung wird seit langem gesch\u00e4tzt und macht Lindenbl\u00fctentee zu einem beliebten Hausmittel bei Fieber und grippe\u00e4hnlichen Symptomen. Der Schwitzeffekt wird dabei auf die Einnahme des heissen Teewassers zur\u00fcckgef\u00fchrt, da er das Schwitzen f\u00f6rdert und so dazu beitragen kann, Fieber zu senken.<\/p>\n<p>Auch bei Husten im Zusammenhang mit Erk\u00e4ltungen kann Lindenbl\u00fctentee Linderung verschaffen. Die enthaltenen Schleimstoffe bilden eine Schutzschicht auf gereizten Schleimhautstellen und k\u00f6nnen so den Hustenreiz lindern. Lindenbl\u00fcten sind ein traditionelles pflanzliches Arzneimittel, das in vielen Kulturen seit Jahrhunderten verwendet wird und dessen Wirksamkeit auch heute noch gesch\u00e4tzt wird.<\/p>\t\t\t\t\t\t\t\t<\/div>\n\t\t\t\t<\/div>\n\t\t\t\t<div class=\"elementor-element elementor-element-156efa9 elementor-widget elementor-widget-spacer\" data-id=\"156efa9\" data-element_type=\"widget\" data-e-type=\"widget\" data-widget_type=\"spacer.default\">\n\t\t\t\t<div class=\"elementor-widget-container\">\n\t\t\t\t\t\t\t<div class=\"elementor-spacer\">\n\t\t\t<div class=\"elementor-spacer-inner\"><\/div>\n\t\t<\/div>\n\t\t\t\t\t\t<\/div>\n\t\t\t\t<\/div>\n\t\t\t\t<div class=\"elementor-element elementor-element-a9210e5 elementor-widget elementor-widget-heading\" data-id=\"a9210e5\" data-element_type=\"widget\" data-e-type=\"widget\" data-widget_type=\"heading.default\">\n\t\t\t\t<div class=\"elementor-widget-container\">\n\t\t\t\t\t<h2 class=\"elementor-heading-title elementor-size-xl\">Herkunft<\/h2>\t\t\t\t<\/div>\n\t\t\t\t<\/div>\n\t\t\t\t<div class=\"elementor-element elementor-element-f151669 elementor-widget elementor-widget-text-editor\" data-id=\"f151669\" data-element_type=\"widget\" data-e-type=\"widget\" data-widget_type=\"text-editor.default\">\n\t\t\t\t<div class=\"elementor-widget-container\">\n\t\t\t\t\t\t\t\t\t<p>Die Gattung Tilia umfasst etwa 50 Arten, von denen nur zwei aus medizinischer Sicht relevant sind: die Winterlinde (Tilia cordata Mill.) und die Sommerlinde (Tilia platyphyllos Scop.). Beide Lindenarten sind in Europa beheimatet und werden oft als B\u00e4ume in Parks und entlang von Strassen gepflanzt.<\/p>\t\t\t\t\t\t\t\t<\/div>\n\t\t\t\t<\/div>\n\t\t\t\t<\/div>\n\t\t\t\t\t<\/div>\n\t\t\t\t<\/div>\n\t\t<div class=\"elementor-element elementor-element-c09f9d3 e-flex e-con-boxed e-con e-parent\" data-id=\"c09f9d3\" data-element_type=\"container\" data-e-type=\"container\">\n\t\t\t\t\t<div class=\"e-con-inner\">\n\t\t<div class=\"elementor-element elementor-element-191eda5 e-con-full e-flex e-con e-child\" data-id=\"191eda5\" data-element_type=\"container\" data-e-type=\"container\">\n\t\t\t\t<div class=\"elementor-element elementor-element-1202799 elementor-widget elementor-widget-heading\" data-id=\"1202799\" data-element_type=\"widget\" data-e-type=\"widget\" data-widget_type=\"heading.default\">\n\t\t\t\t<div class=\"elementor-widget-container\">\n\t\t\t\t\t<h2 class=\"elementor-heading-title elementor-size-xl\">Enthalten in:<\/h2>\t\t\t\t<\/div>\n\t\t\t\t<\/div>\n\t\t\t\t<div class=\"elementor-element elementor-element-cb1ea0d elementor-widget elementor-widget-spacer\" data-id=\"cb1ea0d\" data-element_type=\"widget\" data-e-type=\"widget\" data-widget_type=\"spacer.default\">\n\t\t\t\t<div class=\"elementor-widget-container\">\n\t\t\t\t\t\t\t<div class=\"elementor-spacer\">\n\t\t\t<div class=\"elementor-spacer-inner\"><\/div>\n\t\t<\/div>\n\t\t\t\t\t\t<\/div>\n\t\t\t\t<\/div>\n\t\t\t\t<div class=\"elementor-element elementor-element-39cb8fb elementor-product-loop-item--align-center elementor-grid-tablet-2 elementor-grid-mobile-1 elementor-grid-4 elementor-products-grid elementor-wc-products elementor-show-pagination-border-yes elementor-widget elementor-widget-woocommerce-products\" data-id=\"39cb8fb\" data-element_type=\"widget\" data-e-type=\"widget\" data-widget_type=\"woocommerce-products.default\">\n\t\t\t\t<div class=\"elementor-widget-container\">\n\t\t\t\t\t<div class=\"woocommerce columns-4 \"><div class=\"woocommerce-notices-wrapper\"><\/div><ul class=\"products elementor-grid columns-4\">\n<li class=\"product type-product post-1138 status-publish first instock product_cat-koerper product_cat-kosmetik product_cat-schaumbad product_tag-kosmetik-lindenbluete product_tag-lindenblueten has-post-thumbnail taxable shipping-taxable purchasable product-type-simple\">\n\t<a href=\"https:\/\/blidor.ch\/fr\/webshop\/schaumbad-lindenblueten\/\" class=\"woocommerce-LoopProduct-link woocommerce-loop-product__link\"><img decoding=\"async\" width=\"300\" height=\"300\" src=\"https:\/\/blidor.ch\/wp-content\/uploads\/Schaumbad-Lindenblueten-300x300.jpg\" class=\"attachment-woocommerce_thumbnail size-woocommerce_thumbnail\" alt=\"Schaumbad Lindenbl\u00fcten\" srcset=\"https:\/\/blidor.ch\/wp-content\/uploads\/Schaumbad-Lindenblueten-300x300.jpg 300w, https:\/\/blidor.ch\/wp-content\/uploads\/Schaumbad-Lindenblueten-100x100.jpg 100w, https:\/\/blidor.ch\/wp-content\/uploads\/Schaumbad-Lindenblueten-600x600.jpg 600w, https:\/\/blidor.ch\/wp-content\/uploads\/Schaumbad-Lindenblueten-64x64.jpg 64w, https:\/\/blidor.ch\/wp-content\/uploads\/Schaumbad-Lindenblueten-512x512.jpg 512w, https:\/\/blidor.ch\/wp-content\/uploads\/Schaumbad-Lindenblueten-1152x1152.jpg 1152w, https:\/\/blidor.ch\/wp-content\/uploads\/Schaumbad-Lindenblueten-256x256.jpg 256w, https:\/\/blidor.ch\/wp-content\/uploads\/Schaumbad-Lindenblueten-768x768.jpg 768w, https:\/\/blidor.ch\/wp-content\/uploads\/Schaumbad-Lindenblueten.jpg 1200w\" sizes=\"(max-width: 300px) 100vw, 300px\" \/><h2 class=\"woocommerce-loop-product__title\">Schaumbad Lindenbl\u00fcten<\/h2>\n\t<span class=\"price\"><span class=\"woocommerce-Price-amount amount\"><bdi><span class=\"woocommerce-Price-currencySymbol\">&#67;&#72;&#70;<\/span>&nbsp;39.90<\/bdi><\/span> <small class=\"woocommerce-price-suffix\">inkl. MwSt.<\/small><\/span>\n<\/a><div class=\"woocommerce-loop-product__buttons\"><a href=\"\/fr\/wp-json\/wp\/v2\/pages\/15644?add-to-cart=1138\" aria-describedby=\"woocommerce_loop_add_to_cart_link_describedby_1138\" data-quantity=\"1\" class=\"button product_type_simple add_to_cart_button ajax_add_to_cart\" data-product_id=\"1138\" data-product_sku=\"5090\" aria-label=\"Ajouter au panier : &quot;Schaumbad Lindenbl\u00fcten&quot;\" rel=\"nofollow\" data-success_message=\"\u00ab\u00a0Schaumbad Lindenbl\u00fcten\u00a0\u00bb a \u00e9t\u00e9 ajout\u00e9 \u00e0 votre panier\" role=\"button\">Ajouter au panier<\/a><\/div>\t<span id=\"woocommerce_loop_add_to_cart_link_describedby_1138\" class=\"screen-reader-text\">\n\t\t\t<\/span>\n<span class=\"gtm4wp_productdata\" style=\"display:none; visibility:hidden;\" data-gtm4wp_product_data=\"{&quot;internal_id&quot;:1138,&quot;item_id&quot;:&quot;5090&quot;,&quot;item_name&quot;:&quot;Schaumbad Lindenbl\\u00fcten&quot;,&quot;sku&quot;:&quot;5090&quot;,&quot;price&quot;:39.89999999999999857891452847979962825775146484375,&quot;stocklevel&quot;:null,&quot;stockstatus&quot;:&quot;instock&quot;,&quot;google_business_vertical&quot;:&quot;retail&quot;,&quot;item_category&quot;:&quot;Schaumbad&quot;,&quot;id&quot;:&quot;5090&quot;,&quot;productlink&quot;:&quot;https:\\\/\\\/blidor.ch\\\/fr\\\/webshop\\\/schaumbad-lindenblueten\\\/&quot;,&quot;item_list_name&quot;:&quot;Liste g\\u00e9n\\u00e9rale des produits&quot;,&quot;index&quot;:1,&quot;product_type&quot;:&quot;simple&quot;,&quot;item_brand&quot;:&quot;&quot;}\"><\/span><\/li>\n<\/ul>\n<\/div>\t\t\t\t<\/div>\n\t\t\t\t<\/div>\n\t\t\t\t<div class=\"elementor-element elementor-element-62cff12 elementor-widget elementor-widget-spacer\" data-id=\"62cff12\" data-element_type=\"widget\" data-e-type=\"widget\" data-widget_type=\"spacer.default\">\n\t\t\t\t<div class=\"elementor-widget-container\">\n\t\t\t\t\t\t\t<div class=\"elementor-spacer\">\n\t\t\t<div class=\"elementor-spacer-inner\"><\/div>\n\t\t<\/div>\n\t\t\t\t\t\t<\/div>\n\t\t\t\t<\/div>\n\t\t\t\t<\/div>\n\t\t\t\t\t<\/div>\n\t\t\t\t<\/div>\n\t\t\t\t<\/div>\n\t\t","protected":false},"excerpt":{"rendered":"<p>Inhaltsstoffe Wissenschaftlicher Name: Tilia Cordata Ursprung: pflanzlichFamilie: Tiliaceae, Lindengew\u00e4chseKategorie: Baum Verwendung Die Winterlinde, auch bekannt als Tilia cordata, ist ein beliebter Baum in Parks und entlang von Strassen. Die getrockneten Bl\u00fctenst\u00e4nde der Winterlinde, auch Tiliae flos genannt, werden als Heildroge verwendet. Teezubereitungen aus der Droge werden oft bei Erk\u00e4ltungen und Hustenreiz eingesetzt, da sie eine [&hellip;]<\/p>\n","protected":false},"author":4,"featured_media":15435,"parent":0,"menu_order":0,"comment_status":"closed","ping_status":"closed","template":"","meta":{"footnotes":""},"class_list":["post-15644","page","type-page","status-publish","has-post-thumbnail","hentry"],"_links":{"self":[{"href":"https:\/\/blidor.ch\/fr\/wp-json\/wp\/v2\/pages\/15644","targetHints":{"allow":["GET"]}}],"collection":[{"href":"https:\/\/blidor.ch\/fr\/wp-json\/wp\/v2\/pages"}],"about":[{"href":"https:\/\/blidor.ch\/fr\/wp-json\/wp\/v2\/types\/page"}],"author":[{"embeddable":true,"href":"https:\/\/blidor.ch\/fr\/wp-json\/wp\/v2\/users\/4"}],"replies":[{"embeddable":true,"href":"https:\/\/blidor.ch\/fr\/wp-json\/wp\/v2\/comments?post=15644"}],"version-history":[{"count":0,"href":"https:\/\/blidor.ch\/fr\/wp-json\/wp\/v2\/pages\/15644\/revisions"}],"wp:featuredmedia":[{"embeddable":true,"href":"https:\/\/blidor.ch\/fr\/wp-json\/wp\/v2\/media\/15435"}],"wp:attachment":[{"href":"https:\/\/blidor.ch\/fr\/wp-json\/wp\/v2\/media?parent=15644"}],"curies":[{"name":"wp","href":"https:\/\/api.w.org\/{rel}","templated":true}]}}