{"id":1036,"date":"2020-10-16T09:02:24","date_gmt":"2020-10-16T07:02:24","guid":{"rendered":"http:\/\/blidor-webshop-staging.ch.merlin.ch-meta.net\/?page_id=1036"},"modified":"2025-12-19T09:00:16","modified_gmt":"2025-12-19T08:00:16","slug":"droit-de-retour","status":"publish","type":"page","link":"https:\/\/blidor.ch\/fr\/rueckgaberecht\/","title":{"rendered":"Droit de retour"},"content":{"rendered":"<div data-elementor-type=\"wp-page\" data-elementor-id=\"1036\" class=\"elementor elementor-1036\" data-elementor-post-type=\"page\">\n\t\t\t\t\t\t<section class=\"elementor-section elementor-top-section elementor-element elementor-element-482c23b elementor-section-boxed elementor-section-height-default elementor-section-height-default\" data-id=\"482c23b\" data-element_type=\"section\" data-e-type=\"section\">\n\t\t\t\t\t\t<div class=\"elementor-container elementor-column-gap-default\">\n\t\t\t\t\t<div class=\"elementor-column elementor-col-100 elementor-top-column elementor-element elementor-element-2b06f19\" data-id=\"2b06f19\" data-element_type=\"column\" data-e-type=\"column\" data-settings=\"{&quot;background_background&quot;:&quot;classic&quot;}\">\n\t\t\t<div class=\"elementor-widget-wrap elementor-element-populated\">\n\t\t\t\t\t\t<div class=\"elementor-element elementor-element-62faa36 elementor-widget elementor-widget-woocommerce-breadcrumb\" data-id=\"62faa36\" data-element_type=\"widget\" data-e-type=\"widget\" data-widget_type=\"woocommerce-breadcrumb.default\">\n\t\t\t\t<div class=\"elementor-widget-container\">\n\t\t\t\t\t<nav class=\"woocommerce-breadcrumb\" aria-label=\"Breadcrumb\" data-no-translation=\"\" data-trp-gettext=\"\">Accueil<\/nav>\t\t\t\t<\/div>\n\t\t\t\t<\/div>\n\t\t\t\t<div class=\"elementor-element elementor-element-78a45bf elementor-widget elementor-widget-heading\" data-id=\"78a45bf\" data-element_type=\"widget\" data-e-type=\"widget\" data-widget_type=\"heading.default\">\n\t\t\t\t<div class=\"elementor-widget-container\">\n\t\t\t\t\t<h1 class=\"elementor-heading-title elementor-size-default\">Droit de retour de 14 jours<\/h1>\t\t\t\t<\/div>\n\t\t\t\t<\/div>\n\t\t\t\t<div class=\"elementor-element elementor-element-1760171 elementor-widget elementor-widget-spacer\" data-id=\"1760171\" data-element_type=\"widget\" data-e-type=\"widget\" data-widget_type=\"spacer.default\">\n\t\t\t\t<div class=\"elementor-widget-container\">\n\t\t\t\t\t\t\t<div class=\"elementor-spacer\">\n\t\t\t<div class=\"elementor-spacer-inner\"><\/div>\n\t\t<\/div>\n\t\t\t\t\t\t<\/div>\n\t\t\t\t<\/div>\n\t\t\t\t<div class=\"elementor-element elementor-element-7bb5d37 elementor-widget elementor-widget-text-editor\" data-id=\"7bb5d37\" data-element_type=\"widget\" data-e-type=\"widget\" data-widget_type=\"text-editor.default\">\n\t\t\t\t<div class=\"elementor-widget-container\">\n\t\t\t\t\t\t\t\t\t<p>LabXcel GmbH garantiert Ihnen ein 14-t\u00e4giges R\u00fcckgaberecht nach Erhalt der Ware. Dies gilt f\u00fcr alle Artikel, die unbesch\u00e4digt und unge\u00f6ffnet in der Originalverpackung sind.<\/p>\n<p>Envoyez les retours avec la facture \u00e0 :<\/p>\n<p><b>LabXcel GmbH<\/b><br>Service \u00e0 la client\u00e8le<br>23, rue Blegi<br>6340 Baar<\/p>\n<p>Les frais de port sont \u00e0 votre charge.<\/p>\t\t\t\t\t\t\t\t<\/div>\n\t\t\t\t<\/div>\n\t\t\t\t\t<\/div>\n\t\t<\/div>\n\t\t\t\t\t<\/div>\n\t\t<\/section>\n\t\t\t\t<\/div>","protected":false},"excerpt":{"rendered":"<p>14-t\u00e4giges R\u00fcckgaberecht LabXcel GmbH garantiert Ihnen ein 14-t\u00e4giges R\u00fcckgaberecht nach Erhalt der Ware. Dies gilt f\u00fcr alle Artikel, die unbesch\u00e4digt und unge\u00f6ffnet in der Originalverpackung sind. Senden Sie Retouren zusammen mit der Rechnung an: LabXcel GmbHKundendienstBlegistrasse 236340 Baar Die Portokosten gehen zu Ihren Lasten.<\/p>","protected":false},"author":0,"featured_media":0,"parent":0,"menu_order":0,"comment_status":"closed","ping_status":"closed","template":"elementor_header_footer","meta":{"footnotes":""},"class_list":["post-1036","page","type-page","status-publish","hentry"],"_links":{"self":[{"href":"https:\/\/blidor.ch\/fr\/wp-json\/wp\/v2\/pages\/1036","targetHints":{"allow":["GET"]}}],"collection":[{"href":"https:\/\/blidor.ch\/fr\/wp-json\/wp\/v2\/pages"}],"about":[{"href":"https:\/\/blidor.ch\/fr\/wp-json\/wp\/v2\/types\/page"}],"replies":[{"embeddable":true,"href":"https:\/\/blidor.ch\/fr\/wp-json\/wp\/v2\/comments?post=1036"}],"version-history":[{"count":3,"href":"https:\/\/blidor.ch\/fr\/wp-json\/wp\/v2\/pages\/1036\/revisions"}],"predecessor-version":[{"id":21654,"href":"https:\/\/blidor.ch\/fr\/wp-json\/wp\/v2\/pages\/1036\/revisions\/21654"}],"wp:attachment":[{"href":"https:\/\/blidor.ch\/fr\/wp-json\/wp\/v2\/media?parent=1036"}],"curies":[{"name":"wp","href":"https:\/\/api.w.org\/{rel}","templated":true}]}}