{"id":17651,"date":"2023-07-19T11:47:06","date_gmt":"2023-07-19T09:47:06","guid":{"rendered":"https:\/\/blidor.ch\/?post_type=product&#038;p=17651"},"modified":"2023-10-18T13:15:18","modified_gmt":"2023-10-18T11:15:18","slug":"hand-vital-cream-viola-2","status":"publish","type":"product","link":"https:\/\/blidor.ch\/en\/webshop\/nolea-avocado-handcreme\/","title":{"rendered":"NOLEA Avocado Hand Cream"},"content":{"rendered":"<div class=\"elementor-element elementor-element-e21712e elementor-widget elementor-widget-heading\" data-id=\"e21712e\" data-element_type=\"widget\" data-widget_type=\"heading.default\">\n<div class=\"elementor-widget-container\">\n<h2>Nat\u00fcrliche Handcreme mit Bio-Avocado\u00f6l<\/h2>\n<\/div>\n<\/div>\n<p>Du wirst die NOLEA Avocado Handcreme lieben! Mit dem Feuchtigkeits-Spender zaubert sie im Nu geschmeidige H\u00e4nde. Diese vegane Creme enth\u00e4lt wertvolle Inhaltsstoffe, die deine Handpflege optimal unterst\u00fctzen.<\/p>\n<p>Avocado Extrakt spendet intensive Feuchtigkeit und n\u00e4hrt deine Haut tiefenwirksam. <a href=\"\/olive\/\">Oliven\u00f6l<\/a> und <a href=\"\/shea-butter\/\">Shea Butter<\/a> sorgen f\u00fcr lang anhaltende Geschmeidigkeit und glatte H\u00e4nde. Jojoba\u00f6l und Sonnenblumen\u00f6l wirken beruhigend und regenerierend, w\u00e4hrend Hafer deine Haut sanft pflegt.<\/p>\n<p>Das Highlight ist das Bio-Avocado\u00f6l, das deine H\u00e4nde mit wichtigen N\u00e4hrstoffen versorgt und Trockenheit effektiv bek\u00e4mpft. Die Creme zieht schnell ein, ohne ein klebriges Gef\u00fchl zu hinterlassen.\u00a0G\u00f6nne deinen H\u00e4nden die optimale Pflege mit der NOLEA Avocado Handcreme und freue dich \u00fcber zarte, gepflegte und strahlende Haut \u2013 jeden Tag!<\/p>\n<p>&nbsp;<\/p>\n<div class=\"elementor-element elementor-element-e21712e elementor-widget elementor-widget-heading\" data-id=\"e21712e\" data-element_type=\"widget\" data-widget_type=\"heading.default\">\n<div class=\"elementor-widget-container\">\n<h2 class=\"elementor-heading-title elementor-size-default\"><a href=\"\/avocado\/\">Avocado<\/a> in der Kosmetik<\/h2>\n<\/div>\n<\/div>\n<div class=\"elementor-element elementor-element-30cb491 elementor-widget elementor-widget-text-editor\" data-id=\"30cb491\" data-element_type=\"widget\" data-widget_type=\"text-editor.default\">\n<div class=\"elementor-widget-container\">\n<div class=\"group w-full text-gray-800 dark:text-gray-100 border-b border-black\/10 dark:border-gray-900\/50 bg-gray-50 dark:bg-[#444654]\">\n<div class=\"text-base gap-4 md:gap-6 md:max-w-2xl lg:max-w-xl xl:max-w-3xl p-4 md:py-6 flex lg:px-0 m-auto\">\n<div class=\"relative flex w-[calc(100%-50px)] flex-col gap-1 md:gap-3 lg:w-[calc(100%-115px)]\">\n<div class=\"flex flex-grow flex-col gap-3\">\n<div class=\"min-h-[20px] flex flex-col items-start gap-4 whitespace-pre-wrap\">\n<div class=\"markdown prose w-full break-words dark:prose-invert light\">\n<p>Avocado\u00f6l ist ein h\u00e4ufig genutzter Inhaltsstoff in der Kosmetik aufgrund seiner feuchtigkeitsspendenden, hautberuhigenden und entz\u00fcndungshemmenden Eigenschaften. Es findet sich oft in Feuchtigkeitscremes, Haarmasken und Lippenbalsam, um Haut und Haar mit Feuchtigkeit zu versorgen, zu beruhigen und zu pflegen. Zus\u00e4tzlich kann Avocado\u00f6l dabei helfen, das Auftreten von feinen Linien und Falten zu reduzieren und die Haut geschmeidig zu halten.<\/p>\n<p>Unsere NOLEA Avocado Handcreme ist vegan, sowie auch die <a href=\"\/webshop\/nolea-avocado-koerperlotion\/\">NOLEA Avocado K\u00f6rperlotion<\/a>, die <a href=\"\/webshop\/nolea-avocado-gesichtscreme\/\">NOLEA Avocado Gesichtscreme<\/a>, das <a href=\"\/webshop\/nolea-avocado-haarshampoo\/\">NOLEA Avocado Haarshampoo<\/a> und das <a href=\"\/webshop\/nolea-avocado-koerperduschgel\/\">NOLEA Avocado K\u00f6rperduschgel<\/a>.<\/p>\n<\/div>\n<\/div>\n<\/div>\n<\/div>\n<\/div>\n<\/div>\n<\/div>\n<\/div>\n","protected":false},"excerpt":{"rendered":"<p>Discover the power of NOLEA Avocado Hand Cream. Pamper your hands with intensive moisture that is quickly absorbed without leaving a greasy film. Natural care!<\/p>","protected":false},"featured_media":17642,"comment_status":"open","ping_status":"closed","template":"","meta":[],"product_brand":[],"product_cat":[33,30,39],"product_tag":[],"class_list":{"0":"post-17651","1":"product","2":"type-product","3":"status-publish","4":"has-post-thumbnail","6":"product_cat-hand-und-fuss","7":"product_cat-kosmetik","8":"product_cat-naturkosmetik","10":"first","11":"instock","12":"taxable","13":"shipping-taxable","14":"purchasable","15":"product-type-variable","16":"has-default-attributes"},"_links":{"self":[{"href":"https:\/\/blidor.ch\/en\/wp-json\/wp\/v2\/product\/17651","targetHints":{"allow":["GET"]}}],"collection":[{"href":"https:\/\/blidor.ch\/en\/wp-json\/wp\/v2\/product"}],"about":[{"href":"https:\/\/blidor.ch\/en\/wp-json\/wp\/v2\/types\/product"}],"replies":[{"embeddable":true,"href":"https:\/\/blidor.ch\/en\/wp-json\/wp\/v2\/comments?post=17651"}],"version-history":[{"count":0,"href":"https:\/\/blidor.ch\/en\/wp-json\/wp\/v2\/product\/17651\/revisions"}],"wp:featuredmedia":[{"embeddable":true,"href":"https:\/\/blidor.ch\/en\/wp-json\/wp\/v2\/media\/17642"}],"wp:attachment":[{"href":"https:\/\/blidor.ch\/en\/wp-json\/wp\/v2\/media?parent=17651"}],"wp:term":[{"taxonomy":"product_brand","embeddable":true,"href":"https:\/\/blidor.ch\/en\/wp-json\/wp\/v2\/product_brand?post=17651"},{"taxonomy":"product_cat","embeddable":true,"href":"https:\/\/blidor.ch\/en\/wp-json\/wp\/v2\/product_cat?post=17651"},{"taxonomy":"product_tag","embeddable":true,"href":"https:\/\/blidor.ch\/en\/wp-json\/wp\/v2\/product_tag?post=17651"}],"curies":[{"name":"wp","href":"https:\/\/api.w.org\/{rel}","templated":true}]}}