{"id":17650,"date":"2023-07-19T11:48:26","date_gmt":"2023-07-19T09:48:26","guid":{"rendered":"https:\/\/blidor.ch\/?post_type=product&#038;p=17650"},"modified":"2023-10-18T13:16:14","modified_gmt":"2023-10-18T11:16:14","slug":"hair-vital-shampoo-viola-2","status":"publish","type":"product","link":"https:\/\/blidor.ch\/en\/webshop\/nolea-avocado-haarshampoo\/","title":{"rendered":"NOLEA Avocado Hair Shampoo"},"content":{"rendered":"<h2>Nat\u00fcrliches Shampoo mit Avocadoextrakt<\/h2>\n<p>Das NOLEA Avocado Haarshampoo &#8211; Dein t\u00e4glicher Begleiter f\u00fcr strahlend sch\u00f6nes Haar! Mit milden Tensiden reinigt es sanft, w\u00e4hrend es gleichzeitig Dein Haar und Deine Kopfhaut pflegt.<\/p>\n<p>Die Formel ist r\u00fcckfettend und spendet Feuchtigkeit, um trockenes Haar zu b\u00e4ndigen und Spliss vorzubeugen. Das Avocado Extrakt versorgt Deine M\u00e4hne mit wertvollen N\u00e4hrstoffen, die sie zum Strahlen bringt. Weizenprotein st\u00e4rkt die Haarstruktur, verleiht Glanz und vermindert Haarbruch. Das Geheimnis seidig glatter Haare liegt im Accacia Collagen, das Deine Haare geschmeidig macht und ihnen einen nat\u00fcrlichen Schwung verleiht. Gleichzeitig beruhigt es Deine Kopfhaut und mindert m\u00f6gliche Irritationen.<\/p>\n<p>Unser Shampoo ist stolz vegan &#8211; ohne tierische Inhaltsstoffe und Tierversuche. Es l\u00e4sst Dein Haar nicht nur fabelhaft aussehen, sondern f\u00fchlt sich auch fantastisch an. Wage den Schritt zu gesundem und gepflegtem Haar mit dem NOLEA Avocado Haarshampoo! Tu Deinen Haaren und der Umwelt etwas Gutes.<\/p>\n<p>&nbsp;<\/p>\n<div class=\"elementor-element elementor-element-e21712e elementor-widget elementor-widget-heading\" data-id=\"e21712e\" data-element_type=\"widget\" data-widget_type=\"heading.default\">\n<div class=\"elementor-widget-container\">\n<h2 class=\"elementor-heading-title elementor-size-default\"><a href=\"\/avocado\/\">Avocado<\/a> in der Kosmetik<\/h2>\n<\/div>\n<\/div>\n<div class=\"elementor-element elementor-element-30cb491 elementor-widget elementor-widget-text-editor\" data-id=\"30cb491\" data-element_type=\"widget\" data-widget_type=\"text-editor.default\">\n<div class=\"elementor-widget-container\">\n<div class=\"group w-full text-gray-800 dark:text-gray-100 border-b border-black\/10 dark:border-gray-900\/50 bg-gray-50 dark:bg-[#444654]\">\n<div class=\"text-base gap-4 md:gap-6 md:max-w-2xl lg:max-w-xl xl:max-w-3xl p-4 md:py-6 flex lg:px-0 m-auto\">\n<div class=\"relative flex w-[calc(100%-50px)] flex-col gap-1 md:gap-3 lg:w-[calc(100%-115px)]\">\n<div class=\"flex flex-grow flex-col gap-3\">\n<div class=\"min-h-[20px] flex flex-col items-start gap-4 whitespace-pre-wrap\">\n<div class=\"markdown prose w-full break-words dark:prose-invert light\">\n<p>Avocado\u00f6l ist ein h\u00e4ufig genutzter Inhaltsstoff in der <a href=\"\/kosmetik\/\">Kosmetik<\/a> aufgrund seiner feuchtigkeitsspendenden, hautberuhigenden und entz\u00fcndungshemmenden Eigenschaften. Es findet sich oft in Feuchtigkeitscremes, Haarmasken und Lippenbalsam, um Haut und Haar mit Feuchtigkeit zu versorgen, zu beruhigen und zu pflegen. Zus\u00e4tzlich kann Avocado\u00f6l dabei helfen, das Auftreten von feinen Linien und Falten zu reduzieren und die Haut geschmeidig zu halten.<\/p>\n<p>Unser NOLEA Avocado Haarshampoo ist vegan, sowie auch die <a href=\"\/webshop\/nolea-avocado-koerperlotion\/\">NOLEA Avocado K\u00f6rperlotion<\/a>, die <a href=\"\/webshop\/nolea-avocado-handcreme\/\">NOLEA Avocado Handcreme<\/a>, die <a href=\"\/webshop\/nolea-avocado-gesichtscreme\/\">NOLEA Avocado Gesichtscreme<\/a> und das <a href=\"\/webshop\/nolea-avocado-koerperduschgel\/\">NOLEA Avocado K\u00f6rperduschgel<\/a>.<\/p>\n<\/div>\n<\/div>\n<\/div>\n<\/div>\n<\/div>\n<\/div>\n<\/div>\n<\/div>\n","protected":false},"excerpt":{"rendered":"<p>The natural hair shampoo - mild, nourishing and vegan. Give your hair the care it deserves!<\/p>","protected":false},"featured_media":17641,"comment_status":"open","ping_status":"closed","template":"","meta":[],"product_brand":[],"product_cat":[32,30,39],"product_tag":[],"class_list":{"0":"post-17650","1":"product","2":"type-product","3":"status-publish","4":"has-post-thumbnail","6":"product_cat-haar","7":"product_cat-kosmetik","8":"product_cat-naturkosmetik","10":"first","11":"instock","12":"taxable","13":"shipping-taxable","14":"purchasable","15":"product-type-variable","16":"has-default-attributes"},"_links":{"self":[{"href":"https:\/\/blidor.ch\/en\/wp-json\/wp\/v2\/product\/17650","targetHints":{"allow":["GET"]}}],"collection":[{"href":"https:\/\/blidor.ch\/en\/wp-json\/wp\/v2\/product"}],"about":[{"href":"https:\/\/blidor.ch\/en\/wp-json\/wp\/v2\/types\/product"}],"replies":[{"embeddable":true,"href":"https:\/\/blidor.ch\/en\/wp-json\/wp\/v2\/comments?post=17650"}],"version-history":[{"count":0,"href":"https:\/\/blidor.ch\/en\/wp-json\/wp\/v2\/product\/17650\/revisions"}],"wp:featuredmedia":[{"embeddable":true,"href":"https:\/\/blidor.ch\/en\/wp-json\/wp\/v2\/media\/17641"}],"wp:attachment":[{"href":"https:\/\/blidor.ch\/en\/wp-json\/wp\/v2\/media?parent=17650"}],"wp:term":[{"taxonomy":"product_brand","embeddable":true,"href":"https:\/\/blidor.ch\/en\/wp-json\/wp\/v2\/product_brand?post=17650"},{"taxonomy":"product_cat","embeddable":true,"href":"https:\/\/blidor.ch\/en\/wp-json\/wp\/v2\/product_cat?post=17650"},{"taxonomy":"product_tag","embeddable":true,"href":"https:\/\/blidor.ch\/en\/wp-json\/wp\/v2\/product_tag?post=17650"}],"curies":[{"name":"wp","href":"https:\/\/api.w.org\/{rel}","templated":true}]}}