{"id":1161,"date":"2020-10-19T14:11:17","date_gmt":"2020-10-19T12:11:17","guid":{"rendered":"http:\/\/blidor-webshop-staging.ch.merlin.ch-meta.net\/shop\/import-placeholder-for-1680\/"},"modified":"2025-12-22T13:24:04","modified_gmt":"2025-12-22T12:24:04","slug":"shampoo-camomile","status":"publish","type":"product","link":"https:\/\/blidor.ch\/en\/webshop\/shampoo-kamille\/","title":{"rendered":"Camomile Shampoo"},"content":{"rendered":"<h2>Milde Kamille f\u00fcr Kopfhaut- und Haar-Pflege<\/h2>\n<p>Ein mildes Shampoo Kamille mit reinem Bio-<a href=\"\/kamille\/\">Kamillenextrakt<\/a> aus Schweizer Anbau. Es reinigt sanft und verhindert auf nat\u00fcrliche Weise die Schuppenbildung. Bereits w\u00e4hrend dem Haarewaschen entfaltet sich die wohltuende, beruhigende Wirkung der Kamille auf der Kopfhaut.<\/p>\n<p><a href=\"\/kamille\/\">Kamillen<\/a> Shampoo verst\u00e4rkt den Goldglanz von blondem oder hellbraunem Haar und verleiht ihm sch\u00f6ne, leuchtende Reflexe. Das Shampoo Kamille ist f\u00fcr Kinder und Erwachsene geeignet.<\/p>\n<h2><a href=\"\/kamille\/\">Kamille<\/a> f\u00fcr Kopfhaut aus biologischem Anbau<\/h2>\n<p>Das milde Shampoo Kamille enth\u00e4lt Bio-Kamillenextrakte.<\/p>\n<div class=\"elementor-element elementor-element-c0c665e elementor-widget elementor-widget-heading\" data-id=\"c0c665e\" data-element_type=\"widget\" data-widget_type=\"heading.default\">\n<div class=\"elementor-widget-container\">\n<h2 class=\"elementor-heading-title elementor-size-default\">Kamille in der Haarpflege<\/h2>\n<\/div>\n<\/div>\n<div class=\"elementor-element elementor-element-efc79ac elementor-widget elementor-widget-text-editor\" data-id=\"efc79ac\" data-element_type=\"widget\" data-widget_type=\"text-editor.default\">\n<div class=\"elementor-widget-container\">\n<div class=\"group w-full text-gray-800 dark:text-gray-100 border-b border-black\/10 dark:border-gray-900\/50 bg-gray-50 dark:bg-[#444654]\">\n<div class=\"text-base gap-4 md:gap-6 md:max-w-2xl lg:max-w-xl xl:max-w-3xl p-4 md:py-6 flex lg:px-0 m-auto\">\n<div class=\"relative flex w-[calc(100%-50px)] flex-col gap-1 md:gap-3 lg:w-[calc(100%-115px)]\">\n<div class=\"flex flex-grow flex-col gap-3\">\n<div class=\"min-h-[20px] flex flex-col items-start gap-4 whitespace-pre-wrap\">\n<div class=\"markdown prose w-full break-words dark:prose-invert light\">\n<p>Eine Haarkur mit Kamillentee mag auf den ersten Blick ungew\u00f6hnlich erscheinen, kann aber auf verschiedene Weise erstaunliche Ergebnisse erzielen. <a href=\"\/kamille\/\">Kamille<\/a> kann strapaziertem Haar wieder zu einem weichen Griff und einem schimmernden Glanz verhelfen. F\u00fcr blondes Haar kann eine Kamillentee-Kur eine aufhellende Wirkung haben und somit als nat\u00fcrliche Alternative zu herk\u00f6mmlichen F\u00e4rbemitteln und T\u00f6nungen dienen. Dar\u00fcber hinaus wirkt Kamille beruhigend auf die Kopfhaut und kann trockene und gereizte Stellen lindern.<\/p>\n<\/div>\n<\/div>\n<\/div>\n<\/div>\n<\/div>\n<\/div>\n<\/div>\n<\/div>\n","protected":false},"excerpt":{"rendered":"<p>Chamomile shampoo soothes and nourishes the scalp in a natural way. Give your hair the care and silky soft shine of chamomile. Its precious formula gives your hair volume and resilience. An ideal shampoo for daily, gentle hair washing.<\/p>","protected":false},"featured_media":18795,"comment_status":"open","ping_status":"closed","template":"","meta":[],"product_brand":[],"product_cat":[32,30],"product_tag":[317,337,57,338,67],"class_list":{"0":"post-1161","1":"product","2":"type-product","3":"status-publish","4":"has-post-thumbnail","6":"product_cat-haar","7":"product_cat-kosmetik","8":"product_tag-kamille","9":"product_tag-kamille-kopfhaut","10":"product_tag-kosmetik-kamille","11":"product_tag-shampoo","12":"product_tag-shampoo-ohne-mikroplastik","14":"first","15":"instock","16":"taxable","17":"shipping-taxable","18":"purchasable","19":"product-type-variable","20":"has-default-attributes"},"_links":{"self":[{"href":"https:\/\/blidor.ch\/en\/wp-json\/wp\/v2\/product\/1161","targetHints":{"allow":["GET"]}}],"collection":[{"href":"https:\/\/blidor.ch\/en\/wp-json\/wp\/v2\/product"}],"about":[{"href":"https:\/\/blidor.ch\/en\/wp-json\/wp\/v2\/types\/product"}],"replies":[{"embeddable":true,"href":"https:\/\/blidor.ch\/en\/wp-json\/wp\/v2\/comments?post=1161"}],"version-history":[{"count":0,"href":"https:\/\/blidor.ch\/en\/wp-json\/wp\/v2\/product\/1161\/revisions"}],"wp:featuredmedia":[{"embeddable":true,"href":"https:\/\/blidor.ch\/en\/wp-json\/wp\/v2\/media\/18795"}],"wp:attachment":[{"href":"https:\/\/blidor.ch\/en\/wp-json\/wp\/v2\/media?parent=1161"}],"wp:term":[{"taxonomy":"product_brand","embeddable":true,"href":"https:\/\/blidor.ch\/en\/wp-json\/wp\/v2\/product_brand?post=1161"},{"taxonomy":"product_cat","embeddable":true,"href":"https:\/\/blidor.ch\/en\/wp-json\/wp\/v2\/product_cat?post=1161"},{"taxonomy":"product_tag","embeddable":true,"href":"https:\/\/blidor.ch\/en\/wp-json\/wp\/v2\/product_tag?post=1161"}],"curies":[{"name":"wp","href":"https:\/\/api.w.org\/{rel}","templated":true}]}}