{"id":19533,"date":"2024-02-22T09:01:14","date_gmt":"2024-02-22T08:01:14","guid":{"rendered":"https:\/\/blidor.ch\/?page_id=19533"},"modified":"2024-05-08T15:07:52","modified_gmt":"2024-05-08T13:07:52","slug":"wage-production-2","status":"publish","type":"page","link":"https:\/\/blidor.ch\/en\/dienstleistungen\/","title":{"rendered":"Services"},"content":{"rendered":"<div data-elementor-type=\"wp-page\" data-elementor-id=\"19533\" class=\"elementor elementor-19533\" data-elementor-post-type=\"page\">\n\t\t\t\t<div class=\"elementor-element elementor-element-b7d5ff6 e-flex e-con-boxed e-con e-parent\" data-id=\"b7d5ff6\" data-element_type=\"container\" data-e-type=\"container\">\n\t\t\t\t\t<div class=\"e-con-inner\">\n\t\t<div class=\"elementor-element elementor-element-6b65058 e-con-full e-flex e-con e-child\" data-id=\"6b65058\" data-element_type=\"container\" data-e-type=\"container\" data-settings=\"{&quot;background_background&quot;:&quot;classic&quot;}\">\n\t\t\t\t<div class=\"elementor-element elementor-element-53c7b11 elementor-widget elementor-widget-heading\" data-id=\"53c7b11\" data-element_type=\"widget\" data-e-type=\"widget\" data-widget_type=\"heading.default\">\n\t\t\t\t<div class=\"elementor-widget-container\">\n\t\t\t\t\t<h1 class=\"elementor-heading-title elementor-size-xxl\">Services<\/h1>\t\t\t\t<\/div>\n\t\t\t\t<\/div>\n\t\t\t\t<\/div>\n\t\t\t\t\t<\/div>\n\t\t\t\t<\/div>\n\t\t<div class=\"elementor-element elementor-element-f8e700b e-flex e-con-boxed e-con e-parent\" data-id=\"f8e700b\" data-element_type=\"container\" data-e-type=\"container\">\n\t\t\t\t\t<div class=\"e-con-inner\">\n\t\t\t\t<div class=\"elementor-element elementor-element-e0675b4 elementor-widget elementor-widget-spacer\" data-id=\"e0675b4\" data-element_type=\"widget\" data-e-type=\"widget\" data-widget_type=\"spacer.default\">\n\t\t\t\t<div class=\"elementor-widget-container\">\n\t\t\t\t\t\t\t<div class=\"elementor-spacer\">\n\t\t\t<div class=\"elementor-spacer-inner\"><\/div>\n\t\t<\/div>\n\t\t\t\t\t\t<\/div>\n\t\t\t\t<\/div>\n\t\t\t\t\t<\/div>\n\t\t\t\t<\/div>\n\t\t<div class=\"elementor-element elementor-element-76d4c28 e-flex e-con-boxed e-con e-parent\" data-id=\"76d4c28\" data-element_type=\"container\" data-e-type=\"container\">\n\t\t\t\t\t<div class=\"e-con-inner\">\n\t\t<div class=\"elementor-element elementor-element-06ea8aa e-con-full e-flex e-con e-child\" data-id=\"06ea8aa\" data-element_type=\"container\" data-e-type=\"container\">\n\t\t\t\t<div class=\"elementor-element elementor-element-bbdfb85 elementor-widget elementor-widget-image\" data-id=\"bbdfb85\" data-element_type=\"widget\" data-e-type=\"widget\" data-widget_type=\"image.default\">\n\t\t\t\t<div class=\"elementor-widget-container\">\n\t\t\t\t\t\t\t\t\t\t\t\t\t\t\t\t<a href=\"\/en\/payroll\/\">\n\t\t\t\t\t\t\t<img decoding=\"async\" src=\"https:\/\/blidor.ch\/wp-content\/uploads\/elementor\/thumbs\/professioneller-lohnabfueller-neu-ptov5gzf0o2ddj0ggori34wza970gs5i5atonc0lgg.jpg\" title=\"professional-wage-filler-new\" alt=\"professional-wage-filler-new\" loading=\"lazy\" \/>\t\t\t\t\t\t\t\t<\/a>\n\t\t\t\t\t\t\t\t\t\t\t\t\t\t\t<\/div>\n\t\t\t\t<\/div>\n\t\t\t\t<div class=\"elementor-element elementor-element-fad2202 big-title elementor-widget elementor-widget-heading\" data-id=\"fad2202\" data-element_type=\"widget\" data-e-type=\"widget\" data-widget_type=\"heading.default\">\n\t\t\t\t<div class=\"elementor-widget-container\">\n\t\t\t\t\t<h2 class=\"elementor-heading-title elementor-size-default\"><a href=\"\/en\/payroll\/\">Contract filling<\/a><\/h2>\t\t\t\t<\/div>\n\t\t\t\t<\/div>\n\t\t\t\t<div class=\"elementor-element elementor-element-149a35e elementor-widget elementor-widget-text-editor\" data-id=\"149a35e\" data-element_type=\"widget\" data-e-type=\"widget\" data-widget_type=\"text-editor.default\">\n\t\t\t\t<div class=\"elementor-widget-container\">\n\t\t\t\t\t\t\t\t\t<p>Are you looking for a competent partner for your contract filling? Your cosmetics, cleaning or hygiene products are in good hands with us. As your contract filler, we offer you high-precision filling equipment and are flexible with regard to filling products and container types. We offer you reliability, professionalism and experience since 1939.<\/p>\t\t\t\t\t\t\t\t<\/div>\n\t\t\t\t<\/div>\n\t\t\t\t<\/div>\n\t\t<div class=\"elementor-element elementor-element-b041bb3 e-con-full e-flex e-con e-child\" data-id=\"b041bb3\" data-element_type=\"container\" data-e-type=\"container\">\n\t\t\t\t<div class=\"elementor-element elementor-element-f8b2131 elementor-widget elementor-widget-image\" data-id=\"f8b2131\" data-element_type=\"widget\" data-e-type=\"widget\" data-widget_type=\"image.default\">\n\t\t\t\t<div class=\"elementor-widget-container\">\n\t\t\t\t\t\t\t\t\t\t\t\t\t\t\t\t<a href=\"\/en\/confection\/\">\n\t\t\t\t\t\t\t<img decoding=\"async\" src=\"https:\/\/blidor.ch\/wp-content\/uploads\/elementor\/thumbs\/Konfektionierung-Schweiz-1-ptfpz737c7xl4e74quafo0fqgzovt4dsjvw2wgjc80.jpg\" title=\"Packaging Switzerland\" alt=\"Packaging Switzerland\" loading=\"lazy\" \/>\t\t\t\t\t\t\t\t<\/a>\n\t\t\t\t\t\t\t\t\t\t\t\t\t\t\t<\/div>\n\t\t\t\t<\/div>\n\t\t\t\t<div class=\"elementor-element elementor-element-efbeba4 big-title elementor-widget elementor-widget-heading\" data-id=\"efbeba4\" data-element_type=\"widget\" data-e-type=\"widget\" data-widget_type=\"heading.default\">\n\t\t\t\t<div class=\"elementor-widget-container\">\n\t\t\t\t\t<h2 class=\"elementor-heading-title elementor-size-default\"><a href=\"\/en\/confection\/\">Assembly<\/a><\/h2>\t\t\t\t<\/div>\n\t\t\t\t<\/div>\n\t\t\t\t<div class=\"elementor-element elementor-element-40de189 elementor-widget elementor-widget-text-editor\" data-id=\"40de189\" data-element_type=\"widget\" data-e-type=\"widget\" data-widget_type=\"text-editor.default\">\n\t\t\t\t<div class=\"elementor-widget-container\">\n\t\t\t\t\t\t\t\t\t<p>Whether simple packaging, a gift set or a complex project,\nsmall or large print run, we will be happy to help you realise this project\nefficiently and successfully.<\/p>\t\t\t\t\t\t\t\t<\/div>\n\t\t\t\t<\/div>\n\t\t\t\t<\/div>\n\t\t\t\t\t<\/div>\n\t\t\t\t<\/div>\n\t\t<div class=\"elementor-element elementor-element-5af2884 e-flex e-con-boxed e-con e-parent\" data-id=\"5af2884\" data-element_type=\"container\" data-e-type=\"container\">\n\t\t\t\t\t<div class=\"e-con-inner\">\n\t\t\t\t<div class=\"elementor-element elementor-element-ca58d42 elementor-widget elementor-widget-spacer\" data-id=\"ca58d42\" data-element_type=\"widget\" data-e-type=\"widget\" data-widget_type=\"spacer.default\">\n\t\t\t\t<div class=\"elementor-widget-container\">\n\t\t\t\t\t\t\t<div class=\"elementor-spacer\">\n\t\t\t<div class=\"elementor-spacer-inner\"><\/div>\n\t\t<\/div>\n\t\t\t\t\t\t<\/div>\n\t\t\t\t<\/div>\n\t\t\t\t\t<\/div>\n\t\t\t\t<\/div>\n\t\t\t\t<\/div>","protected":false},"excerpt":{"rendered":"<p>Dienstleistungen Lohnabf\u00fcllung Suchen Sie einen kompetenten Partner f\u00fcr Ihre Lohnabf\u00fcllung? Ihre Kosmetik-, Reinigungs- oder Hygieneprodukte sind bei uns in guten H\u00e4nden. Als Ihr Lohnabf\u00fcller bieten wir Ihnen hochpr\u00e4zise Abf\u00fcllanlagen und sind flexibel bez\u00fcglich Abf\u00fcllprodukten und Gebindearten. Wir bieten Ihnen Zuverl\u00e4ssigkeit, Professionalit\u00e4t und Erfahrung seit 1939. Konfektionierung Ob einfache Verpackung, ein Geschenkset oder ein komplexes Vorhaben, [&hellip;]<\/p>\n","protected":false},"author":4,"featured_media":11374,"parent":0,"menu_order":0,"comment_status":"closed","ping_status":"closed","template":"","meta":{"footnotes":""},"class_list":["post-19533","page","type-page","status-publish","has-post-thumbnail","hentry"],"_links":{"self":[{"href":"https:\/\/blidor.ch\/en\/wp-json\/wp\/v2\/pages\/19533","targetHints":{"allow":["GET"]}}],"collection":[{"href":"https:\/\/blidor.ch\/en\/wp-json\/wp\/v2\/pages"}],"about":[{"href":"https:\/\/blidor.ch\/en\/wp-json\/wp\/v2\/types\/page"}],"author":[{"embeddable":true,"href":"https:\/\/blidor.ch\/en\/wp-json\/wp\/v2\/users\/4"}],"replies":[{"embeddable":true,"href":"https:\/\/blidor.ch\/en\/wp-json\/wp\/v2\/comments?post=19533"}],"version-history":[{"count":0,"href":"https:\/\/blidor.ch\/en\/wp-json\/wp\/v2\/pages\/19533\/revisions"}],"wp:featuredmedia":[{"embeddable":true,"href":"https:\/\/blidor.ch\/en\/wp-json\/wp\/v2\/media\/11374"}],"wp:attachment":[{"href":"https:\/\/blidor.ch\/en\/wp-json\/wp\/v2\/media?parent=19533"}],"curies":[{"name":"wp","href":"https:\/\/api.w.org\/{rel}","templated":true}]}}