{"id":15781,"date":"2023-03-24T11:46:35","date_gmt":"2023-03-24T10:46:35","guid":{"rendered":"https:\/\/blidor.ch\/?page_id=15781"},"modified":"2023-11-08T10:27:51","modified_gmt":"2023-11-08T09:27:51","slug":"chestnut","status":"publish","type":"page","link":"https:\/\/blidor.ch\/en\/kastanie\/","title":{"rendered":"Horse chestnut"},"content":{"rendered":"\t\t<div data-elementor-type=\"wp-page\" data-elementor-id=\"15781\" class=\"elementor elementor-15781\" data-elementor-post-type=\"page\">\n\t\t\t\t<div class=\"elementor-element elementor-element-c57caca e-flex e-con-boxed e-con e-parent\" data-id=\"c57caca\" data-element_type=\"container\" data-e-type=\"container\">\n\t\t\t\t\t<div class=\"e-con-inner\">\n\t\t<div class=\"elementor-element elementor-element-ab3782d e-con-full e-flex e-con e-child\" data-id=\"ab3782d\" data-element_type=\"container\" data-e-type=\"container\">\n\t\t\t\t<div class=\"elementor-element elementor-element-f073633 elementor-widget elementor-widget-spacer\" data-id=\"f073633\" data-element_type=\"widget\" data-e-type=\"widget\" data-widget_type=\"spacer.default\">\n\t\t\t\t<div class=\"elementor-widget-container\">\n\t\t\t\t\t\t\t<div class=\"elementor-spacer\">\n\t\t\t<div class=\"elementor-spacer-inner\"><\/div>\n\t\t<\/div>\n\t\t\t\t\t\t<\/div>\n\t\t\t\t<\/div>\n\t\t\t\t<\/div>\n\t\t\t\t\t<\/div>\n\t\t\t\t<\/div>\n\t\t<div class=\"elementor-element elementor-element-f061095 e-flex e-con-boxed e-con e-parent\" data-id=\"f061095\" data-element_type=\"container\" data-e-type=\"container\">\n\t\t\t\t\t<div class=\"e-con-inner\">\n\t\t<div class=\"elementor-element elementor-element-eac6e3d e-con-full e-flex e-con e-child\" data-id=\"eac6e3d\" data-element_type=\"container\" data-e-type=\"container\">\n\t\t\t\t<div class=\"elementor-element elementor-element-d65b8d9 elementor-align-left elementor-tablet-align-center elementor-mobile-align-center elementor-widget elementor-widget-button\" data-id=\"d65b8d9\" data-element_type=\"widget\" data-e-type=\"widget\" data-widget_type=\"button.default\">\n\t\t\t\t<div class=\"elementor-widget-container\">\n\t\t\t\t\t\t\t\t\t<div class=\"elementor-button-wrapper\">\n\t\t\t\t\t<a class=\"elementor-button elementor-button-link elementor-size-sm\" href=\"\/inhaltsstoffe\/\">\n\t\t\t\t\t\t<span class=\"elementor-button-content-wrapper\">\n\t\t\t\t\t\t<span class=\"elementor-button-icon\">\n\t\t\t\t<svg aria-hidden=\"true\" class=\"e-font-icon-svg e-fas-angle-double-left\" viewBox=\"0 0 448 512\" xmlns=\"http:\/\/www.w3.org\/2000\/svg\"><path d=\"M223.7 239l136-136c9.4-9.4 24.6-9.4 33.9 0l22.6 22.6c9.4 9.4 9.4 24.6 0 33.9L319.9 256l96.4 96.4c9.4 9.4 9.4 24.6 0 33.9L393.7 409c-9.4 9.4-24.6 9.4-33.9 0l-136-136c-9.5-9.4-9.5-24.6-.1-34zm-192 34l136 136c9.4 9.4 24.6 9.4 33.9 0l22.6-22.6c9.4-9.4 9.4-24.6 0-33.9L127.9 256l96.4-96.4c9.4-9.4 9.4-24.6 0-33.9L201.7 103c-9.4-9.4-24.6-9.4-33.9 0l-136 136c-9.5 9.4-9.5 24.6-.1 34z\"><\/path><\/svg>\t\t\t<\/span>\n\t\t\t\t\t\t\t\t\t<span class=\"elementor-button-text\">Inhaltsstoffe<\/span>\n\t\t\t\t\t<\/span>\n\t\t\t\t\t<\/a>\n\t\t\t\t<\/div>\n\t\t\t\t\t\t\t\t<\/div>\n\t\t\t\t<\/div>\n\t\t\t\t<\/div>\n\t\t\t\t\t<\/div>\n\t\t\t\t<\/div>\n\t\t<div class=\"elementor-element elementor-element-fa9a918 e-flex e-con-boxed e-con e-parent\" data-id=\"fa9a918\" data-element_type=\"container\" data-e-type=\"container\">\n\t\t\t\t\t<div class=\"e-con-inner\">\n\t\t<div class=\"elementor-element elementor-element-c35d77a e-con-full e-flex e-con e-child\" data-id=\"c35d77a\" data-element_type=\"container\" data-e-type=\"container\">\n\t\t\t\t<div class=\"elementor-element elementor-element-3110861 elementor-widget elementor-widget-image\" data-id=\"3110861\" data-element_type=\"widget\" data-e-type=\"widget\" data-widget_type=\"image.default\">\n\t\t\t\t<div class=\"elementor-widget-container\">\n\t\t\t\t\t\t\t\t\t\t\t\t\t\t\t<img fetchpriority=\"high\" decoding=\"async\" width=\"800\" height=\"800\" src=\"https:\/\/blidor.ch\/wp-content\/uploads\/rosskastanie-1200px-1152x1152.jpg\" class=\"attachment-large size-large wp-image-15415\" alt=\"\" srcset=\"https:\/\/blidor.ch\/wp-content\/uploads\/rosskastanie-1200px-1152x1152.jpg 1152w, https:\/\/blidor.ch\/wp-content\/uploads\/rosskastanie-1200px-512x512.jpg 512w, https:\/\/blidor.ch\/wp-content\/uploads\/rosskastanie-1200px-256x256.jpg 256w, https:\/\/blidor.ch\/wp-content\/uploads\/rosskastanie-1200px-768x768.jpg 768w, https:\/\/blidor.ch\/wp-content\/uploads\/rosskastanie-1200px-12x12.jpg 12w, https:\/\/blidor.ch\/wp-content\/uploads\/rosskastanie-1200px-300x300.jpg 300w, https:\/\/blidor.ch\/wp-content\/uploads\/rosskastanie-1200px-600x600.jpg 600w, https:\/\/blidor.ch\/wp-content\/uploads\/rosskastanie-1200px-100x100.jpg 100w, https:\/\/blidor.ch\/wp-content\/uploads\/rosskastanie-1200px-64x64.jpg 64w, https:\/\/blidor.ch\/wp-content\/uploads\/rosskastanie-1200px.jpg 1200w\" sizes=\"(max-width: 800px) 100vw, 800px\" \/>\t\t\t\t\t\t\t\t\t\t\t\t\t\t\t<\/div>\n\t\t\t\t<\/div>\n\t\t\t\t<\/div>\n\t\t<div class=\"elementor-element elementor-element-c704426 e-con-full e-flex e-con e-child\" data-id=\"c704426\" data-element_type=\"container\" data-e-type=\"container\">\n\t\t\t\t<div class=\"elementor-element elementor-element-6c63113 elementor-widget elementor-widget-heading\" data-id=\"6c63113\" data-element_type=\"widget\" data-e-type=\"widget\" data-widget_type=\"heading.default\">\n\t\t\t\t<div class=\"elementor-widget-container\">\n\t\t\t\t\t<h2 class=\"elementor-heading-title elementor-size-xxl\">Rosskastanie<\/h2>\t\t\t\t<\/div>\n\t\t\t\t<\/div>\n\t\t\t\t<div class=\"elementor-element elementor-element-5922bde elementor-widget elementor-widget-text-editor\" data-id=\"5922bde\" data-element_type=\"widget\" data-e-type=\"widget\" data-widget_type=\"text-editor.default\">\n\t\t\t\t<div class=\"elementor-widget-container\">\n\t\t\t\t\t\t\t\t\t<p>Wissenschaftlicher Name: <strong>Aesculus hippocastanum<\/strong><\/p><p>Ursprung: <strong>pflanzlich<br \/><\/strong>Familie: <strong>Sapindaceae, Seifenbaumgew\u00e4chse<br \/><\/strong>Kategorie: <strong>Baum<\/strong><\/p>\t\t\t\t\t\t\t\t<\/div>\n\t\t\t\t<\/div>\n\t\t\t\t<\/div>\n\t\t\t\t\t<\/div>\n\t\t\t\t<\/div>\n\t\t<div class=\"elementor-element elementor-element-b5946d0 e-flex e-con-boxed e-con e-parent\" data-id=\"b5946d0\" data-element_type=\"container\" data-e-type=\"container\">\n\t\t\t\t\t<div class=\"e-con-inner\">\n\t\t<div class=\"elementor-element elementor-element-2d6d2f8 e-con-full e-flex e-con e-child\" data-id=\"2d6d2f8\" data-element_type=\"container\" data-e-type=\"container\">\n\t\t\t\t<div class=\"elementor-element elementor-element-99ce440 elementor-widget elementor-widget-heading\" data-id=\"99ce440\" data-element_type=\"widget\" data-e-type=\"widget\" data-widget_type=\"heading.default\">\n\t\t\t\t<div class=\"elementor-widget-container\">\n\t\t\t\t\t<h2 class=\"elementor-heading-title elementor-size-xl\">Herkunft<\/h2>\t\t\t\t<\/div>\n\t\t\t\t<\/div>\n\t\t\t\t<div class=\"elementor-element elementor-element-3a46c71 elementor-widget elementor-widget-text-editor\" data-id=\"3a46c71\" data-element_type=\"widget\" data-e-type=\"widget\" data-widget_type=\"text-editor.default\">\n\t\t\t\t<div class=\"elementor-widget-container\">\n\t\t\t\t\t\t\t\t\t<p>Die Rosskastanie, auch bekannt unter dem wissenschaftlichen Namen Aesculus hippocastanum, hat ihren Ursprung in den Bergw\u00e4ldern des Balkans in S\u00fcdosteuropa. Im 16. Jahrhundert wurde sie erstmals nach Westeuropa eingef\u00fchrt und hat sich seitdem in vielen Teilen Europas und Nordamerikas verbreitet.<\/p><p>Als mittelgrosser bis grosser Baum erreicht die Rosskastanie normalerweise eine H\u00f6he von 20 bis 40 Metern und bildet eine breite, ausladende Krone. Sie bevorzugt feuchte, gut drainierte B\u00f6den und gedeiht am besten in gem\u00e4ssigten Klimazonen.<\/p>\t\t\t\t\t\t\t\t<\/div>\n\t\t\t\t<\/div>\n\t\t\t\t<div class=\"elementor-element elementor-element-1d65437 elementor-widget elementor-widget-spacer\" data-id=\"1d65437\" data-element_type=\"widget\" data-e-type=\"widget\" data-widget_type=\"spacer.default\">\n\t\t\t\t<div class=\"elementor-widget-container\">\n\t\t\t\t\t\t\t<div class=\"elementor-spacer\">\n\t\t\t<div class=\"elementor-spacer-inner\"><\/div>\n\t\t<\/div>\n\t\t\t\t\t\t<\/div>\n\t\t\t\t<\/div>\n\t\t\t\t<div class=\"elementor-element elementor-element-9a4c657 elementor-widget elementor-widget-heading\" data-id=\"9a4c657\" data-element_type=\"widget\" data-e-type=\"widget\" data-widget_type=\"heading.default\">\n\t\t\t\t<div class=\"elementor-widget-container\">\n\t\t\t\t\t<h2 class=\"elementor-heading-title elementor-size-xl\">Inhaltsstoffe nach INCI<\/h2>\t\t\t\t<\/div>\n\t\t\t\t<\/div>\n\t\t\t\t<div class=\"elementor-element elementor-element-3cdb277 elementor-widget elementor-widget-text-editor\" data-id=\"3cdb277\" data-element_type=\"widget\" data-e-type=\"widget\" data-widget_type=\"text-editor.default\">\n\t\t\t\t<div class=\"elementor-widget-container\">\n\t\t\t\t\t\t\t\t\t<p><strong>AESCULUS HIPPOCASTANUM EXTRACT<\/strong> &#8211; Extrakt aus Pflanze<br \/><strong>AESCULUS HIPPOCASTANUM LEAF EXTRACT<\/strong> &#8211; Extrakt aus Bl\u00e4tter<br \/><strong>AESCULUS HIPPOCASTANUM SEED EXTRACT<\/strong> &#8211; Extrakt aus Samen<\/p>\t\t\t\t\t\t\t\t<\/div>\n\t\t\t\t<\/div>\n\t\t\t\t<\/div>\n\t\t<div class=\"elementor-element elementor-element-62c4578 e-con-full e-flex e-con e-child\" data-id=\"62c4578\" data-element_type=\"container\" data-e-type=\"container\">\n\t\t\t\t<div class=\"elementor-element elementor-element-d8d76b0 elementor-widget elementor-widget-heading\" data-id=\"d8d76b0\" data-element_type=\"widget\" data-e-type=\"widget\" data-widget_type=\"heading.default\">\n\t\t\t\t<div class=\"elementor-widget-container\">\n\t\t\t\t\t<h2 class=\"elementor-heading-title elementor-size-xl\">Wirkung<\/h2>\t\t\t\t<\/div>\n\t\t\t\t<\/div>\n\t\t\t\t<div class=\"elementor-element elementor-element-9398505 elementor-widget elementor-widget-text-editor\" data-id=\"9398505\" data-element_type=\"widget\" data-e-type=\"widget\" data-widget_type=\"text-editor.default\">\n\t\t\t\t<div class=\"elementor-widget-container\">\n\t\t\t\t\t\t\t\t\t<div class=\"group w-full text-gray-800 dark:text-gray-100 border-b border-black\/10 dark:border-gray-900\/50 bg-gray-50 dark:bg-[#444654]\"><div class=\"text-base gap-4 md:gap-6 md:max-w-2xl lg:max-w-xl xl:max-w-3xl p-4 md:py-6 flex lg:px-0 m-auto\"><div class=\"relative flex w-[calc(100%-50px)] flex-col gap-1 md:gap-3 lg:w-[calc(100%-115px)]\"><div class=\"flex flex-grow flex-col gap-3\"><div class=\"min-h-[20px] flex flex-col items-start gap-4 whitespace-pre-wrap\"><div class=\"markdown prose w-full break-words dark:prose-invert light\"><p>Die Samen der Rosskastanie beinhalten Verbindungen, die dazu beitragen k\u00f6nnen, die Elastizit\u00e4t und Festigkeit der Venenw\u00e4nde zu erh\u00f6hen. Dadurch k\u00f6nnen sie bei der Behandlung von Venenleiden wie Krampfadern, \u00d6demen und geschwollenen Beinen helfen. Rosskastanienextrakte k\u00f6nnen entz\u00fcndungshemmende Eigenschaften besitzen, die zur Linderung von Schmerzen und Schwellungen beitragen k\u00f6nnen. Dar\u00fcber hinaus enthalten sie auch Antioxidantien, die helfen k\u00f6nnen, freie Radikale zu bek\u00e4mpfen, die Sch\u00e4den an Zellen verursachen k\u00f6nnen.<\/p><\/div><\/div><\/div><\/div><\/div><\/div>\t\t\t\t\t\t\t\t<\/div>\n\t\t\t\t<\/div>\n\t\t\t\t<div class=\"elementor-element elementor-element-1b5366a elementor-widget elementor-widget-spacer\" data-id=\"1b5366a\" data-element_type=\"widget\" data-e-type=\"widget\" data-widget_type=\"spacer.default\">\n\t\t\t\t<div class=\"elementor-widget-container\">\n\t\t\t\t\t\t\t<div class=\"elementor-spacer\">\n\t\t\t<div class=\"elementor-spacer-inner\"><\/div>\n\t\t<\/div>\n\t\t\t\t\t\t<\/div>\n\t\t\t\t<\/div>\n\t\t\t\t<div class=\"elementor-element elementor-element-68b033c elementor-widget elementor-widget-heading\" data-id=\"68b033c\" data-element_type=\"widget\" data-e-type=\"widget\" data-widget_type=\"heading.default\">\n\t\t\t\t<div class=\"elementor-widget-container\">\n\t\t\t\t\t<h2 class=\"elementor-heading-title elementor-size-xl\">Verwendung<\/h2>\t\t\t\t<\/div>\n\t\t\t\t<\/div>\n\t\t\t\t<div class=\"elementor-element elementor-element-f670710 elementor-widget elementor-widget-text-editor\" data-id=\"f670710\" data-element_type=\"widget\" data-e-type=\"widget\" data-widget_type=\"text-editor.default\">\n\t\t\t\t<div class=\"elementor-widget-container\">\n\t\t\t\t\t\t\t\t\t<p>Die Rosskastaniensamen werden zur Herstellung von Medikamenten verwendet, um Venenprobleme wie Krampfadern, H\u00e4morrhoiden und geschwollene Beine zu behandeln.<\/p><p>Rosskastanienb\u00e4ume sind wegen ihrer auff\u00e4lligen weissen oder rosa Bl\u00fcten und der grossen, gl\u00e4nzenden Bl\u00e4tter beliebte Zierb\u00e4ume. Sie bieten Lebensraum und Nahrung f\u00fcr viele Tierarten, einschliesslich V\u00f6gel, Eichh\u00f6rnchen und Insekten.<\/p><p>Rosskastanien werden auch als Nahrungsmittel verwendet. Sie k\u00f6nnen ger\u00f6stet als Kaffeeersatz oder zur Herstellung von Mehl verwendet werden.<\/p><p>Insgesamt hat die Aesculus hippocastanum eine Vielzahl von Anwendungen und ist ein wichtiger Bestandteil des \u00f6kologischen, medizinischen und kulturellen Erbes vieler Regionen.<\/p>\t\t\t\t\t\t\t\t<\/div>\n\t\t\t\t<\/div>\n\t\t\t\t<\/div>\n\t\t\t\t\t<\/div>\n\t\t\t\t<\/div>\n\t\t<div class=\"elementor-element elementor-element-e4797af e-flex e-con-boxed e-con e-parent\" data-id=\"e4797af\" data-element_type=\"container\" data-e-type=\"container\">\n\t\t\t\t\t<div class=\"e-con-inner\">\n\t\t<div class=\"elementor-element elementor-element-d463f78 e-con-full e-flex e-con e-child\" data-id=\"d463f78\" data-element_type=\"container\" data-e-type=\"container\">\n\t\t\t\t<div class=\"elementor-element elementor-element-c09539e elementor-widget elementor-widget-heading\" data-id=\"c09539e\" data-element_type=\"widget\" data-e-type=\"widget\" data-widget_type=\"heading.default\">\n\t\t\t\t<div class=\"elementor-widget-container\">\n\t\t\t\t\t<h2 class=\"elementor-heading-title elementor-size-xl\">Enthalten in:<\/h2>\t\t\t\t<\/div>\n\t\t\t\t<\/div>\n\t\t\t\t<div class=\"elementor-element elementor-element-bfe6335 elementor-widget elementor-widget-spacer\" data-id=\"bfe6335\" data-element_type=\"widget\" data-e-type=\"widget\" data-widget_type=\"spacer.default\">\n\t\t\t\t<div class=\"elementor-widget-container\">\n\t\t\t\t\t\t\t<div class=\"elementor-spacer\">\n\t\t\t<div class=\"elementor-spacer-inner\"><\/div>\n\t\t<\/div>\n\t\t\t\t\t\t<\/div>\n\t\t\t\t<\/div>\n\t\t\t\t<div class=\"elementor-element elementor-element-1929a0c elementor-product-loop-item--align-center elementor-grid-tablet-2 elementor-grid-mobile-1 elementor-grid-4 elementor-products-grid elementor-wc-products elementor-widget elementor-widget-woocommerce-products\" data-id=\"1929a0c\" data-element_type=\"widget\" data-e-type=\"widget\" data-widget_type=\"woocommerce-products.default\">\n\t\t\t\t<div class=\"elementor-widget-container\">\n\t\t\t\t\t<div class=\"woocommerce columns-4 \"><ul class=\"products elementor-grid columns-4\">\n<li class=\"product type-product post-1128 status-publish first instock product_cat-koerper product_cat-kosmetik product_cat-schaumbad product_tag-rosskastanie has-post-thumbnail taxable shipping-taxable purchasable product-type-variable has-default-attributes\">\n\t<a href=\"https:\/\/blidor.ch\/en\/webshop\/schaumbad-kastanie\/\" class=\"woocommerce-LoopProduct-link woocommerce-loop-product__link\"><img decoding=\"async\" width=\"300\" height=\"300\" src=\"https:\/\/blidor.ch\/wp-content\/uploads\/Rosskastanie-kaufen-300x300.jpg\" class=\"attachment-woocommerce_thumbnail size-woocommerce_thumbnail\" alt=\"Rosskastanie kaufen\" srcset=\"https:\/\/blidor.ch\/wp-content\/uploads\/Rosskastanie-kaufen-300x300.jpg 300w, https:\/\/blidor.ch\/wp-content\/uploads\/Rosskastanie-kaufen-100x100.jpg 100w, https:\/\/blidor.ch\/wp-content\/uploads\/Rosskastanie-kaufen-600x600.jpg 600w, https:\/\/blidor.ch\/wp-content\/uploads\/Rosskastanie-kaufen-64x64.jpg 64w, https:\/\/blidor.ch\/wp-content\/uploads\/Rosskastanie-kaufen-512x512.jpg 512w, https:\/\/blidor.ch\/wp-content\/uploads\/Rosskastanie-kaufen-1152x1152.jpg 1152w, https:\/\/blidor.ch\/wp-content\/uploads\/Rosskastanie-kaufen-256x256.jpg 256w, https:\/\/blidor.ch\/wp-content\/uploads\/Rosskastanie-kaufen-768x768.jpg 768w, https:\/\/blidor.ch\/wp-content\/uploads\/Rosskastanie-kaufen.jpg 1200w\" sizes=\"(max-width: 300px) 100vw, 300px\" \/><h2 class=\"woocommerce-loop-product__title\">Schaumbad Rosskastanie<\/h2>\n\t<span class=\"price\"><span class=\"woocommerce-Price-amount amount\" aria-hidden=\"true\"><bdi><span class=\"woocommerce-Price-currencySymbol\">&#67;&#72;&#70;<\/span>&nbsp;39.90<\/bdi><\/span> <span aria-hidden=\"true\">&ndash;<\/span> <span class=\"woocommerce-Price-amount amount\" aria-hidden=\"true\"><bdi><span class=\"woocommerce-Price-currencySymbol\">&#67;&#72;&#70;<\/span>&nbsp;66.50<\/bdi><\/span><span class=\"screen-reader-text\">Price range: &#67;&#72;&#70;&nbsp;39.90 through &#67;&#72;&#70;&nbsp;66.50<\/span> <small class=\"woocommerce-price-suffix\">inkl. MwSt.<\/small><\/span>\n<\/a><div class=\"woocommerce-loop-product__buttons\"><a href=\"https:\/\/blidor.ch\/en\/webshop\/schaumbad-kastanie\/\" aria-describedby=\"woocommerce_loop_add_to_cart_link_describedby_1128\" data-quantity=\"1\" class=\"button product_type_variable add_to_cart_button\" data-product_id=\"1128\" data-product_sku=\"\" aria-label=\"Select options for &ldquo;Schaumbad Rosskastanie&rdquo;\" rel=\"nofollow\">Select options<\/a><\/div>\t<span id=\"woocommerce_loop_add_to_cart_link_describedby_1128\" class=\"screen-reader-text\">\n\t\tThis product has multiple variants. The options may be chosen on the product page\t<\/span>\n<span class=\"gtm4wp_productdata\" style=\"display:none; visibility:hidden;\" data-gtm4wp_product_data=\"{&quot;internal_id&quot;:1128,&quot;item_id&quot;:1128,&quot;item_name&quot;:&quot;Schaumbad Rosskastanie&quot;,&quot;sku&quot;:1128,&quot;price&quot;:39.89999999999999857891452847979962825775146484375,&quot;stocklevel&quot;:null,&quot;stockstatus&quot;:&quot;instock&quot;,&quot;google_business_vertical&quot;:&quot;retail&quot;,&quot;item_category&quot;:&quot;Schaumbad&quot;,&quot;id&quot;:1128,&quot;productlink&quot;:&quot;https:\\\/\\\/blidor.ch\\\/en\\\/webshop\\\/schaumbad-kastanie\\\/&quot;,&quot;item_list_name&quot;:&quot;General Product List&quot;,&quot;index&quot;:1,&quot;product_type&quot;:&quot;variable&quot;,&quot;item_brand&quot;:&quot;&quot;}\"><\/span><\/li>\n<\/ul>\n<\/div>\t\t\t\t<\/div>\n\t\t\t\t<\/div>\n\t\t\t\t<div class=\"elementor-element elementor-element-fee3a8b elementor-widget elementor-widget-spacer\" data-id=\"fee3a8b\" data-element_type=\"widget\" data-e-type=\"widget\" data-widget_type=\"spacer.default\">\n\t\t\t\t<div class=\"elementor-widget-container\">\n\t\t\t\t\t\t\t<div class=\"elementor-spacer\">\n\t\t\t<div class=\"elementor-spacer-inner\"><\/div>\n\t\t<\/div>\n\t\t\t\t\t\t<\/div>\n\t\t\t\t<\/div>\n\t\t\t\t<\/div>\n\t\t\t\t\t<\/div>\n\t\t\t\t<\/div>\n\t\t\t\t<\/div>\n\t\t","protected":false},"excerpt":{"rendered":"<p>Inhaltsstoffe Wissenschaftlicher Name: Aesculus hippocastanum Ursprung: pflanzlichFamilie: Sapindaceae, Seifenbaumgew\u00e4chseKategorie: Baum Herkunft Die Rosskastanie, auch bekannt unter dem wissenschaftlichen Namen Aesculus hippocastanum, hat ihren Ursprung in den Bergw\u00e4ldern des Balkans in S\u00fcdosteuropa. Im 16. Jahrhundert wurde sie erstmals nach Westeuropa eingef\u00fchrt und hat sich seitdem in vielen Teilen Europas und Nordamerikas verbreitet. Als mittelgrosser bis grosser [&hellip;]<\/p>\n","protected":false},"author":4,"featured_media":15415,"parent":0,"menu_order":0,"comment_status":"closed","ping_status":"closed","template":"","meta":{"footnotes":""},"class_list":["post-15781","page","type-page","status-publish","has-post-thumbnail","hentry"],"_links":{"self":[{"href":"https:\/\/blidor.ch\/en\/wp-json\/wp\/v2\/pages\/15781","targetHints":{"allow":["GET"]}}],"collection":[{"href":"https:\/\/blidor.ch\/en\/wp-json\/wp\/v2\/pages"}],"about":[{"href":"https:\/\/blidor.ch\/en\/wp-json\/wp\/v2\/types\/page"}],"author":[{"embeddable":true,"href":"https:\/\/blidor.ch\/en\/wp-json\/wp\/v2\/users\/4"}],"replies":[{"embeddable":true,"href":"https:\/\/blidor.ch\/en\/wp-json\/wp\/v2\/comments?post=15781"}],"version-history":[{"count":0,"href":"https:\/\/blidor.ch\/en\/wp-json\/wp\/v2\/pages\/15781\/revisions"}],"wp:featuredmedia":[{"embeddable":true,"href":"https:\/\/blidor.ch\/en\/wp-json\/wp\/v2\/media\/15415"}],"wp:attachment":[{"href":"https:\/\/blidor.ch\/en\/wp-json\/wp\/v2\/media?parent=15781"}],"curies":[{"name":"wp","href":"https:\/\/api.w.org\/{rel}","templated":true}]}}