{"id":15724,"date":"2023-03-24T08:45:53","date_gmt":"2023-03-24T07:45:53","guid":{"rendered":"https:\/\/blidor.ch\/?page_id=15724"},"modified":"2023-11-08T10:28:21","modified_gmt":"2023-11-08T09:28:21","slug":"rose","status":"publish","type":"page","link":"https:\/\/blidor.ch\/en\/rose\/","title":{"rendered":"Rose"},"content":{"rendered":"<div data-elementor-type=\"wp-page\" data-elementor-id=\"15724\" class=\"elementor elementor-15724\" data-elementor-post-type=\"page\">\n\t\t\t\t<div class=\"elementor-element elementor-element-ec77f6b e-flex e-con-boxed e-con e-parent\" data-id=\"ec77f6b\" data-element_type=\"container\" data-e-type=\"container\">\n\t\t\t\t\t<div class=\"e-con-inner\">\n\t\t<div class=\"elementor-element elementor-element-b8ab9e8 e-con-full e-flex e-con e-child\" data-id=\"b8ab9e8\" data-element_type=\"container\" data-e-type=\"container\">\n\t\t\t\t<div class=\"elementor-element elementor-element-137b9e8 elementor-widget elementor-widget-spacer\" data-id=\"137b9e8\" data-element_type=\"widget\" data-e-type=\"widget\" data-widget_type=\"spacer.default\">\n\t\t\t\t<div class=\"elementor-widget-container\">\n\t\t\t\t\t\t\t<div class=\"elementor-spacer\">\n\t\t\t<div class=\"elementor-spacer-inner\"><\/div>\n\t\t<\/div>\n\t\t\t\t\t\t<\/div>\n\t\t\t\t<\/div>\n\t\t\t\t<\/div>\n\t\t\t\t\t<\/div>\n\t\t\t\t<\/div>\n\t\t<div class=\"elementor-element elementor-element-adccb00 e-flex e-con-boxed e-con e-parent\" data-id=\"adccb00\" data-element_type=\"container\" data-e-type=\"container\">\n\t\t\t\t\t<div class=\"e-con-inner\">\n\t\t<div class=\"elementor-element elementor-element-b980620 e-con-full e-flex e-con e-child\" data-id=\"b980620\" data-element_type=\"container\" data-e-type=\"container\">\n\t\t\t\t<div class=\"elementor-element elementor-element-748120c elementor-align-left elementor-tablet-align-center elementor-mobile-align-center elementor-widget elementor-widget-button\" data-id=\"748120c\" data-element_type=\"widget\" data-e-type=\"widget\" data-widget_type=\"button.default\">\n\t\t\t\t<div class=\"elementor-widget-container\">\n\t\t\t\t\t\t\t\t\t<div class=\"elementor-button-wrapper\">\n\t\t\t\t\t<a class=\"elementor-button elementor-button-link elementor-size-sm\" href=\"\/en\/ingredients\/\">\n\t\t\t\t\t\t<span class=\"elementor-button-content-wrapper\">\n\t\t\t\t\t\t<span class=\"elementor-button-icon\">\n\t\t\t\t<svg aria-hidden=\"true\" class=\"e-font-icon-svg e-fas-angle-double-left\" viewbox=\"0 0 448 512\" xmlns=\"http:\/\/www.w3.org\/2000\/svg\"><path d=\"M223.7 239l136-136c9.4-9.4 24.6-9.4 33.9 0l22.6 22.6c9.4 9.4 9.4 24.6 0 33.9L319.9 256l96.4 96.4c9.4 9.4 9.4 24.6 0 33.9L393.7 409c-9.4 9.4-24.6 9.4-33.9 0l-136-136c-9.5-9.4-9.5-24.6-.1-34zm-192 34l136 136c9.4 9.4 24.6 9.4 33.9 0l22.6-22.6c9.4-9.4 9.4-24.6 0-33.9L127.9 256l96.4-96.4c9.4-9.4 9.4-24.6 0-33.9L201.7 103c-9.4-9.4-24.6-9.4-33.9 0l-136 136c-9.5 9.4-9.5 24.6-.1 34z\"><\/path><\/svg>\t\t\t<\/span>\n\t\t\t\t\t\t\t\t\t<span class=\"elementor-button-text\">Ingredients<\/span>\n\t\t\t\t\t<\/span>\n\t\t\t\t\t<\/a>\n\t\t\t\t<\/div>\n\t\t\t\t\t\t\t\t<\/div>\n\t\t\t\t<\/div>\n\t\t\t\t<\/div>\n\t\t\t\t\t<\/div>\n\t\t\t\t<\/div>\n\t\t<div class=\"elementor-element elementor-element-4036741 e-flex e-con-boxed e-con e-parent\" data-id=\"4036741\" data-element_type=\"container\" data-e-type=\"container\">\n\t\t\t\t\t<div class=\"e-con-inner\">\n\t\t<div class=\"elementor-element elementor-element-e8dd292 e-con-full e-flex e-con e-child\" data-id=\"e8dd292\" data-element_type=\"container\" data-e-type=\"container\">\n\t\t\t\t<div class=\"elementor-element elementor-element-b13ee23 elementor-widget elementor-widget-image\" data-id=\"b13ee23\" data-element_type=\"widget\" data-e-type=\"widget\" data-widget_type=\"image.default\">\n\t\t\t\t<div class=\"elementor-widget-container\">\n\t\t\t\t\t\t\t\t\t\t\t\t\t\t\t<img fetchpriority=\"high\" decoding=\"async\" width=\"800\" height=\"800\" src=\"https:\/\/blidor.ch\/wp-content\/uploads\/rose-1200px-1152x1152.jpg\" class=\"attachment-large size-large wp-image-15425\" alt=\"\" srcset=\"https:\/\/blidor.ch\/wp-content\/uploads\/rose-1200px-1152x1152.jpg 1152w, https:\/\/blidor.ch\/wp-content\/uploads\/rose-1200px-512x512.jpg 512w, https:\/\/blidor.ch\/wp-content\/uploads\/rose-1200px-256x256.jpg 256w, https:\/\/blidor.ch\/wp-content\/uploads\/rose-1200px-768x768.jpg 768w, https:\/\/blidor.ch\/wp-content\/uploads\/rose-1200px-12x12.jpg 12w, https:\/\/blidor.ch\/wp-content\/uploads\/rose-1200px-300x300.jpg 300w, https:\/\/blidor.ch\/wp-content\/uploads\/rose-1200px-600x600.jpg 600w, https:\/\/blidor.ch\/wp-content\/uploads\/rose-1200px-100x100.jpg 100w, https:\/\/blidor.ch\/wp-content\/uploads\/rose-1200px-64x64.jpg 64w, https:\/\/blidor.ch\/wp-content\/uploads\/rose-1200px.jpg 1200w\" sizes=\"(max-width: 800px) 100vw, 800px\" \/>\t\t\t\t\t\t\t\t\t\t\t\t\t\t\t<\/div>\n\t\t\t\t<\/div>\n\t\t\t\t<\/div>\n\t\t<div class=\"elementor-element elementor-element-ab893de e-con-full e-flex e-con e-child\" data-id=\"ab893de\" data-element_type=\"container\" data-e-type=\"container\">\n\t\t\t\t<div class=\"elementor-element elementor-element-ed71ede elementor-widget elementor-widget-heading\" data-id=\"ed71ede\" data-element_type=\"widget\" data-e-type=\"widget\" data-widget_type=\"heading.default\">\n\t\t\t\t<div class=\"elementor-widget-container\">\n\t\t\t\t\t<h2 class=\"elementor-heading-title elementor-size-xxl\">Rose<\/h2>\t\t\t\t<\/div>\n\t\t\t\t<\/div>\n\t\t\t\t<div class=\"elementor-element elementor-element-030e788 elementor-widget elementor-widget-text-editor\" data-id=\"030e788\" data-element_type=\"widget\" data-e-type=\"widget\" data-widget_type=\"text-editor.default\">\n\t\t\t\t<div class=\"elementor-widget-container\">\n\t\t\t\t\t\t\t\t\t<p>Scientific name: <strong>Rosa Centifolia<\/strong><\/p><p>Origin: <strong>herbal<br \/><\/strong>Family: <strong>Rosaceae, rose family<br \/><\/strong>Category: <strong>Medicinal plant<\/strong><\/p>\t\t\t\t\t\t\t\t<\/div>\n\t\t\t\t<\/div>\n\t\t\t\t<\/div>\n\t\t\t\t\t<\/div>\n\t\t\t\t<\/div>\n\t\t<div class=\"elementor-element elementor-element-66278f1 e-flex e-con-boxed e-con e-parent\" data-id=\"66278f1\" data-element_type=\"container\" data-e-type=\"container\">\n\t\t\t\t\t<div class=\"e-con-inner\">\n\t\t<div class=\"elementor-element elementor-element-9fd417f e-con-full e-flex e-con e-child\" data-id=\"9fd417f\" data-element_type=\"container\" data-e-type=\"container\">\n\t\t\t\t<div class=\"elementor-element elementor-element-269197b elementor-widget elementor-widget-heading\" data-id=\"269197b\" data-element_type=\"widget\" data-e-type=\"widget\" data-widget_type=\"heading.default\">\n\t\t\t\t<div class=\"elementor-widget-container\">\n\t\t\t\t\t<h2 class=\"elementor-heading-title elementor-size-xl\">Use, effect and extraction<\/h2>\t\t\t\t<\/div>\n\t\t\t\t<\/div>\n\t\t\t\t<div class=\"elementor-element elementor-element-0f1b376 elementor-widget elementor-widget-text-editor\" data-id=\"0f1b376\" data-element_type=\"widget\" data-e-type=\"widget\" data-widget_type=\"text-editor.default\">\n\t\t\t\t<div class=\"elementor-widget-container\">\n\t\t\t\t\t\t\t\t\t<p>In natural cosmetics, rose oil, rose cream and rose water are used in many ways, for example as face lotions, body oils and as important ingredients in perfume.<\/p><p>Rose oil contains valuable fatty acids and vitamins. The essence of roses has a calming, harmonising, firming and moisturising effect.<\/p><p>The valuable rose oil is extracted from the rose blossoms by steam distillation. The by-product of the distillation process is rose water.<\/p>\t\t\t\t\t\t\t\t<\/div>\n\t\t\t\t<\/div>\n\t\t\t\t<div class=\"elementor-element elementor-element-cd2d4fc elementor-widget elementor-widget-spacer\" data-id=\"cd2d4fc\" data-element_type=\"widget\" data-e-type=\"widget\" data-widget_type=\"spacer.default\">\n\t\t\t\t<div class=\"elementor-widget-container\">\n\t\t\t\t\t\t\t<div class=\"elementor-spacer\">\n\t\t\t<div class=\"elementor-spacer-inner\"><\/div>\n\t\t<\/div>\n\t\t\t\t\t\t<\/div>\n\t\t\t\t<\/div>\n\t\t\t\t<div class=\"elementor-element elementor-element-667fc34 elementor-widget elementor-widget-heading\" data-id=\"667fc34\" data-element_type=\"widget\" data-e-type=\"widget\" data-widget_type=\"heading.default\">\n\t\t\t\t<div class=\"elementor-widget-container\">\n\t\t\t\t\t<h2 class=\"elementor-heading-title elementor-size-xl\">Ingredients according to INCI<\/h2>\t\t\t\t<\/div>\n\t\t\t\t<\/div>\n\t\t\t\t<div class=\"elementor-element elementor-element-aeef0c0 elementor-widget elementor-widget-text-editor\" data-id=\"aeef0c0\" data-element_type=\"widget\" data-e-type=\"widget\" data-widget_type=\"text-editor.default\">\n\t\t\t\t<div class=\"elementor-widget-container\">\n\t\t\t\t\t\t\t\t\t<p><strong>ROSA CENTIFOLIA FLOWER WATER<\/strong> - Steam distillate from flowers<br \/><strong>ROSA CENTIFOLIA FLOWER EXTRACT<\/strong> - Flower extract<br \/><strong>ROSA CENTIFOLIA EXTRACT<\/strong> - Extract from plant<br \/><strong>ROSA DAMASCENA FLOWER EXTRACT<\/strong> - Flower extract<br \/><strong>ROSA DAMASCENA FLOWER WATER<\/strong> - Steam distillate from flowers<br \/><strong>ROSA DAMASCENA EXTRACT<\/strong> - Extract from plant<br \/><br \/><\/p>\t\t\t\t\t\t\t\t<\/div>\n\t\t\t\t<\/div>\n\t\t\t\t<\/div>\n\t\t<div class=\"elementor-element elementor-element-6754cd5 e-con-full e-flex e-con e-child\" data-id=\"6754cd5\" data-element_type=\"container\" data-e-type=\"container\">\n\t\t\t\t<div class=\"elementor-element elementor-element-6847eb4 elementor-widget elementor-widget-heading\" data-id=\"6847eb4\" data-element_type=\"widget\" data-e-type=\"widget\" data-widget_type=\"heading.default\">\n\t\t\t\t<div class=\"elementor-widget-container\">\n\t\t\t\t\t<h2 class=\"elementor-heading-title elementor-size-xl\">Roses in cosmetics<\/h2>\t\t\t\t<\/div>\n\t\t\t\t<\/div>\n\t\t\t\t<div class=\"elementor-element elementor-element-d4b8d7b elementor-widget elementor-widget-text-editor\" data-id=\"d4b8d7b\" data-element_type=\"widget\" data-e-type=\"widget\" data-widget_type=\"text-editor.default\">\n\t\t\t\t<div class=\"elementor-widget-container\">\n\t\t\t\t\t\t\t\t\t<p>The rose is not only a symbol of romance and sensuality, but also an incomparable beauty flower. With its refreshing and invigorating effect on the skin, it is an important ingredient in numerous beauty and care products for the face and body: from tonics and facial waters to body sprays, perfume and eau de toilette, the rose is included in many cosmetic products.<\/p><p>The most important extracts from rose blossoms are rose oil and rose water. They have a refreshing, skin-soothing and even antiseptic effect, and their beguiling fragrance is attributed a harmonising effect not only in aromatherapy.<\/p><p>Rose cosmetics include not only skin care products but also hair rinses, mouthwashes, aroma inhalations, bath additives and nourishing soaps.<\/p>\t\t\t\t\t\t\t\t<\/div>\n\t\t\t\t<\/div>\n\t\t\t\t<\/div>\n\t\t\t\t\t<\/div>\n\t\t\t\t<\/div>\n\t\t<div class=\"elementor-element elementor-element-2b442f2 e-flex e-con-boxed e-con e-parent\" data-id=\"2b442f2\" data-element_type=\"container\" data-e-type=\"container\">\n\t\t\t\t\t<div class=\"e-con-inner\">\n\t\t<div class=\"elementor-element elementor-element-f9db620 e-con-full e-flex e-con e-child\" data-id=\"f9db620\" data-element_type=\"container\" data-e-type=\"container\">\n\t\t\t\t<div class=\"elementor-element elementor-element-f85c745 elementor-widget elementor-widget-heading\" data-id=\"f85c745\" data-element_type=\"widget\" data-e-type=\"widget\" data-widget_type=\"heading.default\">\n\t\t\t\t<div class=\"elementor-widget-container\">\n\t\t\t\t\t<h2 class=\"elementor-heading-title elementor-size-xl\">Included in:<\/h2>\t\t\t\t<\/div>\n\t\t\t\t<\/div>\n\t\t\t\t<div class=\"elementor-element elementor-element-2f82c45 elementor-widget elementor-widget-spacer\" data-id=\"2f82c45\" data-element_type=\"widget\" data-e-type=\"widget\" data-widget_type=\"spacer.default\">\n\t\t\t\t<div class=\"elementor-widget-container\">\n\t\t\t\t\t\t\t<div class=\"elementor-spacer\">\n\t\t\t<div class=\"elementor-spacer-inner\"><\/div>\n\t\t<\/div>\n\t\t\t\t\t\t<\/div>\n\t\t\t\t<\/div>\n\t\t\t\t<div class=\"elementor-element elementor-element-bb14fad elementor-product-loop-item--align-center elementor-grid-tablet-2 elementor-grid-mobile-1 elementor-grid-4 elementor-products-grid elementor-wc-products elementor-widget elementor-widget-woocommerce-products\" data-id=\"bb14fad\" data-element_type=\"widget\" data-e-type=\"widget\" data-widget_type=\"woocommerce-products.default\">\n\t\t\t\t<div class=\"elementor-widget-container\">\n\t\t\t\t\t<div class=\"woocommerce columns-4\"><ul class=\"products elementor-grid columns-4\">\n<li class=\"product type-product post-1068 status-publish first outofstock product_cat-hygiene product_cat-seife product_tag-rose product_tag-rosen-seife product_tag-rosenseife product_tag-rosenseife-kaufen product_tag-seife-rose has-post-thumbnail taxable shipping-taxable purchasable product-type-variable has-default-attributes\">\n\t<a href=\"https:\/\/blidor.ch\/en\/webshop\/seife-rose\/\" class=\"woocommerce-LoopProduct-link woocommerce-loop-product__link\"><img decoding=\"async\" width=\"300\" height=\"300\" src=\"https:\/\/blidor.ch\/wp-content\/uploads\/Rosenseife-kaufen-300x300.jpg\" class=\"attachment-woocommerce_thumbnail size-woocommerce_thumbnail\" alt=\"Buy Rose Soap\" srcset=\"https:\/\/blidor.ch\/wp-content\/uploads\/Rosenseife-kaufen-300x300.jpg 300w, https:\/\/blidor.ch\/wp-content\/uploads\/Rosenseife-kaufen-100x100.jpg 100w, https:\/\/blidor.ch\/wp-content\/uploads\/Rosenseife-kaufen-600x600.jpg 600w, https:\/\/blidor.ch\/wp-content\/uploads\/Rosenseife-kaufen-64x64.jpg 64w, https:\/\/blidor.ch\/wp-content\/uploads\/Rosenseife-kaufen-512x512.jpg 512w, https:\/\/blidor.ch\/wp-content\/uploads\/Rosenseife-kaufen-1152x1152.jpg 1152w, https:\/\/blidor.ch\/wp-content\/uploads\/Rosenseife-kaufen-256x256.jpg 256w, https:\/\/blidor.ch\/wp-content\/uploads\/Rosenseife-kaufen-768x768.jpg 768w, https:\/\/blidor.ch\/wp-content\/uploads\/Rosenseife-kaufen.jpg 1200w\" sizes=\"(max-width: 300px) 100vw, 300px\" \/><h2 class=\"woocommerce-loop-product__title\">Soap Rose<\/h2>\n\t<span class=\"price\"><span class=\"woocommerce-Price-amount amount\"><bdi><span class=\"woocommerce-Price-currencySymbol\">&#67;&#72;&#70;<\/span>&nbsp;38.80<\/bdi><\/span> <small class=\"woocommerce-price-suffix\">incl. VAT<\/small><\/span>\n<\/a><div class=\"woocommerce-loop-product__buttons\"><a href=\"https:\/\/blidor.ch\/en\/webshop\/seife-rose\/\" aria-describedby=\"woocommerce_loop_add_to_cart_link_describedby_1068\" data-quantity=\"1\" class=\"button product_type_variable\" data-product_id=\"1068\" data-product_sku=\"\" aria-label=\"Select options for \u201cSeife Rose\u201d\" rel=\"nofollow\" data-no-translation=\"\" data-trp-gettext=\"\" data-no-translation-aria-label=\"\">Select options<\/a><\/div>\t<span id=\"woocommerce_loop_add_to_cart_link_describedby_1068\" class=\"screen-reader-text\">\n\t\tThis product has multiple variants. The options may be chosen on the product page\t<\/span>\n<span class=\"gtm4wp_productdata\" style=\"display:none; visibility:hidden;\" data-gtm4wp_product_data=\"{&quot;internal_id&quot;:1068,&quot;item_id&quot;:1068,&quot;item_name&quot;:&quot;Seife Rose&quot;,&quot;sku&quot;:1068,&quot;price&quot;:38.7999999999999971578290569595992565155029296875,&quot;stocklevel&quot;:null,&quot;stockstatus&quot;:&quot;outofstock&quot;,&quot;google_business_vertical&quot;:&quot;retail&quot;,&quot;item_category&quot;:&quot;Seife&quot;,&quot;id&quot;:1068,&quot;productlink&quot;:&quot;https:\\\/\\\/blidor.ch\\\/en\\\/webshop\\\/seife-rose\\\/&quot;,&quot;item_list_name&quot;:&quot;General Product List&quot;,&quot;index&quot;:1,&quot;product_type&quot;:&quot;variable&quot;,&quot;item_brand&quot;:&quot;&quot;}\"><\/span><\/li>\n<li class=\"product type-product post-1119 status-publish instock product_cat-haar product_cat-kosmetik product_tag-rosen-shampoo product_tag-rosenextrakt product_tag-shampoo-ohne-mikroplastik product_tag-shampoo-ohne-silikon has-post-thumbnail taxable shipping-taxable purchasable product-type-simple\">\n\t<a href=\"https:\/\/blidor.ch\/en\/webshop\/shampoo-rose\/\" class=\"woocommerce-LoopProduct-link woocommerce-loop-product__link\"><img decoding=\"async\" width=\"300\" height=\"300\" src=\"https:\/\/blidor.ch\/wp-content\/uploads\/Rosen-Shampoo-300x300.jpg\" class=\"attachment-woocommerce_thumbnail size-woocommerce_thumbnail\" alt=\"Rose Shampoo\" srcset=\"https:\/\/blidor.ch\/wp-content\/uploads\/Rosen-Shampoo-300x300.jpg 300w, https:\/\/blidor.ch\/wp-content\/uploads\/Rosen-Shampoo-100x100.jpg 100w, https:\/\/blidor.ch\/wp-content\/uploads\/Rosen-Shampoo-600x600.jpg 600w, https:\/\/blidor.ch\/wp-content\/uploads\/Rosen-Shampoo-64x64.jpg 64w, https:\/\/blidor.ch\/wp-content\/uploads\/Rosen-Shampoo-512x512.jpg 512w, https:\/\/blidor.ch\/wp-content\/uploads\/Rosen-Shampoo-1152x1152.jpg 1152w, https:\/\/blidor.ch\/wp-content\/uploads\/Rosen-Shampoo-256x256.jpg 256w, https:\/\/blidor.ch\/wp-content\/uploads\/Rosen-Shampoo-768x768.jpg 768w, https:\/\/blidor.ch\/wp-content\/uploads\/Rosen-Shampoo.jpg 1200w\" sizes=\"(max-width: 300px) 100vw, 300px\" \/><h2 class=\"woocommerce-loop-product__title\">Rose Shampoo<\/h2><div class=\"star-rating\" role=\"img\" aria-label=\"Rated 5.00 out of 5\" data-no-translation-aria-label=\"\"><span style=\"width:100%\" data-no-translation=\"\" data-trp-gettext=\"\">Rated <strong class=\"rating\">5.00<\/strong> out of 5<\/span><\/div>\n\t<span class=\"price\"><span class=\"woocommerce-Price-amount amount\"><bdi><span class=\"woocommerce-Price-currencySymbol\">&#67;&#72;&#70;<\/span>&nbsp;25.90<\/bdi><\/span> <small class=\"woocommerce-price-suffix\">incl. VAT<\/small><\/span>\n<\/a><div class=\"woocommerce-loop-product__buttons\"><a href=\"\/en\/wp-json\/wp\/v2\/pages\/15724?add-to-cart=1119\" aria-describedby=\"woocommerce_loop_add_to_cart_link_describedby_1119\" data-quantity=\"1\" class=\"button product_type_simple add_to_cart_button ajax_add_to_cart\" data-product_id=\"1119\" data-product_sku=\"5201\" aria-label=\"Add to basket: \u201cRosen Shampoo\u201d\" rel=\"nofollow\" data-success_message=\"\u201cRosen Shampoo\u201d has been added to your basket\" role=\"button\" data-no-translation=\"\" data-trp-gettext=\"\" data-no-translation-aria-label=\"\" data-no-translation-data-success_message=\"\">Add to basket<\/a><\/div>\t<span id=\"woocommerce_loop_add_to_cart_link_describedby_1119\" class=\"screen-reader-text\">\n\t\t\t<\/span>\n<span class=\"gtm4wp_productdata\" style=\"display:none; visibility:hidden;\" data-gtm4wp_product_data=\"{&quot;internal_id&quot;:1119,&quot;item_id&quot;:&quot;5201&quot;,&quot;item_name&quot;:&quot;Rosen Shampoo&quot;,&quot;sku&quot;:&quot;5201&quot;,&quot;price&quot;:25.89999999999999857891452847979962825775146484375,&quot;stocklevel&quot;:null,&quot;stockstatus&quot;:&quot;instock&quot;,&quot;google_business_vertical&quot;:&quot;retail&quot;,&quot;item_category&quot;:&quot;Haar&quot;,&quot;id&quot;:&quot;5201&quot;,&quot;productlink&quot;:&quot;https:\\\/\\\/blidor.ch\\\/en\\\/webshop\\\/shampoo-rose\\\/&quot;,&quot;item_list_name&quot;:&quot;General Product List&quot;,&quot;index&quot;:2,&quot;product_type&quot;:&quot;simple&quot;,&quot;item_brand&quot;:&quot;&quot;}\"><\/span><\/li>\n<\/ul>\n<\/div>\t\t\t\t<\/div>\n\t\t\t\t<\/div>\n\t\t\t\t<div class=\"elementor-element elementor-element-a34f206 elementor-widget elementor-widget-spacer\" data-id=\"a34f206\" data-element_type=\"widget\" data-e-type=\"widget\" data-widget_type=\"spacer.default\">\n\t\t\t\t<div class=\"elementor-widget-container\">\n\t\t\t\t\t\t\t<div class=\"elementor-spacer\">\n\t\t\t<div class=\"elementor-spacer-inner\"><\/div>\n\t\t<\/div>\n\t\t\t\t\t\t<\/div>\n\t\t\t\t<\/div>\n\t\t\t\t<\/div>\n\t\t\t\t\t<\/div>\n\t\t\t\t<\/div>\n\t\t\t\t<\/div>","protected":false},"excerpt":{"rendered":"<p>Inhaltsstoffe Wissenschaftlicher Name: Rosa Centifolia Ursprung: pflanzlichFamilie: Rosaceae, Rosengew\u00e4chseKategorie: Heilpflanze Verwendung, Wirkung und Gewinnung In der Naturkosmetik werden Rosen\u00f6l, Rosencreme und Rosenwasser vielseitig eingesetzt, beispielsweise als Gesichtswasser, K\u00f6rper\u00f6le und als wichtige Bestandteile von Parfum. Rosen\u00f6l enth\u00e4lt wertvolle Fetts\u00e4uren und Vitamine. Die Essenz der Rosen wirkt beruhigend, harmonisierend, straffend und spendet Feuchtigkeit. Das wertvolle Rosen\u00f6l wird [&hellip;]<\/p>\n","protected":false},"author":4,"featured_media":15425,"parent":0,"menu_order":0,"comment_status":"closed","ping_status":"closed","template":"","meta":{"footnotes":""},"class_list":["post-15724","page","type-page","status-publish","has-post-thumbnail","hentry"],"_links":{"self":[{"href":"https:\/\/blidor.ch\/en\/wp-json\/wp\/v2\/pages\/15724","targetHints":{"allow":["GET"]}}],"collection":[{"href":"https:\/\/blidor.ch\/en\/wp-json\/wp\/v2\/pages"}],"about":[{"href":"https:\/\/blidor.ch\/en\/wp-json\/wp\/v2\/types\/page"}],"author":[{"embeddable":true,"href":"https:\/\/blidor.ch\/en\/wp-json\/wp\/v2\/users\/4"}],"replies":[{"embeddable":true,"href":"https:\/\/blidor.ch\/en\/wp-json\/wp\/v2\/comments?post=15724"}],"version-history":[{"count":0,"href":"https:\/\/blidor.ch\/en\/wp-json\/wp\/v2\/pages\/15724\/revisions"}],"wp:featuredmedia":[{"embeddable":true,"href":"https:\/\/blidor.ch\/en\/wp-json\/wp\/v2\/media\/15425"}],"wp:attachment":[{"href":"https:\/\/blidor.ch\/en\/wp-json\/wp\/v2\/media?parent=15724"}],"curies":[{"name":"wp","href":"https:\/\/api.w.org\/{rel}","templated":true}]}}