{"id":15606,"date":"2023-03-22T16:41:21","date_gmt":"2023-03-22T15:41:21","guid":{"rendered":"https:\/\/blidor.ch\/?page_id=15606"},"modified":"2023-11-08T09:33:15","modified_gmt":"2023-11-08T08:33:15","slug":"king-candle","status":"publish","type":"page","link":"https:\/\/blidor.ch\/en\/koenigskerze\/","title":{"rendered":"Mullein"},"content":{"rendered":"<div data-elementor-type=\"wp-page\" data-elementor-id=\"15606\" class=\"elementor elementor-15606\" data-elementor-post-type=\"page\">\n\t\t\t\t<div class=\"elementor-element elementor-element-2537f44 e-flex e-con-boxed e-con e-parent\" data-id=\"2537f44\" data-element_type=\"container\" data-e-type=\"container\">\n\t\t\t\t\t<div class=\"e-con-inner\">\n\t\t<div class=\"elementor-element elementor-element-65a01d8 e-con-full e-flex e-con e-child\" data-id=\"65a01d8\" data-element_type=\"container\" data-e-type=\"container\">\n\t\t\t\t<div class=\"elementor-element elementor-element-c65fb30 elementor-widget elementor-widget-spacer\" data-id=\"c65fb30\" data-element_type=\"widget\" data-e-type=\"widget\" data-widget_type=\"spacer.default\">\n\t\t\t\t<div class=\"elementor-widget-container\">\n\t\t\t\t\t\t\t<div class=\"elementor-spacer\">\n\t\t\t<div class=\"elementor-spacer-inner\"><\/div>\n\t\t<\/div>\n\t\t\t\t\t\t<\/div>\n\t\t\t\t<\/div>\n\t\t\t\t<\/div>\n\t\t\t\t\t<\/div>\n\t\t\t\t<\/div>\n\t\t<div class=\"elementor-element elementor-element-8409784 e-flex e-con-boxed e-con e-parent\" data-id=\"8409784\" data-element_type=\"container\" data-e-type=\"container\">\n\t\t\t\t\t<div class=\"e-con-inner\">\n\t\t<div class=\"elementor-element elementor-element-28e56ad e-con-full e-flex e-con e-child\" data-id=\"28e56ad\" data-element_type=\"container\" data-e-type=\"container\">\n\t\t\t\t<div class=\"elementor-element elementor-element-6ccf178 elementor-align-left elementor-tablet-align-center elementor-mobile-align-center elementor-widget elementor-widget-button\" data-id=\"6ccf178\" data-element_type=\"widget\" data-e-type=\"widget\" data-widget_type=\"button.default\">\n\t\t\t\t<div class=\"elementor-widget-container\">\n\t\t\t\t\t\t\t\t\t<div class=\"elementor-button-wrapper\">\n\t\t\t\t\t<a class=\"elementor-button elementor-button-link elementor-size-sm\" href=\"\/en\/ingredients\/\">\n\t\t\t\t\t\t<span class=\"elementor-button-content-wrapper\">\n\t\t\t\t\t\t<span class=\"elementor-button-icon\">\n\t\t\t\t<svg aria-hidden=\"true\" class=\"e-font-icon-svg e-fas-angle-double-left\" viewbox=\"0 0 448 512\" xmlns=\"http:\/\/www.w3.org\/2000\/svg\"><path d=\"M223.7 239l136-136c9.4-9.4 24.6-9.4 33.9 0l22.6 22.6c9.4 9.4 9.4 24.6 0 33.9L319.9 256l96.4 96.4c9.4 9.4 9.4 24.6 0 33.9L393.7 409c-9.4 9.4-24.6 9.4-33.9 0l-136-136c-9.5-9.4-9.5-24.6-.1-34zm-192 34l136 136c9.4 9.4 24.6 9.4 33.9 0l22.6-22.6c9.4-9.4 9.4-24.6 0-33.9L127.9 256l96.4-96.4c9.4-9.4 9.4-24.6 0-33.9L201.7 103c-9.4-9.4-24.6-9.4-33.9 0l-136 136c-9.5 9.4-9.5 24.6-.1 34z\"><\/path><\/svg>\t\t\t<\/span>\n\t\t\t\t\t\t\t\t\t<span class=\"elementor-button-text\">Ingredients<\/span>\n\t\t\t\t\t<\/span>\n\t\t\t\t\t<\/a>\n\t\t\t\t<\/div>\n\t\t\t\t\t\t\t\t<\/div>\n\t\t\t\t<\/div>\n\t\t\t\t<\/div>\n\t\t\t\t\t<\/div>\n\t\t\t\t<\/div>\n\t\t<div class=\"elementor-element elementor-element-93be3a1 e-flex e-con-boxed e-con e-parent\" data-id=\"93be3a1\" data-element_type=\"container\" data-e-type=\"container\">\n\t\t\t\t\t<div class=\"e-con-inner\">\n\t\t<div class=\"elementor-element elementor-element-36b8818 e-con-full e-flex e-con e-child\" data-id=\"36b8818\" data-element_type=\"container\" data-e-type=\"container\">\n\t\t\t\t<div class=\"elementor-element elementor-element-08c55d5 elementor-widget elementor-widget-image\" data-id=\"08c55d5\" data-element_type=\"widget\" data-e-type=\"widget\" data-widget_type=\"image.default\">\n\t\t\t\t<div class=\"elementor-widget-container\">\n\t\t\t\t\t\t\t\t\t\t\t\t\t\t\t<img fetchpriority=\"high\" decoding=\"async\" width=\"800\" height=\"800\" src=\"https:\/\/blidor.ch\/wp-content\/uploads\/koenigskerze-1200px-1152x1152.jpg\" class=\"attachment-large size-large wp-image-15454\" alt=\"\" srcset=\"https:\/\/blidor.ch\/wp-content\/uploads\/koenigskerze-1200px-1152x1152.jpg 1152w, https:\/\/blidor.ch\/wp-content\/uploads\/koenigskerze-1200px-512x512.jpg 512w, https:\/\/blidor.ch\/wp-content\/uploads\/koenigskerze-1200px-256x256.jpg 256w, https:\/\/blidor.ch\/wp-content\/uploads\/koenigskerze-1200px-768x768.jpg 768w, https:\/\/blidor.ch\/wp-content\/uploads\/koenigskerze-1200px-12x12.jpg 12w, https:\/\/blidor.ch\/wp-content\/uploads\/koenigskerze-1200px-300x300.jpg 300w, https:\/\/blidor.ch\/wp-content\/uploads\/koenigskerze-1200px-600x600.jpg 600w, https:\/\/blidor.ch\/wp-content\/uploads\/koenigskerze-1200px-100x100.jpg 100w, https:\/\/blidor.ch\/wp-content\/uploads\/koenigskerze-1200px-64x64.jpg 64w, https:\/\/blidor.ch\/wp-content\/uploads\/koenigskerze-1200px.jpg 1200w\" sizes=\"(max-width: 800px) 100vw, 800px\" \/>\t\t\t\t\t\t\t\t\t\t\t\t\t\t\t<\/div>\n\t\t\t\t<\/div>\n\t\t\t\t<\/div>\n\t\t<div class=\"elementor-element elementor-element-3b03ee0 e-con-full e-flex e-con e-child\" data-id=\"3b03ee0\" data-element_type=\"container\" data-e-type=\"container\">\n\t\t\t\t<div class=\"elementor-element elementor-element-c0f861e elementor-widget elementor-widget-heading\" data-id=\"c0f861e\" data-element_type=\"widget\" data-e-type=\"widget\" data-widget_type=\"heading.default\">\n\t\t\t\t<div class=\"elementor-widget-container\">\n\t\t\t\t\t<h2 class=\"elementor-heading-title elementor-size-xxl\">Mullein<\/h2>\t\t\t\t<\/div>\n\t\t\t\t<\/div>\n\t\t\t\t<div class=\"elementor-element elementor-element-82bd50f elementor-widget elementor-widget-text-editor\" data-id=\"82bd50f\" data-element_type=\"widget\" data-e-type=\"widget\" data-widget_type=\"text-editor.default\">\n\t\t\t\t<div class=\"elementor-widget-container\">\n\t\t\t\t\t\t\t\t\t<p>Scientific name: <strong>Verbascum thapsus<\/strong><\/p><p>Origin: <strong>herbal<br \/><\/strong>Family: <strong>Scrophulariaceae, Brownroot family<br \/><\/strong>Category: <strong>Medicinal plant<\/strong><\/p>\t\t\t\t\t\t\t\t<\/div>\n\t\t\t\t<\/div>\n\t\t\t\t<\/div>\n\t\t\t\t\t<\/div>\n\t\t\t\t<\/div>\n\t\t<div class=\"elementor-element elementor-element-585bd63 e-flex e-con-boxed e-con e-parent\" data-id=\"585bd63\" data-element_type=\"container\" data-e-type=\"container\">\n\t\t\t\t\t<div class=\"e-con-inner\">\n\t\t<div class=\"elementor-element elementor-element-6aa19d6 e-con-full e-flex e-con e-child\" data-id=\"6aa19d6\" data-element_type=\"container\" data-e-type=\"container\">\n\t\t\t\t<div class=\"elementor-element elementor-element-ebf3ddb elementor-widget elementor-widget-heading\" data-id=\"ebf3ddb\" data-element_type=\"widget\" data-e-type=\"widget\" data-widget_type=\"heading.default\">\n\t\t\t\t<div class=\"elementor-widget-container\">\n\t\t\t\t\t<h2 class=\"elementor-heading-title elementor-size-xl\">Use<\/h2>\t\t\t\t<\/div>\n\t\t\t\t<\/div>\n\t\t\t\t<div class=\"elementor-element elementor-element-f7d912e elementor-widget elementor-widget-text-editor\" data-id=\"f7d912e\" data-element_type=\"widget\" data-e-type=\"widget\" data-widget_type=\"text-editor.default\">\n\t\t\t\t<div class=\"elementor-widget-container\">\n\t\t\t\t\t\t\t\t\t<p>In folk medicine, mullein is known for its many uses. It is used as a diuretic and in anti-rheumatic teas. In cases of hoarseness, mullein can help to soothe inflamed mucous membranes. Mullein is also used externally as a gargle or to promote wound healing.<\/p>\t\t\t\t\t\t\t\t<\/div>\n\t\t\t\t<\/div>\n\t\t\t\t<div class=\"elementor-element elementor-element-ede1e3e elementor-widget elementor-widget-spacer\" data-id=\"ede1e3e\" data-element_type=\"widget\" data-e-type=\"widget\" data-widget_type=\"spacer.default\">\n\t\t\t\t<div class=\"elementor-widget-container\">\n\t\t\t\t\t\t\t<div class=\"elementor-spacer\">\n\t\t\t<div class=\"elementor-spacer-inner\"><\/div>\n\t\t<\/div>\n\t\t\t\t\t\t<\/div>\n\t\t\t\t<\/div>\n\t\t\t\t<div class=\"elementor-element elementor-element-1c3a7a0 elementor-widget elementor-widget-heading\" data-id=\"1c3a7a0\" data-element_type=\"widget\" data-e-type=\"widget\" data-widget_type=\"heading.default\">\n\t\t\t\t<div class=\"elementor-widget-container\">\n\t\t\t\t\t<h2 class=\"elementor-heading-title elementor-size-xl\">Ingredients according to INCI<\/h2>\t\t\t\t<\/div>\n\t\t\t\t<\/div>\n\t\t\t\t<div class=\"elementor-element elementor-element-26c4cba elementor-widget elementor-widget-text-editor\" data-id=\"26c4cba\" data-element_type=\"widget\" data-e-type=\"widget\" data-widget_type=\"text-editor.default\">\n\t\t\t\t<div class=\"elementor-widget-container\">\n\t\t\t\t\t\t\t\t\t<p><strong>VERBASCUM THAPSUS EXTRACT<\/strong> - Extract from the plant<br \/><strong>VERBASCUM THAPSUS LEAF EXTRACT<\/strong> - Extract from the leaves<\/p>\t\t\t\t\t\t\t\t<\/div>\n\t\t\t\t<\/div>\n\t\t\t\t<\/div>\n\t\t<div class=\"elementor-element elementor-element-369b6c1 e-con-full e-flex e-con e-child\" data-id=\"369b6c1\" data-element_type=\"container\" data-e-type=\"container\">\n\t\t\t\t<div class=\"elementor-element elementor-element-b8ab8d5 elementor-widget elementor-widget-heading\" data-id=\"b8ab8d5\" data-element_type=\"widget\" data-e-type=\"widget\" data-widget_type=\"heading.default\">\n\t\t\t\t<div class=\"elementor-widget-container\">\n\t\t\t\t\t<h2 class=\"elementor-heading-title elementor-size-xl\">Effect<\/h2>\t\t\t\t<\/div>\n\t\t\t\t<\/div>\n\t\t\t\t<div class=\"elementor-element elementor-element-8b7daa0 elementor-widget elementor-widget-text-editor\" data-id=\"8b7daa0\" data-element_type=\"widget\" data-e-type=\"widget\" data-widget_type=\"text-editor.default\">\n\t\t\t\t<div class=\"elementor-widget-container\">\n\t\t\t\t\t\t\t\t\t<p>Mullein, an ancient and valuable medicinal plant, is rich in saponins, flavonoids and mucilage. These ingredients make it a well-tolerated remedy for coughs and hoarseness, as they achieve a unique effect that is soothing and anti-inflammatory. With aucubin as an additional active ingredient, mullein also has germ-inhibiting properties and can inhibit the growth of bacteria such as streptococci. Thus, the mild medicinal plant is not only gentle in its mode of action, but also anti-inflammatory.<\/p>\t\t\t\t\t\t\t\t<\/div>\n\t\t\t\t<\/div>\n\t\t\t\t<div class=\"elementor-element elementor-element-d43f01c elementor-widget elementor-widget-spacer\" data-id=\"d43f01c\" data-element_type=\"widget\" data-e-type=\"widget\" data-widget_type=\"spacer.default\">\n\t\t\t\t<div class=\"elementor-widget-container\">\n\t\t\t\t\t\t\t<div class=\"elementor-spacer\">\n\t\t\t<div class=\"elementor-spacer-inner\"><\/div>\n\t\t<\/div>\n\t\t\t\t\t\t<\/div>\n\t\t\t\t<\/div>\n\t\t\t\t<div class=\"elementor-element elementor-element-dfdc830 elementor-widget elementor-widget-heading\" data-id=\"dfdc830\" data-element_type=\"widget\" data-e-type=\"widget\" data-widget_type=\"heading.default\">\n\t\t\t\t<div class=\"elementor-widget-container\">\n\t\t\t\t\t<h2 class=\"elementor-heading-title elementor-size-xl\">Origin<\/h2>\t\t\t\t<\/div>\n\t\t\t\t<\/div>\n\t\t\t\t<div class=\"elementor-element elementor-element-a26b6d5 elementor-widget elementor-widget-text-editor\" data-id=\"a26b6d5\" data-element_type=\"widget\" data-e-type=\"widget\" data-widget_type=\"text-editor.default\">\n\t\t\t\t<div class=\"elementor-widget-container\">\n\t\t\t\t\t\t\t\t\t<p>The small-flowered mullein is found in a wide distribution area that includes almost all of Europe, Macaronesia, Algeria, Morocco, West and Central Asia, the Caucasus region, Siberia, China, India, Nepal, Bhutan and Pakistan. It thrives on sunny, stony and moderately dry sites such as roadsides, ruderal sites such as gravel pits and gravel plots, forest clearings as well as dams and banks. Due to its characteristic as a nitrification indicator, the plant can also serve as an indicator for the nitrogen content of the soil. In the Allg\u00e4u Alps, it occurs in the Tyrolean part between Elbigenalp and Bernhardseck at up to 1550 m above sea level. In Central Europe, it is typically part of the Atropetalia order.<\/p>\t\t\t\t\t\t\t\t<\/div>\n\t\t\t\t<\/div>\n\t\t\t\t<\/div>\n\t\t\t\t\t<\/div>\n\t\t\t\t<\/div>\n\t\t<div class=\"elementor-element elementor-element-bf90284 e-flex e-con-boxed e-con e-parent\" data-id=\"bf90284\" data-element_type=\"container\" data-e-type=\"container\">\n\t\t\t\t\t<div class=\"e-con-inner\">\n\t\t<div class=\"elementor-element elementor-element-def9400 e-con-full e-flex e-con e-child\" data-id=\"def9400\" data-element_type=\"container\" data-e-type=\"container\">\n\t\t\t\t<div class=\"elementor-element elementor-element-e1355f0 elementor-widget elementor-widget-heading\" data-id=\"e1355f0\" data-element_type=\"widget\" data-e-type=\"widget\" data-widget_type=\"heading.default\">\n\t\t\t\t<div class=\"elementor-widget-container\">\n\t\t\t\t\t<h2 class=\"elementor-heading-title elementor-size-xl\">Included in:<\/h2>\t\t\t\t<\/div>\n\t\t\t\t<\/div>\n\t\t\t\t<div class=\"elementor-element elementor-element-8c2e036 elementor-widget elementor-widget-spacer\" data-id=\"8c2e036\" data-element_type=\"widget\" data-e-type=\"widget\" data-widget_type=\"spacer.default\">\n\t\t\t\t<div class=\"elementor-widget-container\">\n\t\t\t\t\t\t\t<div class=\"elementor-spacer\">\n\t\t\t<div class=\"elementor-spacer-inner\"><\/div>\n\t\t<\/div>\n\t\t\t\t\t\t<\/div>\n\t\t\t\t<\/div>\n\t\t\t\t<div class=\"elementor-element elementor-element-3b03dca elementor-product-loop-item--align-center elementor-grid-tablet-2 elementor-grid-mobile-1 elementor-grid-4 elementor-products-grid elementor-wc-products elementor-widget elementor-widget-woocommerce-products\" data-id=\"3b03dca\" data-element_type=\"widget\" data-e-type=\"widget\" data-widget_type=\"woocommerce-products.default\">\n\t\t\t\t<div class=\"elementor-widget-container\">\n\t\t\t\t\t<div class=\"woocommerce columns-4\"><ul class=\"products elementor-grid columns-4\">\n<li class=\"product type-product post-1123 status-publish first instock product_cat-haar product_cat-kosmetik product_tag-koenigskerze product_tag-koenigskerze-inhaltsstoffe product_tag-shampoo-ohne-mikroplastik has-post-thumbnail taxable shipping-taxable purchasable product-type-variable has-default-attributes\">\n\t<a href=\"https:\/\/blidor.ch\/en\/webshop\/shampoo-koenigskerze\/\" class=\"woocommerce-LoopProduct-link woocommerce-loop-product__link\"><img decoding=\"async\" width=\"300\" height=\"300\" src=\"https:\/\/blidor.ch\/wp-content\/uploads\/shampoo-koenigskerze-300x300.jpg\" class=\"attachment-woocommerce_thumbnail size-woocommerce_thumbnail\" alt=\"Shampoo mullein\" srcset=\"https:\/\/blidor.ch\/wp-content\/uploads\/shampoo-koenigskerze-300x300.jpg 300w, https:\/\/blidor.ch\/wp-content\/uploads\/shampoo-koenigskerze-512x512.jpg 512w, https:\/\/blidor.ch\/wp-content\/uploads\/shampoo-koenigskerze-1152x1152.jpg 1152w, https:\/\/blidor.ch\/wp-content\/uploads\/shampoo-koenigskerze-256x256.jpg 256w, https:\/\/blidor.ch\/wp-content\/uploads\/shampoo-koenigskerze-768x768.jpg 768w, https:\/\/blidor.ch\/wp-content\/uploads\/shampoo-koenigskerze-1536x1536.jpg 1536w, https:\/\/blidor.ch\/wp-content\/uploads\/shampoo-koenigskerze-12x12.jpg 12w, https:\/\/blidor.ch\/wp-content\/uploads\/shampoo-koenigskerze-600x600.jpg 600w, https:\/\/blidor.ch\/wp-content\/uploads\/shampoo-koenigskerze-100x100.jpg 100w, https:\/\/blidor.ch\/wp-content\/uploads\/shampoo-koenigskerze-64x64.jpg 64w, https:\/\/blidor.ch\/wp-content\/uploads\/shampoo-koenigskerze.jpg 1920w\" sizes=\"(max-width: 300px) 100vw, 300px\" \/><h2 class=\"woocommerce-loop-product__title\">Shampoo mullein<\/h2>\n\t<span class=\"price\"><span class=\"woocommerce-Price-amount amount\" aria-hidden=\"true\"><bdi><span class=\"woocommerce-Price-currencySymbol\">&#67;&#72;&#70;<\/span>&nbsp;25.90<\/bdi><\/span> <span aria-hidden=\"true\">&ndash;<\/span> <span class=\"woocommerce-Price-amount amount\" aria-hidden=\"true\"><bdi><span class=\"woocommerce-Price-currencySymbol\">&#67;&#72;&#70;<\/span>&nbsp;66.00<\/bdi><\/span><span class=\"screen-reader-text\" data-no-translation=\"\" data-trp-gettext=\"\">Price range: &#67;&#72;&#70;&nbsp;25.90 through &#67;&#72;&#70;&nbsp;66.00<\/span> <small class=\"woocommerce-price-suffix\">incl. VAT<\/small><\/span>\n<\/a><div class=\"woocommerce-loop-product__buttons\"><a href=\"https:\/\/blidor.ch\/en\/webshop\/shampoo-koenigskerze\/\" aria-describedby=\"woocommerce_loop_add_to_cart_link_describedby_1123\" data-quantity=\"1\" class=\"button product_type_variable add_to_cart_button\" data-product_id=\"1123\" data-product_sku=\"\" aria-label=\"Select options for \u201cShampoo K\u00f6nigskerze\u201d\" rel=\"nofollow\" data-no-translation=\"\" data-trp-gettext=\"\" data-no-translation-aria-label=\"\">Select options<\/a><\/div>\t<span id=\"woocommerce_loop_add_to_cart_link_describedby_1123\" class=\"screen-reader-text\">\n\t\tThis product has multiple variants. The options may be chosen on the product page\t<\/span>\n<span class=\"gtm4wp_productdata\" style=\"display:none; visibility:hidden;\" data-gtm4wp_product_data=\"{&quot;internal_id&quot;:1123,&quot;item_id&quot;:1123,&quot;item_name&quot;:&quot;Shampoo K\\u00f6nigskerze&quot;,&quot;sku&quot;:1123,&quot;price&quot;:25.89999999999999857891452847979962825775146484375,&quot;stocklevel&quot;:null,&quot;stockstatus&quot;:&quot;instock&quot;,&quot;google_business_vertical&quot;:&quot;retail&quot;,&quot;item_category&quot;:&quot;Haar&quot;,&quot;id&quot;:1123,&quot;productlink&quot;:&quot;https:\\\/\\\/blidor.ch\\\/en\\\/webshop\\\/shampoo-koenigskerze\\\/&quot;,&quot;item_list_name&quot;:&quot;General Product List&quot;,&quot;index&quot;:1,&quot;product_type&quot;:&quot;variable&quot;,&quot;item_brand&quot;:&quot;&quot;}\"><\/span><\/li>\n<\/ul>\n<\/div>\t\t\t\t<\/div>\n\t\t\t\t<\/div>\n\t\t\t\t<div class=\"elementor-element elementor-element-c61b9ee elementor-widget elementor-widget-spacer\" data-id=\"c61b9ee\" data-element_type=\"widget\" data-e-type=\"widget\" data-widget_type=\"spacer.default\">\n\t\t\t\t<div class=\"elementor-widget-container\">\n\t\t\t\t\t\t\t<div class=\"elementor-spacer\">\n\t\t\t<div class=\"elementor-spacer-inner\"><\/div>\n\t\t<\/div>\n\t\t\t\t\t\t<\/div>\n\t\t\t\t<\/div>\n\t\t\t\t<\/div>\n\t\t\t\t\t<\/div>\n\t\t\t\t<\/div>\n\t\t\t\t<\/div>","protected":false},"excerpt":{"rendered":"<p>Inhaltsstoffe Wissenschaftlicher Name: Verbascum Thapsus Ursprung: pflanzlichFamilie: Scrophulariaceae, Braunwurzgew\u00e4chseKategorie: Heilpflanze Verwendung Die K\u00f6nigskerze ist in der Volksmedizin f\u00fcr ihre vielf\u00e4ltigen Anwendungsm\u00f6glichkeiten bekannt. So wird sie als harntreibendes Mittel eingesetzt und findet Verwendung in antirheumatischen Tees. Bei Heiserkeit kann die K\u00f6nigskerze dazu beitragen, entz\u00fcndete Schleimh\u00e4ute zu beruhigen. Auch als Gurgelmittel oder zur F\u00f6rderung der Wundheilung wird [&hellip;]<\/p>\n","protected":false},"author":4,"featured_media":15454,"parent":0,"menu_order":0,"comment_status":"closed","ping_status":"closed","template":"","meta":{"footnotes":""},"class_list":["post-15606","page","type-page","status-publish","has-post-thumbnail","hentry"],"_links":{"self":[{"href":"https:\/\/blidor.ch\/en\/wp-json\/wp\/v2\/pages\/15606","targetHints":{"allow":["GET"]}}],"collection":[{"href":"https:\/\/blidor.ch\/en\/wp-json\/wp\/v2\/pages"}],"about":[{"href":"https:\/\/blidor.ch\/en\/wp-json\/wp\/v2\/types\/page"}],"author":[{"embeddable":true,"href":"https:\/\/blidor.ch\/en\/wp-json\/wp\/v2\/users\/4"}],"replies":[{"embeddable":true,"href":"https:\/\/blidor.ch\/en\/wp-json\/wp\/v2\/comments?post=15606"}],"version-history":[{"count":0,"href":"https:\/\/blidor.ch\/en\/wp-json\/wp\/v2\/pages\/15606\/revisions"}],"wp:featuredmedia":[{"embeddable":true,"href":"https:\/\/blidor.ch\/en\/wp-json\/wp\/v2\/media\/15454"}],"wp:attachment":[{"href":"https:\/\/blidor.ch\/en\/wp-json\/wp\/v2\/media?parent=15606"}],"curies":[{"name":"wp","href":"https:\/\/api.w.org\/{rel}","templated":true}]}}