{"id":15270,"date":"2023-03-20T13:56:07","date_gmt":"2023-03-20T12:56:07","guid":{"rendered":"https:\/\/blidor.ch\/?page_id=15270"},"modified":"2024-05-14T08:24:36","modified_gmt":"2024-05-14T06:24:36","slug":"online-counselling","status":"publish","type":"page","link":"https:\/\/blidor.ch\/en\/online-beratung\/","title":{"rendered":"Online counselling"},"content":{"rendered":"<div data-elementor-type=\"wp-page\" data-elementor-id=\"15270\" class=\"elementor elementor-15270\" data-elementor-post-type=\"page\">\n\t\t\t\t<div class=\"elementor-element elementor-element-47d1010 e-flex e-con-boxed e-con e-parent\" data-id=\"47d1010\" data-element_type=\"container\" data-e-type=\"container\">\n\t\t\t\t\t<div class=\"e-con-inner\">\n\t\t<div class=\"elementor-element elementor-element-ae95b9e e-con-full e-flex e-con e-child\" data-id=\"ae95b9e\" data-element_type=\"container\" data-e-type=\"container\" data-settings=\"{&quot;background_background&quot;:&quot;classic&quot;}\">\n\t\t\t\t<div class=\"elementor-element elementor-element-7ba9d12 elementor-widget elementor-widget-heading\" data-id=\"7ba9d12\" data-element_type=\"widget\" data-e-type=\"widget\" data-widget_type=\"heading.default\">\n\t\t\t\t<div class=\"elementor-widget-container\">\n\t\t\t\t\t<h1 class=\"elementor-heading-title elementor-size-xxl\">Online counselling<\/h1>\t\t\t\t<\/div>\n\t\t\t\t<\/div>\n\t\t\t\t<div class=\"elementor-element elementor-element-9257828 elementor-widget elementor-widget-heading\" data-id=\"9257828\" data-element_type=\"widget\" data-e-type=\"widget\" data-widget_type=\"heading.default\">\n\t\t\t\t<div class=\"elementor-widget-container\">\n\t\t\t\t\t<h2 class=\"elementor-heading-title elementor-size-large\">for products, body areas, activities and ingredients.<\/h2>\t\t\t\t<\/div>\n\t\t\t\t<\/div>\n\t\t\t\t<\/div>\n\t\t\t\t\t<\/div>\n\t\t\t\t<\/div>\n\t\t<div class=\"elementor-element elementor-element-12c0ce3 e-flex e-con-boxed e-con e-parent\" data-id=\"12c0ce3\" data-element_type=\"container\" data-e-type=\"container\" data-settings=\"{&quot;background_background&quot;:&quot;classic&quot;}\">\n\t\t\t\t\t<div class=\"e-con-inner\">\n\t\t<div class=\"elementor-element elementor-element-09782ea e-con-full e-flex e-con e-child\" data-id=\"09782ea\" data-element_type=\"container\" data-e-type=\"container\">\n\t\t\t\t<\/div>\n\t\t\t\t\t<\/div>\n\t\t\t\t<\/div>\n\t\t<div class=\"elementor-element elementor-element-57b3218 e-flex e-con-boxed e-con e-parent\" data-id=\"57b3218\" data-element_type=\"container\" data-e-type=\"container\">\n\t\t\t\t\t<div class=\"e-con-inner\">\n\t\t<div class=\"elementor-element elementor-element-288011a e-con-full e-flex e-con e-child\" data-id=\"288011a\" data-element_type=\"container\" data-e-type=\"container\">\n\t\t\t\t<div class=\"elementor-element elementor-element-a44ea7b big-title elementor-widget elementor-widget-heading\" data-id=\"a44ea7b\" data-element_type=\"widget\" data-e-type=\"widget\" data-widget_type=\"heading.default\">\n\t\t\t\t<div class=\"elementor-widget-container\">\n\t\t\t\t\t<h2 class=\"elementor-heading-title elementor-size-default\">How can we help you?<\/h2>\t\t\t\t<\/div>\n\t\t\t\t<\/div>\n\t\t\t\t<div class=\"elementor-element elementor-element-3ba9096 elementor-widget elementor-widget-text-editor\" data-id=\"3ba9096\" data-element_type=\"widget\" data-e-type=\"widget\" data-widget_type=\"text-editor.default\">\n\t\t\t\t<div class=\"elementor-widget-container\">\n\t\t\t\t\t\t\t\t\t<p>We used to come directly to your home with a suitcase filled with product testers and lots of information. For ecological reasons, too, we now use other means of contact. We are happy to advise you personally on the phone, by e-mail or you can try to find the information you need online.&nbsp;&nbsp;<\/p>\t\t\t\t\t\t\t\t<\/div>\n\t\t\t\t<\/div>\n\t\t\t\t<\/div>\n\t\t\t\t\t<\/div>\n\t\t\t\t<\/div>\n\t\t<div class=\"elementor-element elementor-element-cd5b4c8 e-flex e-con-boxed e-con e-parent\" data-id=\"cd5b4c8\" data-element_type=\"container\" data-e-type=\"container\">\n\t\t\t\t\t<div class=\"e-con-inner\">\n\t\t<div class=\"elementor-element elementor-element-89fb80f e-con-full e-flex e-con e-child\" data-id=\"89fb80f\" data-element_type=\"container\" data-e-type=\"container\">\n\t\t\t\t<div class=\"elementor-element elementor-element-6f46365 elementor-widget elementor-widget-image\" data-id=\"6f46365\" data-element_type=\"widget\" data-e-type=\"widget\" data-widget_type=\"image.default\">\n\t\t\t\t<div class=\"elementor-widget-container\">\n\t\t\t\t\t\t\t\t\t\t\t\t\t\t\t\t<a href=\"\/en\/ingredients\/\">\n\t\t\t\t\t\t\t<img fetchpriority=\"high\" decoding=\"async\" width=\"800\" height=\"800\" src=\"https:\/\/blidor.ch\/wp-content\/uploads\/avocado-1200px-1152x1152.jpg\" class=\"attachment-large size-large wp-image-15744\" alt=\"\" srcset=\"https:\/\/blidor.ch\/wp-content\/uploads\/avocado-1200px-1152x1152.jpg 1152w, https:\/\/blidor.ch\/wp-content\/uploads\/avocado-1200px-512x512.jpg 512w, https:\/\/blidor.ch\/wp-content\/uploads\/avocado-1200px-256x256.jpg 256w, https:\/\/blidor.ch\/wp-content\/uploads\/avocado-1200px-768x768.jpg 768w, https:\/\/blidor.ch\/wp-content\/uploads\/avocado-1200px-12x12.jpg 12w, https:\/\/blidor.ch\/wp-content\/uploads\/avocado-1200px-300x300.jpg 300w, https:\/\/blidor.ch\/wp-content\/uploads\/avocado-1200px-600x600.jpg 600w, https:\/\/blidor.ch\/wp-content\/uploads\/avocado-1200px-100x100.jpg 100w, https:\/\/blidor.ch\/wp-content\/uploads\/avocado-1200px-64x64.jpg 64w, https:\/\/blidor.ch\/wp-content\/uploads\/avocado-1200px.jpg 1200w\" sizes=\"(max-width: 800px) 100vw, 800px\" \/>\t\t\t\t\t\t\t\t<\/a>\n\t\t\t\t\t\t\t\t\t\t\t\t\t\t\t<\/div>\n\t\t\t\t<\/div>\n\t\t\t\t<div class=\"elementor-element elementor-element-779fc72 elementor-widget elementor-widget-heading\" data-id=\"779fc72\" data-element_type=\"widget\" data-e-type=\"widget\" data-widget_type=\"heading.default\">\n\t\t\t\t<div class=\"elementor-widget-container\">\n\t\t\t\t\t<h2 class=\"elementor-heading-title elementor-size-xl\"><a href=\"\/en\/ingredients\/\">Ingredients.<\/a><\/h2>\t\t\t\t<\/div>\n\t\t\t\t<\/div>\n\t\t\t\t<\/div>\n\t\t<div class=\"elementor-element elementor-element-3298de5 e-con-full e-flex e-con e-child\" data-id=\"3298de5\" data-element_type=\"container\" data-e-type=\"container\">\n\t\t\t\t<div class=\"elementor-element elementor-element-afc33fd elementor-widget elementor-widget-image\" data-id=\"afc33fd\" data-element_type=\"widget\" data-e-type=\"widget\" data-widget_type=\"image.default\">\n\t\t\t\t<div class=\"elementor-widget-container\">\n\t\t\t\t\t\t\t\t\t\t\t\t\t\t\t\t<a href=\"\/en\/products\/\">\n\t\t\t\t\t\t\t<img decoding=\"async\" width=\"800\" height=\"800\" src=\"https:\/\/blidor.ch\/wp-content\/uploads\/nolea-avocado-kombi-creme-lotion-1152x1152.jpg\" class=\"attachment-large size-large wp-image-17645\" alt=\"NOLEA Avocado product line, face cream, hand cream and body lotion. Natural cosmetics by Blidor AG.\" srcset=\"https:\/\/blidor.ch\/wp-content\/uploads\/nolea-avocado-kombi-creme-lotion-1152x1152.jpg 1152w, https:\/\/blidor.ch\/wp-content\/uploads\/nolea-avocado-kombi-creme-lotion-512x512.jpg 512w, https:\/\/blidor.ch\/wp-content\/uploads\/nolea-avocado-kombi-creme-lotion-256x256.jpg 256w, https:\/\/blidor.ch\/wp-content\/uploads\/nolea-avocado-kombi-creme-lotion-768x768.jpg 768w, https:\/\/blidor.ch\/wp-content\/uploads\/nolea-avocado-kombi-creme-lotion-1536x1536.jpg 1536w, https:\/\/blidor.ch\/wp-content\/uploads\/nolea-avocado-kombi-creme-lotion-12x12.jpg 12w, https:\/\/blidor.ch\/wp-content\/uploads\/nolea-avocado-kombi-creme-lotion-300x300.jpg 300w, https:\/\/blidor.ch\/wp-content\/uploads\/nolea-avocado-kombi-creme-lotion-600x600.jpg 600w, https:\/\/blidor.ch\/wp-content\/uploads\/nolea-avocado-kombi-creme-lotion-100x100.jpg 100w, https:\/\/blidor.ch\/wp-content\/uploads\/nolea-avocado-kombi-creme-lotion-64x64.jpg 64w, https:\/\/blidor.ch\/wp-content\/uploads\/nolea-avocado-kombi-creme-lotion.jpg 1920w\" sizes=\"(max-width: 800px) 100vw, 800px\" \/>\t\t\t\t\t\t\t\t<\/a>\n\t\t\t\t\t\t\t\t\t\t\t\t\t\t\t<\/div>\n\t\t\t\t<\/div>\n\t\t\t\t<div class=\"elementor-element elementor-element-b8066e4 elementor-widget elementor-widget-heading\" data-id=\"b8066e4\" data-element_type=\"widget\" data-e-type=\"widget\" data-widget_type=\"heading.default\">\n\t\t\t\t<div class=\"elementor-widget-container\">\n\t\t\t\t\t<h2 class=\"elementor-heading-title elementor-size-xl\"><a href=\"\/en\/products\/\">Products.<\/a><\/h2>\t\t\t\t<\/div>\n\t\t\t\t<\/div>\n\t\t\t\t<\/div>\n\t\t<div class=\"elementor-element elementor-element-19b7c61 e-con-full e-flex e-con e-child\" data-id=\"19b7c61\" data-element_type=\"container\" data-e-type=\"container\">\n\t\t\t\t<div class=\"elementor-element elementor-element-1c8fbf7 elementor-widget elementor-widget-image\" data-id=\"1c8fbf7\" data-element_type=\"widget\" data-e-type=\"widget\" data-widget_type=\"image.default\">\n\t\t\t\t<div class=\"elementor-widget-container\">\n\t\t\t\t\t\t\t\t\t\t\t\t\t\t\t\t<a href=\"\/en\/body-area\/\">\n\t\t\t\t\t\t\t<img decoding=\"async\" width=\"800\" height=\"800\" src=\"https:\/\/blidor.ch\/wp-content\/uploads\/koerperbereich-1200px-1152x1152.jpg\" class=\"attachment-large size-large wp-image-15292\" alt=\"\" srcset=\"https:\/\/blidor.ch\/wp-content\/uploads\/koerperbereich-1200px-1152x1152.jpg 1152w, https:\/\/blidor.ch\/wp-content\/uploads\/koerperbereich-1200px-512x512.jpg 512w, https:\/\/blidor.ch\/wp-content\/uploads\/koerperbereich-1200px-256x256.jpg 256w, https:\/\/blidor.ch\/wp-content\/uploads\/koerperbereich-1200px-768x768.jpg 768w, https:\/\/blidor.ch\/wp-content\/uploads\/koerperbereich-1200px-12x12.jpg 12w, https:\/\/blidor.ch\/wp-content\/uploads\/koerperbereich-1200px-300x300.jpg 300w, https:\/\/blidor.ch\/wp-content\/uploads\/koerperbereich-1200px-600x600.jpg 600w, https:\/\/blidor.ch\/wp-content\/uploads\/koerperbereich-1200px-100x100.jpg 100w, https:\/\/blidor.ch\/wp-content\/uploads\/koerperbereich-1200px-64x64.jpg 64w, https:\/\/blidor.ch\/wp-content\/uploads\/koerperbereich-1200px.jpg 1200w\" sizes=\"(max-width: 800px) 100vw, 800px\" \/>\t\t\t\t\t\t\t\t<\/a>\n\t\t\t\t\t\t\t\t\t\t\t\t\t\t\t<\/div>\n\t\t\t\t<\/div>\n\t\t\t\t<div class=\"elementor-element elementor-element-624c68c elementor-widget elementor-widget-heading\" data-id=\"624c68c\" data-element_type=\"widget\" data-e-type=\"widget\" data-widget_type=\"heading.default\">\n\t\t\t\t<div class=\"elementor-widget-container\">\n\t\t\t\t\t<h2 class=\"elementor-heading-title elementor-size-xl\"><a href=\"\/en\/body-area\/\">Body areas.<\/a><\/h2>\t\t\t\t<\/div>\n\t\t\t\t<\/div>\n\t\t\t\t<\/div>\n\t\t<div class=\"elementor-element elementor-element-4a40026 e-con-full e-flex e-con e-child\" data-id=\"4a40026\" data-element_type=\"container\" data-e-type=\"container\">\n\t\t\t\t<div class=\"elementor-element elementor-element-f4e4ebb elementor-widget elementor-widget-image\" data-id=\"f4e4ebb\" data-element_type=\"widget\" data-e-type=\"widget\" data-widget_type=\"image.default\">\n\t\t\t\t<div class=\"elementor-widget-container\">\n\t\t\t\t\t\t\t\t\t\t\t\t\t\t\t\t<a href=\"\/en\/activity\/\">\n\t\t\t\t\t\t\t<img loading=\"lazy\" decoding=\"async\" width=\"800\" height=\"800\" src=\"https:\/\/blidor.ch\/wp-content\/uploads\/taetigkeit-1200px-1-1152x1152.jpg\" class=\"attachment-large size-large wp-image-16361\" alt=\"\" srcset=\"https:\/\/blidor.ch\/wp-content\/uploads\/taetigkeit-1200px-1-1152x1152.jpg 1152w, https:\/\/blidor.ch\/wp-content\/uploads\/taetigkeit-1200px-1-512x512.jpg 512w, https:\/\/blidor.ch\/wp-content\/uploads\/taetigkeit-1200px-1-256x256.jpg 256w, https:\/\/blidor.ch\/wp-content\/uploads\/taetigkeit-1200px-1-768x768.jpg 768w, https:\/\/blidor.ch\/wp-content\/uploads\/taetigkeit-1200px-1-12x12.jpg 12w, https:\/\/blidor.ch\/wp-content\/uploads\/taetigkeit-1200px-1-300x300.jpg 300w, https:\/\/blidor.ch\/wp-content\/uploads\/taetigkeit-1200px-1-600x600.jpg 600w, https:\/\/blidor.ch\/wp-content\/uploads\/taetigkeit-1200px-1-100x100.jpg 100w, https:\/\/blidor.ch\/wp-content\/uploads\/taetigkeit-1200px-1-64x64.jpg 64w, https:\/\/blidor.ch\/wp-content\/uploads\/taetigkeit-1200px-1.jpg 1200w\" sizes=\"(max-width: 800px) 100vw, 800px\" \/>\t\t\t\t\t\t\t\t<\/a>\n\t\t\t\t\t\t\t\t\t\t\t\t\t\t\t<\/div>\n\t\t\t\t<\/div>\n\t\t\t\t<div class=\"elementor-element elementor-element-7b427b8 elementor-widget elementor-widget-heading\" data-id=\"7b427b8\" data-element_type=\"widget\" data-e-type=\"widget\" data-widget_type=\"heading.default\">\n\t\t\t\t<div class=\"elementor-widget-container\">\n\t\t\t\t\t<h2 class=\"elementor-heading-title elementor-size-xl\"><a href=\"\/en\/activity\/\">Activities.<\/a><\/h2>\t\t\t\t<\/div>\n\t\t\t\t<\/div>\n\t\t\t\t<\/div>\n\t\t\t\t\t<\/div>\n\t\t\t\t<\/div>\n\t\t<div class=\"elementor-element elementor-element-2347bf5 e-flex e-con-boxed e-con e-parent\" data-id=\"2347bf5\" data-element_type=\"container\" data-e-type=\"container\">\n\t\t\t\t\t<div class=\"e-con-inner\">\n\t\t<div class=\"elementor-element elementor-element-0ddb8ca e-con-full e-flex e-con e-child\" data-id=\"0ddb8ca\" data-element_type=\"container\" data-e-type=\"container\">\n\t\t\t\t<div class=\"elementor-element elementor-element-3207b63 elementor-widget elementor-widget-spacer\" data-id=\"3207b63\" data-element_type=\"widget\" data-e-type=\"widget\" data-widget_type=\"spacer.default\">\n\t\t\t\t<div class=\"elementor-widget-container\">\n\t\t\t\t\t\t\t<div class=\"elementor-spacer\">\n\t\t\t<div class=\"elementor-spacer-inner\"><\/div>\n\t\t<\/div>\n\t\t\t\t\t\t<\/div>\n\t\t\t\t<\/div>\n\t\t\t\t<\/div>\n\t\t\t\t\t<\/div>\n\t\t\t\t<\/div>\n\t\t\t\t<\/div>","protected":false},"excerpt":{"rendered":"<p>f\u00fcr Produkte, K\u00f6rperbereiche, T\u00e4tigkeiten und Inhaltsstoffe. Wie k\u00f6nnen wir dir weiterhelfen? Fr\u00fcher kamen wir direkt zu Euch nach Hause, mit einem Koffer, gef\u00fcllt mit Produkt-Testern und vielen Informationen dazu. Auch aus \u00f6kologischen Gr\u00fcnden nutzen wir heute andere Kontaktm\u00f6glichkeiten. Gerne beraten wir Dich pers\u00f6nlich am Telefon, per E-Mail oder Du probierst die gew\u00fcnschten Informationen online zu [&hellip;]<\/p>\n","protected":false},"author":4,"featured_media":0,"parent":0,"menu_order":0,"comment_status":"closed","ping_status":"closed","template":"","meta":{"footnotes":""},"class_list":["post-15270","page","type-page","status-publish","hentry"],"_links":{"self":[{"href":"https:\/\/blidor.ch\/en\/wp-json\/wp\/v2\/pages\/15270","targetHints":{"allow":["GET"]}}],"collection":[{"href":"https:\/\/blidor.ch\/en\/wp-json\/wp\/v2\/pages"}],"about":[{"href":"https:\/\/blidor.ch\/en\/wp-json\/wp\/v2\/types\/page"}],"author":[{"embeddable":true,"href":"https:\/\/blidor.ch\/en\/wp-json\/wp\/v2\/users\/4"}],"replies":[{"embeddable":true,"href":"https:\/\/blidor.ch\/en\/wp-json\/wp\/v2\/comments?post=15270"}],"version-history":[{"count":0,"href":"https:\/\/blidor.ch\/en\/wp-json\/wp\/v2\/pages\/15270\/revisions"}],"wp:attachment":[{"href":"https:\/\/blidor.ch\/en\/wp-json\/wp\/v2\/media?parent=15270"}],"curies":[{"name":"wp","href":"https:\/\/api.w.org\/{rel}","templated":true}]}}