{"id":1040,"date":"2020-10-16T09:06:14","date_gmt":"2020-10-16T07:06:14","guid":{"rendered":"http:\/\/blidor-webshop-staging.ch.merlin.ch-meta.net\/?page_id=1040"},"modified":"2025-12-19T08:58:39","modified_gmt":"2025-12-19T07:58:39","slug":"shipping","status":"publish","type":"page","link":"https:\/\/blidor.ch\/en\/versand\/","title":{"rendered":"Shipping &amp; Payment"},"content":{"rendered":"<div data-elementor-type=\"wp-page\" data-elementor-id=\"1040\" class=\"elementor elementor-1040\" data-elementor-post-type=\"page\">\n\t\t\t\t<div class=\"elementor-element elementor-element-6279c23 e-flex e-con-boxed e-con e-parent\" data-id=\"6279c23\" data-element_type=\"container\" data-e-type=\"container\">\n\t\t\t\t\t<div class=\"e-con-inner\">\n\t\t<div class=\"elementor-element elementor-element-7912022 e-con-full e-flex e-con e-child\" data-id=\"7912022\" data-element_type=\"container\" data-e-type=\"container\" data-settings=\"{&quot;background_background&quot;:&quot;classic&quot;}\">\n\t\t\t\t<div class=\"elementor-element elementor-element-10c658b elementor-widget elementor-widget-heading\" data-id=\"10c658b\" data-element_type=\"widget\" data-e-type=\"widget\" data-widget_type=\"heading.default\">\n\t\t\t\t<div class=\"elementor-widget-container\">\n\t\t\t\t\t<h1 class=\"elementor-heading-title elementor-size-xxl\">All information about shipping <\/h1>\t\t\t\t<\/div>\n\t\t\t\t<\/div>\n\t\t\t\t<div class=\"elementor-element elementor-element-c05100f elementor-widget elementor-widget-spacer\" data-id=\"c05100f\" data-element_type=\"widget\" data-e-type=\"widget\" data-widget_type=\"spacer.default\">\n\t\t\t\t<div class=\"elementor-widget-container\">\n\t\t\t\t\t\t\t<div class=\"elementor-spacer\">\n\t\t\t<div class=\"elementor-spacer-inner\"><\/div>\n\t\t<\/div>\n\t\t\t\t\t\t<\/div>\n\t\t\t\t<\/div>\n\t\t\t\t<div class=\"elementor-element elementor-element-aa24651 elementor-widget elementor-widget-text-editor\" data-id=\"aa24651\" data-element_type=\"widget\" data-e-type=\"widget\" data-widget_type=\"text-editor.default\">\n\t\t\t\t<div class=\"elementor-widget-container\">\n\t\t\t\t\t\t\t\t\t<p>However, if you have any further questions, please do not hesitate to contact us.<\/p>\t\t\t\t\t\t\t\t<\/div>\n\t\t\t\t<\/div>\n\t\t\t\t<div class=\"elementor-element elementor-element-9c771de elementor-widget elementor-widget-text-editor\" data-id=\"9c771de\" data-element_type=\"widget\" data-e-type=\"widget\" data-widget_type=\"text-editor.default\">\n\t\t\t\t<div class=\"elementor-widget-container\">\n\t\t\t\t\t\t\t\t\t<h2>Delivery and shipping costs<\/h2>\n<p>Delivery is made by post within one week of receipt of order. We deliver exclusively to Switzerland, Liechtenstein and Germany. You currently pay CHF 7.55 per order for packaging and shipping. Free shipping for orders over CHF 150.00. If the goods are damaged during transport, we will of course take them back.<\/p>\n<h2>Terms of payment<\/h2>\n<p>Die LabXcel GmbH liefert auf Rechnung (ohne Nachnahme) in der Schweiz und Liechtenstein. Die Zahlungsfrist betr\u00e4gt 30 Tage netto ab Rechnungsdatum. Weitere m\u00f6gliche Zahlungsmittel f\u00fcr die Schweiz, Liechtenstein und Deutschland sind VISA, Mastercard, TWINT und American Express.<\/p>\n<h2>Prices<\/h2>\n<p>The prices indicated are gross prices in Swiss francs and are inclusive of VAT. We reserve the right to make changes at any time. We are not liable for inadvertently incorrect price markings or product descriptions.<\/p>\t\t\t\t\t\t\t\t<\/div>\n\t\t\t\t<\/div>\n\t\t\t\t<\/div>\n\t\t\t\t\t<\/div>\n\t\t\t\t<\/div>\n\t\t\t\t<\/div>","protected":false},"excerpt":{"rendered":"<p>Alle Informationen rund um den Versand Sollten Sie dennoch weitere Fragen haben, z\u00f6gern Sie nicht uns zu kontaktieren. Lieferung und Versandkosten Die Lieferung erfolgt postalisch innerhalb einer Woche ab Bestelleingang. Wir liefern ausschliesslich in die Schweiz, nach Liechtenstein und Deutschland. Pro Bestellung bezahlen Sie aktuell einen Kostenanteil von CHF 7.55 f\u00fcr Verpackung und Versand. Kostenloser [&hellip;]<\/p>\n","protected":false},"author":0,"featured_media":0,"parent":0,"menu_order":0,"comment_status":"closed","ping_status":"closed","template":"elementor_header_footer","meta":{"footnotes":""},"class_list":["post-1040","page","type-page","status-publish","hentry"],"_links":{"self":[{"href":"https:\/\/blidor.ch\/en\/wp-json\/wp\/v2\/pages\/1040","targetHints":{"allow":["GET"]}}],"collection":[{"href":"https:\/\/blidor.ch\/en\/wp-json\/wp\/v2\/pages"}],"about":[{"href":"https:\/\/blidor.ch\/en\/wp-json\/wp\/v2\/types\/page"}],"replies":[{"embeddable":true,"href":"https:\/\/blidor.ch\/en\/wp-json\/wp\/v2\/comments?post=1040"}],"version-history":[{"count":3,"href":"https:\/\/blidor.ch\/en\/wp-json\/wp\/v2\/pages\/1040\/revisions"}],"predecessor-version":[{"id":21651,"href":"https:\/\/blidor.ch\/en\/wp-json\/wp\/v2\/pages\/1040\/revisions\/21651"}],"wp:attachment":[{"href":"https:\/\/blidor.ch\/en\/wp-json\/wp\/v2\/media?parent=1040"}],"curies":[{"name":"wp","href":"https:\/\/api.w.org\/{rel}","templated":true}]}}