{"id":1030,"date":"2020-10-16T08:59:07","date_gmt":"2020-10-16T06:59:07","guid":{"rendered":"http:\/\/blidor-webshop-staging.ch.merlin.ch-meta.net\/?page_id=1030"},"modified":"2025-12-19T08:39:39","modified_gmt":"2025-12-19T07:39:39","slug":"imprint","status":"publish","type":"page","link":"https:\/\/blidor.ch\/en\/impressum\/","title":{"rendered":"Imprint"},"content":{"rendered":"<div data-elementor-type=\"wp-page\" data-elementor-id=\"1030\" class=\"elementor elementor-1030\" data-elementor-post-type=\"page\">\n\t\t\t\t<div class=\"elementor-element elementor-element-866630d e-flex e-con-boxed e-con e-parent\" data-id=\"866630d\" data-element_type=\"container\" data-e-type=\"container\">\n\t\t\t\t\t<div class=\"e-con-inner\">\n\t\t<div class=\"elementor-element elementor-element-83a860e e-con-full e-flex e-con e-child\" data-id=\"83a860e\" data-element_type=\"container\" data-e-type=\"container\" data-settings=\"{&quot;background_background&quot;:&quot;classic&quot;}\">\n\t\t\t\t<div class=\"elementor-element elementor-element-cda19b0 elementor-widget elementor-widget-heading\" data-id=\"cda19b0\" data-element_type=\"widget\" data-e-type=\"widget\" data-widget_type=\"heading.default\">\n\t\t\t\t<div class=\"elementor-widget-container\">\n\t\t\t\t\t<h1 class=\"elementor-heading-title elementor-size-xxl\">Imprint of blidor.ch<\/h1>\t\t\t\t<\/div>\n\t\t\t\t<\/div>\n\t\t\t\t<\/div>\n\t\t\t\t\t<\/div>\n\t\t\t\t<\/div>\n\t\t<div class=\"elementor-element elementor-element-f26425e e-flex e-con-boxed e-con e-parent\" data-id=\"f26425e\" data-element_type=\"container\" data-e-type=\"container\">\n\t\t\t\t\t<div class=\"e-con-inner\">\n\t\t<div class=\"elementor-element elementor-element-46a608f e-con-full e-flex e-con e-child\" data-id=\"46a608f\" data-element_type=\"container\" data-e-type=\"container\" data-settings=\"{&quot;background_background&quot;:&quot;classic&quot;}\">\n\t\t\t\t<div class=\"elementor-element elementor-element-1c99275 elementor-widget elementor-widget-text-editor\" data-id=\"1c99275\" data-element_type=\"widget\" data-e-type=\"widget\" data-widget_type=\"text-editor.default\">\n\t\t\t\t<div class=\"elementor-widget-container\">\n\t\t\t\t\t\t\t\t\t<h2>Responsible for the content<\/h2>\n<p>LabXcel GmbH<br>Blegistrasse 23<br>6340 Baar<br>Switzerland<br>E-mail: <a href=\"mailto:mail@blidor.ch\">mail@blidor.ch<\/a><br>Tel.: +41 44 714 72 72<\/p>\n<h2>Commercial register entry<\/h2>\n<p>Eingetragener Firmenname: LabXcel GmbH<br>UID: CHE-282.222.714<br>MwSt.-Nr.: CHE-282.222.714 MwSt.<\/p>\n<h2>Web design and programming<\/h2>\n<p>CHE-282.222.714<\/p>\n<h2>Disclaimer<\/h2>\n<p><span style=\"font-size: 1rem;\">LabXcel GmbH<\/span>&nbsp;\u00fcbernimmt keinerlei Gew\u00e4hr hinsichtlich der inhaltlichen Richtigkeit, Genauigkeit, Aktualit\u00e4t, Zuverl\u00e4ssigkeit und Vollst\u00e4ndigkeit der Informationen.<\/p>\n<p>Haftungsanspr\u00fcche gegen LabXcel GmbH&nbsp;wegen Sch\u00e4den materieller oder immaterieller Art, welche aus dem Zugriff oder der Nutzung bzw. Nichtnutzung der ver\u00f6ffentlichten Informationen, durch Missbrauch der Verbindung oder durch technische St\u00f6rungen entstanden sind, werden ausgeschlossen.<\/p>\n<p>Alle Angebote sind unverbindlich. LabXcel GmbH&nbsp;beh\u00e4lt es sich ausdr\u00fccklich vor, Teile der Seiten oder das gesamte Angebot ohne gesonderte Ank\u00fcndigung zu ver\u00e4ndern, zu erg\u00e4nzen, zu l\u00f6schen oder die Ver\u00f6ffentlichung zeitweise oder endg\u00fcltig einzustellen.<\/p>\n<h2>Liability for links<\/h2>\n<p>Verweise und Links auf Webseiten Dritter liegen ausserhalb des Verantwortungsbereichs von LabXcel GmbH. Es wird jegliche Verantwortung f\u00fcr solche Webseiten abgelehnt. Der Zugriff und die Nutzung solcher Webseiten erfolgen auf eigene Gefahr des Nutzers oder der Nutzerin.<br>Copyright<\/p>\n<p>Die Urheber- und alle anderen Rechte an Inhalten, Bildern, Fotos oder anderen Dateien auf der Website geh\u00f6ren ausschliesslich der Firma LabXcel GmbH oder den speziell genannten Rechtsinhabern. F\u00fcr die Reproduktion jeglicher Elemente ist die schriftliche Zustimmung der Urheberrechtstr\u00e4ger im Voraus einzuholen.<\/p>\n<h2>Quality guarantee<\/h2>\n<p><span style=\"font-size: 1rem;\">LabXcel GmbH<\/span>&nbsp;ist nach ISO 9001:2015 zertifiziert. Die Herstellung der Produkte erfolgt nach den GMP-Vorgaben. Die Qualit\u00e4t der Produkte wird st\u00e4ndig \u00fcberpr\u00fcft. Sollten Sie trotzdem einmal mit einem Produkte unzufrieden sein, wenden Sie sich bitte an unseren Kundendienst.<\/p>\t\t\t\t\t\t\t\t<\/div>\n\t\t\t\t<\/div>\n\t\t\t\t<\/div>\n\t\t\t\t\t<\/div>\n\t\t\t\t<\/div>\n\t\t\t\t<\/div>","protected":false},"excerpt":{"rendered":"<p>Impressum von blidor.ch Verantwortlich f\u00fcr den Inhalt LabXcel GmbHBlegistrasse 236340 BaarSchweizE-Mail: mail@blidor.chTel.: +41 44 714 72 72 Handelsregistereintrag Eingetragener Firmenname: LabXcel GmbHUID: CHE-282.222.714MwSt.-Nr.: CHE-282.222.714 MwSt. Webdesign und Programmierung CHE-282.222.714 Haftungsausschluss LabXcel GmbH&nbsp;\u00fcbernimmt keinerlei Gew\u00e4hr hinsichtlich der inhaltlichen Richtigkeit, Genauigkeit, Aktualit\u00e4t, Zuverl\u00e4ssigkeit und Vollst\u00e4ndigkeit der Informationen. Haftungsanspr\u00fcche gegen LabXcel GmbH&nbsp;wegen Sch\u00e4den materieller oder immaterieller Art, welche [&hellip;]<\/p>\n","protected":false},"author":0,"featured_media":0,"parent":0,"menu_order":0,"comment_status":"closed","ping_status":"open","template":"elementor_header_footer","meta":{"footnotes":""},"class_list":["post-1030","page","type-page","status-publish","hentry"],"_links":{"self":[{"href":"https:\/\/blidor.ch\/en\/wp-json\/wp\/v2\/pages\/1030","targetHints":{"allow":["GET"]}}],"collection":[{"href":"https:\/\/blidor.ch\/en\/wp-json\/wp\/v2\/pages"}],"about":[{"href":"https:\/\/blidor.ch\/en\/wp-json\/wp\/v2\/types\/page"}],"replies":[{"embeddable":true,"href":"https:\/\/blidor.ch\/en\/wp-json\/wp\/v2\/comments?post=1030"}],"version-history":[{"count":3,"href":"https:\/\/blidor.ch\/en\/wp-json\/wp\/v2\/pages\/1030\/revisions"}],"predecessor-version":[{"id":21640,"href":"https:\/\/blidor.ch\/en\/wp-json\/wp\/v2\/pages\/1030\/revisions\/21640"}],"wp:attachment":[{"href":"https:\/\/blidor.ch\/en\/wp-json\/wp\/v2\/media?parent=1030"}],"curies":[{"name":"wp","href":"https:\/\/api.w.org\/{rel}","templated":true}]}}