{"id":1025,"date":"2020-10-16T08:56:44","date_gmt":"2020-10-16T06:56:44","guid":{"rendered":"http:\/\/blidor-webshop-staging.ch.merlin.ch-meta.net\/?page_id=1025"},"modified":"2025-12-19T08:37:10","modified_gmt":"2025-12-19T07:37:10","slug":"agb","status":"publish","type":"page","link":"https:\/\/blidor.ch\/en\/agb\/","title":{"rendered":"General terms and conditions"},"content":{"rendered":"<div data-elementor-type=\"wp-page\" data-elementor-id=\"1025\" class=\"elementor elementor-1025\" data-elementor-post-type=\"page\">\n\t\t\t\t<div class=\"elementor-element elementor-element-740bac0 e-flex e-con-boxed e-con e-parent\" data-id=\"740bac0\" data-element_type=\"container\" data-e-type=\"container\">\n\t\t\t\t\t<div class=\"e-con-inner\">\n\t\t<div class=\"elementor-element elementor-element-48e3eac e-con-full e-flex e-con e-child\" data-id=\"48e3eac\" data-element_type=\"container\" data-e-type=\"container\" data-settings=\"{&quot;background_background&quot;:&quot;classic&quot;}\">\n\t\t\t\t<div class=\"elementor-element elementor-element-e12a3c2 elementor-widget elementor-widget-heading\" data-id=\"e12a3c2\" data-element_type=\"widget\" data-e-type=\"widget\" data-widget_type=\"heading.default\">\n\t\t\t\t<div class=\"elementor-widget-container\">\n\t\t\t\t\t<h1 class=\"elementor-heading-title elementor-size-xxl\">General terms and conditions<\/h1>\t\t\t\t<\/div>\n\t\t\t\t<\/div>\n\t\t\t\t<div class=\"elementor-element elementor-element-b28ae5d elementor-widget elementor-widget-spacer\" data-id=\"b28ae5d\" data-element_type=\"widget\" data-e-type=\"widget\" data-widget_type=\"spacer.default\">\n\t\t\t\t<div class=\"elementor-widget-container\">\n\t\t\t\t\t\t\t<div class=\"elementor-spacer\">\n\t\t\t<div class=\"elementor-spacer-inner\"><\/div>\n\t\t<\/div>\n\t\t\t\t\t\t<\/div>\n\t\t\t\t<\/div>\n\t\t\t\t<div class=\"elementor-element elementor-element-ffd9355 elementor-widget__width-initial elementor-widget elementor-widget-text-editor\" data-id=\"ffd9355\" data-element_type=\"widget\" data-e-type=\"widget\" data-widget_type=\"text-editor.default\">\n\t\t\t\t<div class=\"elementor-widget-container\">\n\t\t\t\t\t\t\t\t\t<h2>1. delivery and shipping costs within Switzerland<\/h2>\n<p>Delivery is by post within one week of receipt of order. We deliver exclusively to addresses in Switzerland, Liechtenstein and Germany. You currently pay CHF 7.55 per order for packaging and shipping. This amount is waived for online orders of CHF 150 or more. You will not incur any further costs beyond this. Defective goods will be taken back.<\/p>\n<h2>1.1 Payments<\/h2>\n<p>Die LabXcel GmbH liefert auf Rechnung (ohne Nachnahme) in der Schweiz und Liechtenstein. Die Zahlungsfrist betr\u00e4gt 30 Tage netto ab Rechnungsdatum. Weitere m\u00f6gliche Zahlungsmittel f\u00fcr die Schweiz, Liechtenstein und Deutschland sind VISA, Mastercard, TWINT und American Express.<\/p>\n<h2>1.2 Prices<\/h2>\n<p>The prices indicated are gross prices in Swiss francs including VAT. We reserve the right to make changes at any time. We are not liable for inadvertently incorrect price markings or product descriptions.<\/p>\n<h2>1.3 Right of return<\/h2>\n<p>Die LabXcel GmbH garantiert Ihnen ein 14-t\u00e4giges R\u00fcckgaberecht nach Erhalt der Ware. Dies gilt f\u00fcr alle Artikel, die unbesch\u00e4digt und unge\u00f6ffnet in der Originalverpackung sind. Senden Sie Retouren zusammen mit der Rechnung an: LabXcel GmbH, Kundendienst, Blegistrasse 23, 6340 Baar. Die Portokosten gehen zu Ihren Lasten. Jede weitere Haftung wird ausgeschlossen.<\/p>\n<h2>2. left<\/h2>\n<p>Wir verweisen auf unseren Seiten mit Links zu anderen Seiten im Internet. F\u00fcr alle diese Links gilt: LabXcel GmbH erkl\u00e4rt ausdr\u00fccklich, dass sie keinerlei Einfluss auf die Gestaltung und die Inhalte der verlinkten Seiten hat. Wir distanzieren uns hiermit ausdr\u00fccklich von allen Inhalten verlinkter Seiten Dritter auf www.blidor.ch und machen uns diese Inhalte nicht zu eigen. Diese Erkl\u00e4rung gilt f\u00fcr alle angezeigten Links und Inhalte der Seiten, zu denen Links f\u00fchren.<\/p>\n<h2>3. image and text rights<\/h2>\n<p>Alle Bild- und Textrechte liegen bei der LabXcel GmbH oder ihren Partnern. Eine Verwendung ohne ausdr\u00fcckliche Zustimmung ist nicht gestattet.<\/p>\n<h2>4. quality guarantee<\/h2>\n<p>Die LabXcel GmbH ist nach DIN EN ISO 13485:2012 und DIN EN ISO 9001:2015 zertifiziert. Die Herstellung der Produkte erfolgt nach den GMP-Vorgaben. Die Qualit\u00e4t der Produkte unterliegt einer kontinuierlichen \u00dcberpr\u00fcfung. Sollten Sie trotzdem einmal mit einem unserer Produkte unzufrieden sein, wenden Sie sich bitte an unseren Kundendienst (<a href=\"mailto:kundendienst@blidor.ch\">kundendienst@blidor.ch<\/a>).<\/p>\n<h2>5. registered office and postal address<\/h2>\n<p>LabXcel GmbH<br>Blegistrasse 23<br>CH-6340 Baar<\/p>\n<p>+41 44 714 72 72<br><a href=\"mailto:kundendienst@blidor.ch\">kundendienst@blidor.ch<\/a><\/p>\n<h2>6. our payment methods<\/h2>\n<p>Orders in the Blidor webshop can be paid by invoice with a payment term of 30 days. <span style=\"letter-spacing: 0.3px; background-color: transparent;\">Other possible means of payment are VISA, Mastercard, TWINT and American Express.<\/span><\/p>\n<h2>7. deliveries outside Switzerland<\/h2>\n<p>Deliveries of our products outside Switzerland are made exclusively by prepayment.<\/p>\n<h2>8 Jurisdiction and choice of law<\/h2>\n<p>Der Gerichtsstand f\u00fcr s\u00e4mtliche Belangen ist Zug, ZG.&nbsp;Im Falle eines Konsumenten besteht die Wahlm\u00f6glichkeit zwischen dem Gericht des Wohnsitzes oder das Gericht der LabXcel GmbH.&nbsp;Diese Allgemeinen Gesch\u00e4ftsbedingungen sowie s\u00e4mtliche Lieferungen unterstehen vollumf\u00e4nglich dem schweizerischen materiellen Recht.<\/p>\t\t\t\t\t\t\t\t<\/div>\n\t\t\t\t<\/div>\n\t\t\t\t<\/div>\n\t\t\t\t\t<\/div>\n\t\t\t\t<\/div>\n\t\t\t\t<\/div>","protected":false},"excerpt":{"rendered":"<p>Allgemeine Gesch\u00e4ftsbedingungen 1. Lieferung und Versandkosten innerhalb der Schweiz Die Lieferung erfolgt per Post innerhalb einer Woche ab Bestelleingang. Wir liefern ausschliesslich an Adressen in der Schweiz, Liechtenstein und Deutschland. Sie bezahlen aktuell einen Kostenanteil von CHF 7.55 pro Bestellung f\u00fcr Verpackung und Versand. Dieser Betrag entf\u00e4llt bei einer Online-Bestellung ab CHF 150.\u2013. Dar\u00fcber hinaus [&hellip;]<\/p>\n","protected":false},"author":0,"featured_media":0,"parent":0,"menu_order":0,"comment_status":"closed","ping_status":"closed","template":"elementor_header_footer","meta":{"footnotes":""},"class_list":["post-1025","page","type-page","status-publish","hentry"],"_links":{"self":[{"href":"https:\/\/blidor.ch\/en\/wp-json\/wp\/v2\/pages\/1025","targetHints":{"allow":["GET"]}}],"collection":[{"href":"https:\/\/blidor.ch\/en\/wp-json\/wp\/v2\/pages"}],"about":[{"href":"https:\/\/blidor.ch\/en\/wp-json\/wp\/v2\/types\/page"}],"replies":[{"embeddable":true,"href":"https:\/\/blidor.ch\/en\/wp-json\/wp\/v2\/comments?post=1025"}],"version-history":[{"count":3,"href":"https:\/\/blidor.ch\/en\/wp-json\/wp\/v2\/pages\/1025\/revisions"}],"predecessor-version":[{"id":21637,"href":"https:\/\/blidor.ch\/en\/wp-json\/wp\/v2\/pages\/1025\/revisions\/21637"}],"wp:attachment":[{"href":"https:\/\/blidor.ch\/en\/wp-json\/wp\/v2\/media?parent=1025"}],"curies":[{"name":"wp","href":"https:\/\/api.w.org\/{rel}","templated":true}]}}